{"id":14461,"date":"2024-02-22T07:58:08","date_gmt":"2024-02-22T04:58:08","guid":{"rendered":"https:\/\/studios.redellion.com\/tr\/?page_id=14461"},"modified":"2024-11-04T19:34:16","modified_gmt":"2024-11-04T16:34:16","slug":"oyun-grafik-tasarimi","status":"publish","type":"page","link":"https:\/\/zerohint.com\/tr\/hizmetlerimiz\/oyun-grafik-tasarimi\/","title":{"rendered":"Oyun Grafik Tasar\u0131m\u0131"},"content":{"rendered":"\n<h2 class=\"wp-block-heading\">Oyun Grafik Tasar\u0131m\u0131<\/h2>\n\n\n\n<figure class=\"wp-block-image size-large\"><img loading=\"lazy\" decoding=\"async\" width=\"1024\" height=\"576\" src=\"https:\/\/studios.redellion.com\/tr\/wp-content\/uploads\/sites\/6\/2018\/06\/beaverRender-1024x576.jpg\" alt=\"\" class=\"wp-image-19012\" srcset=\"https:\/\/zerohint.com\/tr\/wp-content\/uploads\/sites\/6\/2018\/06\/beaverRender-1024x576.jpg 1024w, https:\/\/zerohint.com\/tr\/wp-content\/uploads\/sites\/6\/2018\/06\/beaverRender-300x169.jpg 300w, https:\/\/zerohint.com\/tr\/wp-content\/uploads\/sites\/6\/2018\/06\/beaverRender-768x432.jpg 768w, https:\/\/zerohint.com\/tr\/wp-content\/uploads\/sites\/6\/2018\/06\/beaverRender-1536x864.jpg 1536w, https:\/\/zerohint.com\/tr\/wp-content\/uploads\/sites\/6\/2018\/06\/beaverRender-750x422.jpg 750w, https:\/\/zerohint.com\/tr\/wp-content\/uploads\/sites\/6\/2018\/06\/beaverRender-540x304.jpg 540w, https:\/\/zerohint.com\/tr\/wp-content\/uploads\/sites\/6\/2018\/06\/beaverRender.jpg 1920w\" sizes=\"auto, (max-width: 1024px) 100vw, 1024px\" \/><\/figure>\n\n\n\n<p>ZeroHint&#8217;da, yarat\u0131c\u0131 vizyonlar\u0131n\u0131z\u0131 hayata ge\u00e7irmek i\u00e7in birinci s\u0131n\u0131f oyun sanat\u0131 d\u0131\u015f kaynak hizmetleri sunuyoruz. Yetenekli sanat\u00e7\u0131 ekibimiz, oyun deneyimini y\u00fckselten etkileyici g\u00f6rseller yaratmada uzmanla\u015fm\u0131\u015ft\u0131r. Konsept sanat\u0131ndan nihai varl\u0131klara kadar, \u00f6zel ihtiya\u00e7lar\u0131n\u0131za uygun ve beklentilerinizi a\u015fan y\u00fcksek kaliteli oyun sanat\u0131 sunuyoruz.<\/p>\n\n\n\n<h3 class=\"wp-block-heading\"><strong>Neden Oyun Sanat\u0131 D\u0131\u015f Kaynak Kullan\u0131m\u0131?<\/strong><\/h3>\n\n\n\n<p>Oyun sanat\u0131n\u0131z\u0131 d\u0131\u015f kaynak kullanarak sa\u011flamak, i\u00e7erde bulunmayan uzmanl\u0131k ve sanatsal becerileri kullanman\u0131z\u0131 sa\u011flar. Ayr\u0131ca, geli\u015ftirme s\u00fcrecinizi h\u0131zland\u0131r\u0131r, maliyetleri azalt\u0131r ve oyununuzun g\u00f6rsellerinin \u00fcst d\u00fczey olmas\u0131n\u0131 sa\u011flayarak izleyicilerinizi ilk bak\u0131\u015fta etkiler.<\/p>\n\n\n\n<p><strong>Oyun Sanat\u0131ndaki Uzmanl\u0131\u011f\u0131m\u0131z<\/strong><\/p>\n\n\n\n<p>ZeroHint ekibimiz, oyun sanat\u0131n\u0131n \u00e7e\u015fitli y\u00f6nlerinde m\u00fckemmel bir \u015fekilde hizmet verir ve projenizin gereksinimlerine g\u00f6re kapsaml\u0131 bir hizmet yelpazesi sunar. Sanat varl\u0131klar\u0131m\u0131z\u0131n hem g\u00f6rsel olarak etkileyici hem de performans a\u00e7\u0131s\u0131ndan optimize edilmi\u015f olmas\u0131n\u0131 sa\u011flamak i\u00e7in en son ara\u00e7lar\u0131 ve teknikleri kullan\u0131yoruz.<\/p>\n\n\n\n<h3 class=\"wp-block-heading\"><strong>Sundu\u011fumuz Anahtar Oyun Sanat\u0131 Hizmetleri:<\/strong><\/h3>\n\n\n\n<ul class=\"wp-block-list\">\n<li><strong>Konsept Sanat\u0131:<\/strong> Sanat\u00e7\u0131lar\u0131m\u0131z, oyununuzun g\u00f6rsel tarz\u0131n\u0131 belirleyen detayl\u0131 ve hayal g\u00fcc\u00fcne dayal\u0131 konsept sanatlar\u0131n\u0131 hayata ge\u00e7irebilir.<\/li>\n\n\n\n<li><strong>Karakter Tasar\u0131m\u0131:<\/strong> Oyuncularla etkile\u015fimde bulunan ve oyununuzun evrenine m\u00fckemmel uyum sa\u011flayan unutulmaz ve benzersiz karakterler yarat\u0131yoruz.<\/li>\n\n\n\n<li><strong>\u00c7evre Sanat\u0131:<\/strong> Ye\u015fil manzaralardan karma\u015f\u0131k i\u00e7 mekanlara kadar, oyuncular\u0131 oyun d\u00fcnyan\u0131za tamamen dald\u0131ran \u00e7evreler tasarl\u0131yoruz.<\/li>\n\n\n\n<li><strong>2D ve 3D Varl\u0131k Olu\u015fumu:<\/strong> Modeller, dokular ve animasyonlar dahil olmak \u00fczere y\u00fcksek kaliteli 2D ve 3D varl\u0131klar \u00fcretiyoruz, bunlar\u0131n oyununuza entegre edilmesi i\u00e7in haz\u0131r olmalar\u0131n\u0131 sa\u011fl\u0131yoruz.<\/li>\n\n\n\n<li><strong>UI\/UX Tasar\u0131m\u0131:<\/strong> Kullan\u0131c\u0131 deneyimini art\u0131ran sezgisel ve estetik a\u00e7\u0131dan ho\u015f kullan\u0131c\u0131 aray\u00fczleri tasarl\u0131yoruz.<\/li>\n<\/ul>\n\n\n\n<h3 class=\"wp-block-heading\">Kulland\u0131\u011f\u0131m\u0131z Ara\u00e7lar<\/h3>\n\n\n\n<div class=\"wp-block-columns is-layout-flex wp-container-core-columns-is-layout-1 wp-block-columns-is-layout-flex\">\n<div class=\"wp-block-column is-layout-flow wp-block-column-is-layout-flow\">\n<ul class=\"wp-block-list\">\n<li>Maya<\/li>\n\n\n\n<li>3DS Max<\/li>\n\n\n\n<li>Blender<\/li>\n\n\n\n<li>ZBrush<\/li>\n<\/ul>\n<\/div>\n\n\n\n<div class=\"wp-block-column is-layout-flow wp-block-column-is-layout-flow\">\n<ul class=\"wp-block-list\">\n<li>Substance Designer<\/li>\n\n\n\n<li>Adobe Photoshop<\/li>\n\n\n\n<li>Adobe Illustrator<\/li>\n<\/ul>\n<\/div>\n\n\n\n<div class=\"wp-block-column is-layout-flow wp-block-column-is-layout-flow\">\n<ul class=\"wp-block-list\">\n<li>Corona<\/li>\n\n\n\n<li>Unity<\/li>\n\n\n\n<li>Unreal Engine<\/li>\n<\/ul>\n<\/div>\n<\/div>\n\n\n\n<h3 class=\"wp-block-heading\"><strong>ZeroHint ile \u00c7al\u0131\u015fman\u0131n Avantajlar\u0131<\/strong><\/h3>\n\n\n\n<ul class=\"wp-block-list\">\n<li><strong>Yetenekli Sanat\u00e7\u0131lar:<\/strong> Ekibimiz, oyun sanat\u0131na tutkuyla ba\u011fl\u0131, y\u00fcksek beceri ve deneyime sahip sanat\u00e7\u0131lardan olu\u015fur.<\/li>\n\n\n\n<li><strong>\u00d6zel \u00c7\u00f6z\u00fcmler:<\/strong> Proje hedeflerinize ve sanatsal vizyonunuza uygun \u00f6zelle\u015ftirilmi\u015f sanat \u00e7\u00f6z\u00fcmleri sunuyoruz.<\/li>\n\n\n\n<li><strong>Kalite G\u00fcvencesi:<\/strong> \u00dcretti\u011fimiz her sanat par\u00e7as\u0131n\u0131n en y\u00fcksek kalite ve performans standartlar\u0131na uygun olmas\u0131n\u0131 sa\u011fl\u0131yoruz.<\/li>\n\n\n\n<li><strong>Zaman\u0131nda Teslim:<\/strong> Teslim tarihlerinin \u00f6nemini anl\u0131yoruz ve sanat varl\u0131klar\u0131n\u0131z\u0131 zaman\u0131nda teslim etmeye kararl\u0131y\u0131z.<\/li>\n<\/ul>\n\n\n\n<h4 class=\"wp-block-heading\">Beraber \u00c7al\u0131\u015fal\u0131m<\/h4>\n\n\n\n<p>E\u011fer ola\u011fan\u00fcst\u00fc oyun sanat\u0131 d\u0131\u015f kaynak hizmetleri ar\u0131yorsan\u0131z, ZeroHint size yard\u0131mc\u0131 olmaktan memnuniyet duyar. Uzmanl\u0131\u011f\u0131m\u0131z ve kaliteye olan ba\u011fl\u0131l\u0131\u011f\u0131m\u0131z, oyun geli\u015ftirme ihtiya\u00e7lar\u0131n\u0131z i\u00e7in ideal i\u015f orta\u011f\u0131 olmam\u0131z\u0131 sa\u011flar. G\u00f6rsel olarak etkileyici ve \u00e7ekici oyunlar yaratmak i\u00e7in birlikte \u00e7al\u0131\u015fal\u0131m.<\/p>\n\n\n\n<p><strong>\u0130leti\u015fime Ge\u00e7in:<\/strong><\/p>\n\n\n\n<p>Oyun sanat\u0131 ihtiya\u00e7lar\u0131n\u0131z\u0131 konu\u015fmak veya daha fazla bilgi almak i\u00e7in bizimle ileti\u015fime ge\u00e7in. Yarat\u0131c\u0131 vizyonunuzu hayata ge\u00e7irmek i\u00e7in sizinle i\u015fbirli\u011fi yapmay\u0131 d\u00f6rt g\u00f6zle bekliyoruz.<\/p>\n","protected":false},"excerpt":{"rendered":"<p>Oyun Grafik Tasar\u0131m\u0131 ZeroHint&#8217;da, yarat\u0131c\u0131 vizyonlar\u0131n\u0131z\u0131 hayata ge\u00e7irmek i\u00e7in birinci s\u0131n\u0131f oyun sanat\u0131 d\u0131\u015f kaynak hizmetleri sunuyoruz. Yetenekli sanat\u00e7\u0131 ekibimiz, oyun deneyimini y\u00fckselten etkileyici g\u00f6rseller yaratmada uzmanla\u015fm\u0131\u015ft\u0131r. Konsept sanat\u0131ndan nihai varl\u0131klara kadar, \u00f6zel ihtiya\u00e7lar\u0131n\u0131za uygun ve beklentilerinizi a\u015fan y\u00fcksek kaliteli oyun sanat\u0131 sunuyoruz. Neden Oyun Sanat\u0131 D\u0131\u015f Kaynak Kullan\u0131m\u0131? Oyun sanat\u0131n\u0131z\u0131 d\u0131\u015f kaynak kullanarak sa\u011flamak, [&hellip;]<\/p>\n","protected":false},"author":1,"featured_media":19012,"parent":19030,"menu_order":0,"comment_status":"closed","ping_status":"closed","template":"","meta":{"inline_featured_image":false,"_monsterinsights_skip_tracking":false,"_monsterinsights_sitenote_active":false,"_monsterinsights_sitenote_note":"","_monsterinsights_sitenote_category":0,"footnotes":""},"class_list":["post-14461","page","type-page","status-publish","has-post-thumbnail","hentry"],"_links":{"self":[{"href":"https:\/\/zerohint.com\/tr\/wp-json\/wp\/v2\/pages\/14461","targetHints":{"allow":["GET"]}}],"collection":[{"href":"https:\/\/zerohint.com\/tr\/wp-json\/wp\/v2\/pages"}],"about":[{"href":"https:\/\/zerohint.com\/tr\/wp-json\/wp\/v2\/types\/page"}],"author":[{"embeddable":true,"href":"https:\/\/zerohint.com\/tr\/wp-json\/wp\/v2\/users\/1"}],"replies":[{"embeddable":true,"href":"https:\/\/zerohint.com\/tr\/wp-json\/wp\/v2\/comments?post=14461"}],"version-history":[{"count":1,"href":"https:\/\/zerohint.com\/tr\/wp-json\/wp\/v2\/pages\/14461\/revisions"}],"predecessor-version":[{"id":19387,"href":"https:\/\/zerohint.com\/tr\/wp-json\/wp\/v2\/pages\/14461\/revisions\/19387"}],"up":[{"embeddable":true,"href":"https:\/\/zerohint.com\/tr\/wp-json\/wp\/v2\/pages\/19030"}],"wp:featuredmedia":[{"embeddable":true,"href":"https:\/\/zerohint.com\/tr\/wp-json\/wp\/v2\/media\/19012"}],"wp:attachment":[{"href":"https:\/\/zerohint.com\/tr\/wp-json\/wp\/v2\/media?parent=14461"}],"curies":[{"name":"wp","href":"https:\/\/api.w.org\/{rel}","templated":true}]}}