{"id":14477,"date":"2024-02-22T08:15:16","date_gmt":"2024-02-22T05:15:16","guid":{"rendered":"https:\/\/studios.redellion.com\/tr\/?page_id=14477"},"modified":"2024-11-04T19:33:14","modified_gmt":"2024-11-04T16:33:14","slug":"egitim-simulasyon-ve-uygulamalari","status":"publish","type":"page","link":"https:\/\/zerohint.com\/tr\/hizmetlerimiz\/egitim-simulasyon-ve-uygulamalari\/","title":{"rendered":"E\u011fitim Sim\u00fclasyon ve Uygulamalar\u0131"},"content":{"rendered":"\n<h1 class=\"wp-block-heading\">E\u011fitim Sim\u00fclasyon ve Uygulamalar\u0131<\/h1>\n\n\n\n<figure class=\"wp-block-image size-large\"><img loading=\"lazy\" decoding=\"async\" width=\"1024\" height=\"576\" src=\"https:\/\/studios.redellion.com\/tr\/wp-content\/uploads\/sites\/6\/2018\/06\/Biology-education-1024x576.jpg\" alt=\"\" class=\"wp-image-19014\" srcset=\"https:\/\/zerohint.com\/tr\/wp-content\/uploads\/sites\/6\/2018\/06\/Biology-education-1024x576.jpg 1024w, https:\/\/zerohint.com\/tr\/wp-content\/uploads\/sites\/6\/2018\/06\/Biology-education-300x169.jpg 300w, https:\/\/zerohint.com\/tr\/wp-content\/uploads\/sites\/6\/2018\/06\/Biology-education-768x432.jpg 768w, https:\/\/zerohint.com\/tr\/wp-content\/uploads\/sites\/6\/2018\/06\/Biology-education-1536x864.jpg 1536w, https:\/\/zerohint.com\/tr\/wp-content\/uploads\/sites\/6\/2018\/06\/Biology-education-2048x1152.jpg 2048w, https:\/\/zerohint.com\/tr\/wp-content\/uploads\/sites\/6\/2018\/06\/Biology-education-750x422.jpg 750w, https:\/\/zerohint.com\/tr\/wp-content\/uploads\/sites\/6\/2018\/06\/Biology-education-540x304.jpg 540w\" sizes=\"auto, (max-width: 1024px) 100vw, 1024px\" \/><\/figure>\n\n\n\n<h3 class=\"wp-block-heading\">ZeroHint&#8217;da E\u011fitim Sim\u00fclasyonlar\u0131 ve Uygulamalar\u0131<\/h3>\n\n\n\n<p>ZeroHint olarak, teknolojiyi etkileyici i\u00e7eriklerle birle\u015ftiren e\u011fitim sim\u00fclasyonlar\u0131 ve uygulamalar\u0131 geli\u015ftirme konusunda uzman\u0131z. Projelerimiz, geni\u015f bir e\u011fitim yelpazesine hitap eden, etkile\u015fimli ve s\u00fcr\u00fckleyici \u00f6\u011frenme deneyimleri sunmak \u00fczere tasarlanm\u0131\u015ft\u0131r. Akademik i\u015f birlikleri ve Avrupa Birli\u011fi fonlar\u0131yla desteklenen projelerimiz, y\u00fcksek kaliteli e\u011fitim ara\u00e7lar\u0131 olu\u015fturma yetene\u011fimizi g\u00f6zler \u00f6n\u00fcne seriyor.<\/p>\n\n\n\n<p><strong>E\u011fitim Sim\u00fclasyonlar\u0131 Portf\u00f6y\u00fc: Gen \u0130fadesi Projesi<\/strong><\/p>\n\n\n\n<p>Gen \u0130fadesi Projesi, e\u011fitim sim\u00fclasyonlar\u0131 konusundaki uzmanl\u0131\u011f\u0131m\u0131z\u0131n \u00f6nemli bir \u00f6rne\u011fidir. Orta Do\u011fu Teknik \u00dcniversitesi (ODT\u00dc) ile i\u015f birli\u011fi i\u00e7inde geli\u015ftirilen ve COST (Avrupa Bilim ve Teknoloji \u0130\u015fbirli\u011fi) taraf\u0131ndan finanse edilen bu proje, gen ifadesinin karma\u015f\u0131k s\u00fcrecine odaklanmaktad\u0131r. \u00d6\u011frenciler ve e\u011fitimciler i\u00e7in etkile\u015fimli bir \u00f6\u011frenme platformu sunarak, karma\u015f\u0131k biyolojik s\u00fcre\u00e7leri etkileyici bir \u015fekilde ke\u015ffetmelerine olanak tan\u0131r.<\/p>\n\n\n\n<figure class=\"wp-block-embed is-type-video is-provider-youtube wp-block-embed-youtube wp-embed-aspect-16-9 wp-has-aspect-ratio\"><div class=\"wp-block-embed__wrapper\">\n<iframe loading=\"lazy\" title=\"Gene Expression Simulation - Redellion Studios\" width=\"1170\" height=\"658\" src=\"https:\/\/www.youtube.com\/embed\/8LOkhlQLq-g?feature=oembed\" frameborder=\"0\" allow=\"accelerometer; autoplay; clipboard-write; encrypted-media; gyroscope; picture-in-picture; web-share\" referrerpolicy=\"strict-origin-when-cross-origin\" allowfullscreen><\/iframe>\n<\/div><\/figure>\n\n\n\n<p><strong>Proje \u00d6zellikleri:<\/strong><\/p>\n\n\n\n<ul class=\"wp-block-list\">\n<li><strong>Etkile\u015fimli \u00d6\u011frenme:<\/strong> Sim\u00fclasyonumuz, gen ifadesinin detaylar\u0131na inmek i\u00e7in \u00f6\u011frencilere ve e\u011fitimcilere etkile\u015fimli bir platform sunar, karma\u015f\u0131k kavramlar\u0131 daha eri\u015filebilir hale getirir.<\/li>\n\n\n\n<li><strong>Sesli A\u00e7\u0131klama:<\/strong> Anlay\u0131\u015f\u0131 art\u0131rmak i\u00e7in, gen ifadesi s\u00fcrecinin her ad\u0131m\u0131n\u0131 a\u00e7\u0131k\u00e7a a\u00e7\u0131klayan detayl\u0131 bir sesli anlat\u0131m ekledik.<\/li>\n\n\n\n<li><strong>\u00c7apraz Platform Eri\u015filebilirli\u011fi:<\/strong> Sim\u00fclasyon, \u00e7e\u015fitli platformlarda, web taray\u0131c\u0131lar\u0131 da dahil olmak \u00fczere eri\u015filebilir, b\u00f6ylece geni\u015f bir kitleye ula\u015fabilir.<\/li>\n<\/ul>\n\n\n\n<p><strong>Yeteneklerimiz:<\/strong><\/p>\n\n\n\n<p>Gen \u0130fadesi Projesi&#8217;nin yan\u0131 s\u0131ra, \u00e7e\u015fitli e\u011fitim ara\u00e7lar\u0131 geli\u015ftiriyoruz:<\/p>\n\n\n\n<ul class=\"wp-block-list\">\n<li><strong>Sanal Ger\u00e7eklik (VR) ve Art\u0131r\u0131lm\u0131\u015f Ger\u00e7eklik (AR) Uygulamalar\u0131:<\/strong> Sanal ortamda uygulamal\u0131 \u00f6\u011frenme deneyimleri sunarak \u00f6\u011frenmeyi daha s\u00fcr\u00fckleyici ve etkile\u015fimli hale getiririz.<\/li>\n\n\n\n<li><strong>\u00d6zel E\u011fitim Sim\u00fclasyonlar\u0131:<\/strong> Akademik kurumlar veya kurumsal e\u011fitim programlar\u0131 i\u00e7in belirli e\u011fitim ihtiya\u00e7lar\u0131n\u0131 kar\u015f\u0131lamak \u00fczere tasarlanm\u0131\u015f sim\u00fclasyonlar.<\/li>\n<\/ul>\n\n\n\n<p><strong>Neden ZeroHint?<\/strong><\/p>\n\n\n\n<ul class=\"wp-block-list\">\n<li><strong>\u0130\u015fbirlik\u00e7i Uzmanl\u0131k:<\/strong> ODT\u00dc gibi prestijli kurumlarla ba\u015far\u0131l\u0131 i\u015f birliklerimiz, en iyi akademik ve ara\u015ft\u0131rma organizasyonlar\u0131yla \u00e7al\u0131\u015fma yetene\u011fimizi g\u00f6sterir.<\/li>\n\n\n\n<li><strong>Yenilik\u00e7i \u00c7\u00f6z\u00fcmler:<\/strong> Gen \u0130fadesi sim\u00fclasyonu gibi projelerimiz, e\u011fitim teknolojisine yenilik\u00e7i yakla\u015f\u0131m\u0131m\u0131z\u0131 vurgular.<\/li>\n\n\n\n<li><strong>Kapsaml\u0131 Hizmetler:<\/strong> Etkile\u015fimli taray\u0131c\u0131 tabanl\u0131 oyunlardan VR ve AR uygulamalar\u0131na kadar geni\u015f bir e\u011fitim \u00e7\u00f6z\u00fcmleri yelpazesi sunuyoruz.<\/li>\n<\/ul>\n\n\n\n<p><strong>Birlikte \u00c7al\u0131\u015fal\u0131m:<\/strong><\/p>\n\n\n\n<p>E\u011fitim projelerinize yeteneklerimizi ve uzmanl\u0131\u011f\u0131m\u0131z\u0131 katmak i\u00e7in sab\u0131rs\u0131zlan\u0131yoruz. \u0130ster etkile\u015fimli bir sim\u00fclasyon, ister VR\/AR \u00f6\u011frenme arac\u0131, ister kapsaml\u0131 bir e\u011fitim uygulamas\u0131 ihtiyac\u0131n\u0131z olsun, ZeroHint burada size yard\u0131mc\u0131 olmaktan mutluluk duyar. Etkili e\u011fitim deneyimleri olu\u015fturmak i\u00e7in birlikte \u00e7al\u0131\u015fal\u0131m ve ilham verici, e\u011fitici projeler geli\u015ftirelim.<\/p>\n\n\n\n<p><strong>\u0130leti\u015fime Ge\u00e7in:<\/strong><\/p>\n\n\n\n<p>Daha fazla bilgi almak veya proje ihtiya\u00e7lar\u0131n\u0131z\u0131 g\u00f6r\u00fc\u015fmek i\u00e7in bizimle ileti\u015fime ge\u00e7in. E\u011fitim vizyonunuzu ger\u00e7e\u011fe d\u00f6n\u00fc\u015ft\u00fcrmek i\u00e7in sizinle i\u015f birli\u011fi yapmay\u0131 d\u00f6rt g\u00f6zle bekliyoruz.<\/p>\n","protected":false},"excerpt":{"rendered":"<p>E\u011fitim Sim\u00fclasyon ve Uygulamalar\u0131 ZeroHint&#8217;da E\u011fitim Sim\u00fclasyonlar\u0131 ve Uygulamalar\u0131 ZeroHint olarak, teknolojiyi etkileyici i\u00e7eriklerle birle\u015ftiren e\u011fitim sim\u00fclasyonlar\u0131 ve uygulamalar\u0131 geli\u015ftirme konusunda uzman\u0131z. Projelerimiz, geni\u015f bir e\u011fitim yelpazesine hitap eden, etkile\u015fimli ve s\u00fcr\u00fckleyici \u00f6\u011frenme deneyimleri sunmak \u00fczere tasarlanm\u0131\u015ft\u0131r. Akademik i\u015f birlikleri ve Avrupa Birli\u011fi fonlar\u0131yla desteklenen projelerimiz, y\u00fcksek kaliteli e\u011fitim ara\u00e7lar\u0131 olu\u015fturma yetene\u011fimizi g\u00f6zler \u00f6n\u00fcne seriyor. [&hellip;]<\/p>\n","protected":false},"author":1,"featured_media":19014,"parent":19030,"menu_order":0,"comment_status":"open","ping_status":"closed","template":"","meta":{"inline_featured_image":false,"_monsterinsights_skip_tracking":false,"_monsterinsights_sitenote_active":false,"_monsterinsights_sitenote_note":"","_monsterinsights_sitenote_category":0,"footnotes":""},"class_list":["post-14477","page","type-page","status-publish","has-post-thumbnail","hentry"],"_links":{"self":[{"href":"https:\/\/zerohint.com\/tr\/wp-json\/wp\/v2\/pages\/14477","targetHints":{"allow":["GET"]}}],"collection":[{"href":"https:\/\/zerohint.com\/tr\/wp-json\/wp\/v2\/pages"}],"about":[{"href":"https:\/\/zerohint.com\/tr\/wp-json\/wp\/v2\/types\/page"}],"author":[{"embeddable":true,"href":"https:\/\/zerohint.com\/tr\/wp-json\/wp\/v2\/users\/1"}],"replies":[{"embeddable":true,"href":"https:\/\/zerohint.com\/tr\/wp-json\/wp\/v2\/comments?post=14477"}],"version-history":[{"count":1,"href":"https:\/\/zerohint.com\/tr\/wp-json\/wp\/v2\/pages\/14477\/revisions"}],"predecessor-version":[{"id":19383,"href":"https:\/\/zerohint.com\/tr\/wp-json\/wp\/v2\/pages\/14477\/revisions\/19383"}],"up":[{"embeddable":true,"href":"https:\/\/zerohint.com\/tr\/wp-json\/wp\/v2\/pages\/19030"}],"wp:featuredmedia":[{"embeddable":true,"href":"https:\/\/zerohint.com\/tr\/wp-json\/wp\/v2\/media\/19014"}],"wp:attachment":[{"href":"https:\/\/zerohint.com\/tr\/wp-json\/wp\/v2\/media?parent=14477"}],"curies":[{"name":"wp","href":"https:\/\/api.w.org\/{rel}","templated":true}]}}