{"id":14488,"date":"2024-02-22T09:05:21","date_gmt":"2024-02-22T06:05:21","guid":{"rendered":"https:\/\/studios.redellion.com\/tr\/?page_id=14488"},"modified":"2025-07-14T15:15:21","modified_gmt":"2025-07-14T12:15:21","slug":"mobil-oyun-gelistirme-android-ve-ios-oyun-uretimi","status":"publish","type":"page","link":"https:\/\/zerohint.com\/tr\/hizmetlerimiz\/mobil-oyun-gelistirme-android-ve-ios-oyun-uretimi\/","title":{"rendered":"Mobil Oyun Geli\u015ftirme: Android ve IOS Oyun \u00dcretimi"},"content":{"rendered":"\n<h2 class=\"wp-block-heading\">Mobil Oyun Geli\u015ftirme: Android ve IOS Oyun \u00dcretimi<\/h2>\n\n\n\n<figure class=\"wp-block-image size-large\"><img loading=\"lazy\" decoding=\"async\" width=\"1024\" height=\"576\" src=\"https:\/\/studios.redellion.com\/tr\/wp-content\/uploads\/sites\/6\/2024\/08\/redellion-mobile-games-1024x576.jpg\" alt=\"\" class=\"wp-image-18811\" srcset=\"https:\/\/zerohint.com\/tr\/wp-content\/uploads\/sites\/6\/2024\/08\/redellion-mobile-games-1024x576.jpg 1024w, https:\/\/zerohint.com\/tr\/wp-content\/uploads\/sites\/6\/2024\/08\/redellion-mobile-games-300x169.jpg 300w, https:\/\/zerohint.com\/tr\/wp-content\/uploads\/sites\/6\/2024\/08\/redellion-mobile-games-768x432.jpg 768w, https:\/\/zerohint.com\/tr\/wp-content\/uploads\/sites\/6\/2024\/08\/redellion-mobile-games-1536x864.jpg 1536w, https:\/\/zerohint.com\/tr\/wp-content\/uploads\/sites\/6\/2024\/08\/redellion-mobile-games-750x422.jpg 750w, https:\/\/zerohint.com\/tr\/wp-content\/uploads\/sites\/6\/2024\/08\/redellion-mobile-games-540x304.jpg 540w, https:\/\/zerohint.com\/tr\/wp-content\/uploads\/sites\/6\/2024\/08\/redellion-mobile-games.jpg 1920w\" sizes=\"auto, (max-width: 1024px) 100vw, 1024px\" \/><\/figure>\n\n\n\n<p><strong>ZeroHint&#8217;da, hem Android hem de iOS platformlar\u0131 i\u00e7in y\u00fcksek kaliteli mobil oyunlar geli\u015ftirme konusunda uzman\u0131z. Ekibimiz, oyuncular\u0131n dikkatini \u00e7eken ve onlar\u0131 tekrar tekrar oyuna ba\u011flayan etkileyici ve g\u00f6rsel olarak \u00e7arp\u0131c\u0131 mobil oyunlar sunmaya kendini adam\u0131\u015ft\u0131r. Kan\u0131tlanm\u0131\u015f ba\u015far\u0131 ge\u00e7mi\u015fimizle, mobil oyun geli\u015ftirme ihtiya\u00e7lar\u0131n\u0131z i\u00e7in m\u00fckemmel bir ortak olabiliriz.<\/strong><\/p>\n\n\n\n<h3 class=\"wp-block-heading\">Neden ZeroHint&#8217;u Mobil Oyun Geli\u015ftirme \u0130\u00e7in Se\u00e7melisiniz?<\/h3>\n\n\n\n<p>ZeroHint&#8217;u se\u00e7mek, mobil oyun geli\u015ftirmedeki kapsaml\u0131 deneyimimiz ve uzmanl\u0131\u011f\u0131m\u0131zdan faydalanmak anlam\u0131na gelir. Oyun fikirlerinizi ger\u00e7e\u011fe d\u00f6n\u00fc\u015ft\u00fcrmek i\u00e7in ba\u015flang\u0131\u00e7 konseptinden nihai da\u011f\u0131t\u0131ma kadar geni\u015f bir hizmet yelpazesi sunuyoruz.<\/p>\n\n\n\n<div class=\"wp-block-columns is-layout-flex wp-container-core-columns-is-layout-1 wp-block-columns-is-layout-flex\">\n<div class=\"wp-block-column is-layout-flow wp-block-column-is-layout-flow\">\n<p><strong>Uzmanl\u0131k Alanlar\u0131m\u0131z:<\/strong><\/p>\n\n\n\n<ul class=\"wp-block-list\">\n<li><strong>\u00c7apraz Platform Geli\u015ftirme:<\/strong> Hem Android hem de iOS cihazlarda sorunsuz \u00e7al\u0131\u015fan oyunlar geli\u015ftiriyoruz, b\u00f6ylece geni\u015f bir kitleye ula\u015fmay\u0131 ve optimal bir kullan\u0131c\u0131 deneyimi sa\u011flamay\u0131 garanti ediyoruz.<\/li>\n\n\n\n<li><strong>Kullan\u0131c\u0131 Odakl\u0131 Tasar\u0131m:<\/strong> Oyunlar\u0131m\u0131z, oyuncular\u0131 g\u00f6z \u00f6n\u00fcnde bulundurarak tasarlan\u0131r. Intuitif kontroller, etkileyici oyun mekanikleri ve g\u00f6rsel olarak \u00e7ekici grafikler sunar.<\/li>\n\n\n\n<li><strong>Geli\u015fmi\u015f Teknolojiler:<\/strong> Unity ve Unreal Engine gibi en son teknolojiler ve ara\u00e7lar\u0131 kullanarak y\u00fcksek kaliteli, etkile\u015fimli oyunlar yarat\u0131yoruz.<\/li>\n\n\n\n<li><strong>Performans Optimizasyonu:<\/strong> Oyunlar\u0131m\u0131z, \u00e7e\u015fitli cihazlarda performans i\u00e7in optimize edilmi\u015ftir, bu da ak\u0131c\u0131 bir oyun deneyimi ve h\u0131zl\u0131 y\u00fckleme s\u00fcreleri sa\u011flar.<\/li>\n<\/ul>\n<\/div>\n\n\n\n<div class=\"wp-block-column is-layout-flow wp-block-column-is-layout-flow\">\n<figure class=\"wp-block-embed is-type-video is-provider-youtube wp-block-embed-youtube wp-embed-aspect-4-3 wp-has-aspect-ratio\"><div class=\"wp-block-embed__wrapper\">\n<iframe loading=\"lazy\" title=\"Gunmaster IO - Redellion Studios\" width=\"1170\" height=\"878\" src=\"https:\/\/www.youtube.com\/embed\/uMdoOkxcow4?feature=oembed\" frameborder=\"0\" allow=\"accelerometer; autoplay; clipboard-write; encrypted-media; gyroscope; picture-in-picture; web-share\" referrerpolicy=\"strict-origin-when-cross-origin\" allowfullscreen><\/iframe>\n<\/div><\/figure>\n<\/div>\n<\/div>\n\n\n\n<p><strong>Ana \u00d6zellikler:<\/strong><\/p>\n\n\n\n<ul class=\"wp-block-list\">\n<li><strong>Kapsaml\u0131 Geli\u015ftirme Hizmetleri:<\/strong> Konsept tasar\u0131m\u0131 ve tasar\u0131mdan kodlamaya, test etmeye ve da\u011f\u0131t\u0131ma kadar mobil oyun geli\u015ftirmeyle ilgili her a\u015famay\u0131 \u00fcstleniyoruz.<\/li>\n\n\n\n<li><strong>Etkileyici Oynan\u0131\u015f:<\/strong> Sadece e\u011flenceli de\u011fil, ayn\u0131 zamanda zorlay\u0131c\u0131 ve \u00f6d\u00fcllendirici oyunlar yaratmaya odaklan\u0131yoruz.<\/li>\n\n\n\n<li><strong>Uygulama \u0130\u00e7i Sat\u0131n Al\u0131mlar ve Monetizasyon:<\/strong> Geliri maksimize etmek i\u00e7in uygulama i\u00e7i sat\u0131n al\u0131mlar, reklamlar ve abonelik modelleri gibi etkili monetizasyon stratejilerini entegre ediyoruz.<\/li>\n\n\n\n<li><strong>D\u00fczenli G\u00fcncellemeler ve Destek:<\/strong> Lansman sonras\u0131, oyununuzun rekabet\u00e7i ve ilgi \u00e7ekici kalmas\u0131n\u0131 sa\u011flamak i\u00e7in s\u00fcrekli destek ve g\u00fcncellemeler sunuyoruz.<\/li>\n<\/ul>\n\n\n\n<p><strong>Di\u011fer \u00d6nemli Projeler:<\/strong><\/p>\n\n\n\n<p>\u00c7e\u015fitli ba\u015far\u0131l\u0131 mobil oyunlar geli\u015ftirdik ve her biri, m\u00fc\u015fterilerimizin benzersiz ihtiya\u00e7lar\u0131na ve tercihlerine g\u00f6re \u00f6zelle\u015ftirilmi\u015ftir. Daha fazla \u00f6rnek g\u00f6rmek i\u00e7in mobil portf\u00f6y\u00fcm\u00fcz\u00fc ziyaret edin.<\/p>\n\n\n\n<h4 class=\"wp-block-heading\">Neden ZeroHint ile \u00c7al\u0131\u015fmal\u0131s\u0131n\u0131z?<\/h4>\n\n\n\n<ul class=\"wp-block-list\">\n<li><strong>Deneyimli Ekip:<\/strong> Mobil oyun geli\u015ftirmede geni\u015f deneyime sahip geli\u015ftiriciler, tasar\u0131mc\u0131lar ve sanat\u00e7\u0131lardan olu\u015fan bir ekibimiz var.<\/li>\n\n\n\n<li><strong>\u00d6zelle\u015ftirilmi\u015f \u00c7\u00f6z\u00fcmler:<\/strong> Her projeye \u00f6zel \u00e7\u00f6z\u00fcmler sunarak vizyonunuzu tam anlam\u0131yla ger\u00e7ekle\u015ftirmeyi sa\u011fl\u0131yoruz.<\/li>\n\n\n\n<li><strong>Kan\u0131tlanm\u0131\u015f Ba\u015far\u0131:<\/strong> Ba\u015far\u0131l\u0131 projelerimiz ve memnun m\u00fc\u015fterilerimiz, kalitemizi ve piyasada fark yaratma yetene\u011fimizi kan\u0131tl\u0131yor.<\/li>\n<\/ul>\n\n\n\n<p><strong>\u0130\u015fbirli\u011fi Yapal\u0131m:<\/strong><\/p>\n\n\n\n<p>Mobil oyun fikrinizi hayata ge\u00e7irmeye haz\u0131r m\u0131s\u0131n\u0131z? Kapsaml\u0131 mobil oyun geli\u015ftirme hizmetleri i\u00e7in ZeroHint ile i\u015fbirli\u011fi yap\u0131n. Uzmanl\u0131\u011f\u0131m\u0131z ve kaliteye olan ba\u011fl\u0131l\u0131\u011f\u0131m\u0131z, bir sonraki projeniz i\u00e7in ideal se\u00e7im olmam\u0131z\u0131 sa\u011fl\u0131yor. Gelin, oyuncular\u0131 b\u00fcy\u00fcleyen ve piyasada ba\u015far\u0131ya ula\u015fan bir mobil oyun yaratmak i\u00e7in birlikte \u00e7al\u0131\u015fal\u0131m.<\/p>\n\n\n\n<p><strong>\u0130leti\u015fime Ge\u00e7in:<\/strong><\/p>\n\n\n\n<p>Daha fazla bilgi almak veya projenizi tart\u0131\u015fmak i\u00e7in bizimle ileti\u015fime ge\u00e7in. G\u00f6r\u00fc\u015fmelerimizi d\u00f6rt g\u00f6zle bekliyoruz ve vizyonunuzu ger\u00e7e\u011fe d\u00f6n\u00fc\u015ft\u00fcrmek i\u00e7in sab\u0131rs\u0131zlan\u0131yoruz.<\/p>\n","protected":false},"excerpt":{"rendered":"<p>Mobil Oyun Geli\u015ftirme: Android ve IOS Oyun \u00dcretimi ZeroHint&#8217;da, hem Android hem de iOS platformlar\u0131 i\u00e7in y\u00fcksek kaliteli mobil oyunlar geli\u015ftirme konusunda uzman\u0131z. Ekibimiz, oyuncular\u0131n dikkatini \u00e7eken ve onlar\u0131 tekrar tekrar oyuna ba\u011flayan etkileyici ve g\u00f6rsel olarak \u00e7arp\u0131c\u0131 mobil oyunlar sunmaya kendini adam\u0131\u015ft\u0131r. Kan\u0131tlanm\u0131\u015f ba\u015far\u0131 ge\u00e7mi\u015fimizle, mobil oyun geli\u015ftirme ihtiya\u00e7lar\u0131n\u0131z i\u00e7in m\u00fckemmel bir ortak olabiliriz. [&hellip;]<\/p>\n","protected":false},"author":1,"featured_media":18811,"parent":19030,"menu_order":0,"comment_status":"open","ping_status":"closed","template":"","meta":{"inline_featured_image":false,"_monsterinsights_skip_tracking":false,"_monsterinsights_sitenote_active":false,"_monsterinsights_sitenote_note":"","_monsterinsights_sitenote_category":0,"footnotes":""},"class_list":["post-14488","page","type-page","status-publish","has-post-thumbnail","hentry"],"_links":{"self":[{"href":"https:\/\/zerohint.com\/tr\/wp-json\/wp\/v2\/pages\/14488","targetHints":{"allow":["GET"]}}],"collection":[{"href":"https:\/\/zerohint.com\/tr\/wp-json\/wp\/v2\/pages"}],"about":[{"href":"https:\/\/zerohint.com\/tr\/wp-json\/wp\/v2\/types\/page"}],"author":[{"embeddable":true,"href":"https:\/\/zerohint.com\/tr\/wp-json\/wp\/v2\/users\/1"}],"replies":[{"embeddable":true,"href":"https:\/\/zerohint.com\/tr\/wp-json\/wp\/v2\/comments?post=14488"}],"version-history":[{"count":2,"href":"https:\/\/zerohint.com\/tr\/wp-json\/wp\/v2\/pages\/14488\/revisions"}],"predecessor-version":[{"id":19481,"href":"https:\/\/zerohint.com\/tr\/wp-json\/wp\/v2\/pages\/14488\/revisions\/19481"}],"up":[{"embeddable":true,"href":"https:\/\/zerohint.com\/tr\/wp-json\/wp\/v2\/pages\/19030"}],"wp:featuredmedia":[{"embeddable":true,"href":"https:\/\/zerohint.com\/tr\/wp-json\/wp\/v2\/media\/18811"}],"wp:attachment":[{"href":"https:\/\/zerohint.com\/tr\/wp-json\/wp\/v2\/media?parent=14488"}],"curies":[{"name":"wp","href":"https:\/\/api.w.org\/{rel}","templated":true}]}}