{"id":14505,"date":"2024-02-22T09:32:33","date_gmt":"2024-02-22T06:32:33","guid":{"rendered":"https:\/\/studios.redellion.com\/tr\/?page_id=14505"},"modified":"2024-11-04T19:33:48","modified_gmt":"2024-11-04T16:33:48","slug":"ortak-gelistirme-oyun-gelistirme-studyosu","status":"publish","type":"page","link":"https:\/\/zerohint.com\/tr\/hizmetlerimiz\/ortak-gelistirme-oyun-gelistirme-studyosu\/","title":{"rendered":"Ortak Geli\u015ftirme: Oyun Geli\u015ftirme St\u00fcdyosu"},"content":{"rendered":"\n<h2 class=\"wp-block-heading\">Ortak Geli\u015ftirme: Oyun Geli\u015ftirme St\u00fcdyosu<\/h2>\n\n\n\n<figure class=\"wp-block-image size-large\"><img loading=\"lazy\" decoding=\"async\" width=\"1024\" height=\"386\" src=\"https:\/\/studios.redellion.com\/tr\/wp-content\/uploads\/sites\/6\/2024\/08\/office-1024x386.jpeg\" alt=\"\" class=\"wp-image-18795\" srcset=\"https:\/\/zerohint.com\/tr\/wp-content\/uploads\/sites\/6\/2024\/08\/office-1024x386.jpeg 1024w, https:\/\/zerohint.com\/tr\/wp-content\/uploads\/sites\/6\/2024\/08\/office-300x113.jpeg 300w, https:\/\/zerohint.com\/tr\/wp-content\/uploads\/sites\/6\/2024\/08\/office-768x289.jpeg 768w, https:\/\/zerohint.com\/tr\/wp-content\/uploads\/sites\/6\/2024\/08\/office-1536x578.jpeg 1536w, https:\/\/zerohint.com\/tr\/wp-content\/uploads\/sites\/6\/2024\/08\/office-2048x771.jpeg 2048w, https:\/\/zerohint.com\/tr\/wp-content\/uploads\/sites\/6\/2024\/08\/office-750x282.jpeg 750w, https:\/\/zerohint.com\/tr\/wp-content\/uploads\/sites\/6\/2024\/08\/office-540x203.jpeg 540w, https:\/\/zerohint.com\/tr\/wp-content\/uploads\/sites\/6\/2024\/08\/office-600x226.jpeg 600w\" sizes=\"auto, (max-width: 1024px) 100vw, 1024px\" \/><\/figure>\n\n\n\n<p>ZeroHint olarak, oyun geli\u015ftirme i\u00e7in i\u015fbirli\u011fi hizmetlerinde uzmanla\u015fm\u0131\u015f bir ekibiz. \u0130\u015fbirlik\u00e7i yakla\u015f\u0131m\u0131m\u0131z, st\u00fcdyolar ve geli\u015ftiricilerle ortakl\u0131k yaparak ola\u011fan\u00fcst\u00fc oyunlar\u0131 hayata ge\u00e7irmemizi sa\u011fl\u0131yor. Kapsaml\u0131 uzmanl\u0131\u011f\u0131m\u0131z ve yenilik\u00e7i \u00e7\u00f6z\u00fcmlerimizle, projenizin her a\u015famas\u0131nda size destek oluyoruz.<\/p>\n\n\n\n<h3 class=\"wp-block-heading\">Neden ZeroHint ile \u0130\u015fbirli\u011fi Yapmal\u0131s\u0131n\u0131z?<\/h3>\n\n\n\n<p>ZeroHint ile i\u015fbirli\u011fi yapmak, deneyimli ekibimize, son teknolojiye ve kan\u0131tlanm\u0131\u015f s\u00fcre\u00e7lere eri\u015fim sa\u011flar. Bizimle ortakl\u0131k kurarak, kendi g\u00fc\u00e7l\u00fc y\u00f6nlerinizi tamamlayabilir ve ba\u015far\u0131l\u0131, y\u00fcksek kaliteli bir oyun geli\u015ftirme deneyimi elde edebilirsiniz.<\/p>\n\n\n\n<p><strong>Uzmanl\u0131\u011f\u0131m\u0131z:<\/strong><\/p>\n\n\n\n<ul class=\"wp-block-list\">\n<li><strong>\u00c7oklu Platform Geli\u015ftirme:<\/strong> PC, konsollar, mobil cihazlar ve web platformlar\u0131 i\u00e7in oyunlar geli\u015ftiriyoruz, b\u00f6ylece oyununuz geni\u015f bir kitleye ula\u015f\u0131r.<\/li>\n\n\n\n<li><strong>\u00c7e\u015fitli T\u00fcrler:<\/strong> Aksiyon, macera, bulmaca, RPG, sim\u00fclasyon ve daha fazlas\u0131n\u0131 i\u00e7eren \u00e7e\u015fitli oyun t\u00fcrlerinde portf\u00f6y\u00fcm\u00fcz bulunuyor. Her t\u00fcr\u00fcn benzersiz gereksinimlerine uygun yakla\u015f\u0131m sunuyoruz.<\/li>\n\n\n\n<li><strong>Son Teknoloji:<\/strong> Unity ve Unreal Engine gibi en son ara\u00e7 ve teknolojileri kullanarak y\u00fcksek kaliteli, g\u00f6rsel olarak etkileyici oyunlar yarat\u0131yoruz.<\/li>\n\n\n\n<li><strong>Yarat\u0131c\u0131 Tasar\u0131m:<\/strong> Yarat\u0131c\u0131 ekibimiz, oyuncular\u0131 etkileyen hikayeler, s\u00fcr\u00fckleyici d\u00fcnyalar ve unutulmaz karakterler tasarlamada uzmanla\u015fm\u0131\u015ft\u0131r.<\/li>\n<\/ul>\n\n\n\n<h3 class=\"wp-block-heading\"><strong>Geli\u015ftirme S\u00fcrecimiz:<\/strong><\/h3>\n\n\n\n<ul class=\"wp-block-list\">\n<li><strong>Kavram ve Planlama:<\/strong> Vizyonunuzu ve hedeflerinizi anlamak i\u00e7in detayl\u0131 bir dan\u0131\u015fmanl\u0131k ile ba\u015flar\u0131z. Ekibimiz, kavram sanat\u0131, oyun mekanikleri ve tasar\u0131m belgeleri i\u00e7eren kapsaml\u0131 bir proje plan\u0131 olu\u015fturur.<\/li>\n\n\n\n<li><strong>Tasar\u0131m ve Prototipleme:<\/strong> Oynan\u0131\u015f mekaniklerini test etmek i\u00e7in prototipler geli\u015ftiririz ve bu a\u015famada geri bildirimlere dayanarak tasar\u0131mda iyile\u015ftirmeler yapar\u0131z.<\/li>\n\n\n\n<li><strong>Geli\u015ftirme:<\/strong> Geli\u015ftiricilerimiz, oyununuzu hayata ge\u00e7irir, oynan\u0131\u015f\u0131 kodlar, sanat varl\u0131klar\u0131n\u0131 entegre eder ve oyun d\u00fcnyas\u0131n\u0131 in\u015fa eder. Performans\u0131 t\u00fcm hedef platformlar \u00fczerinde optimize etmeye odaklan\u0131r\u0131z.<\/li>\n\n\n\n<li><strong>Test ve Kalite G\u00fcvencesi:<\/strong> Hatalar\u0131 belirlemek ve d\u00fczeltmek i\u00e7in kapsaml\u0131 testler yapar\u0131z, oyuncu deneyimini sorunsuz ve keyifli hale getiririz. QA ekibimiz i\u015flevsellik, performans ve kullan\u0131labilirlik testleri ger\u00e7ekle\u015ftirir.<\/li>\n\n\n\n<li><strong>Lansman ve Destek:<\/strong> Lansman s\u00fcrecinde yard\u0131mc\u0131 olur, da\u011f\u0131t\u0131m ve pazarlama deste\u011fi sunar\u0131z. Lansman sonras\u0131, oyununuzun sorunsuz \u00e7al\u0131\u015fmas\u0131n\u0131 sa\u011flamak i\u00e7in s\u00fcrekli bak\u0131m ve g\u00fcncellemeler sunar\u0131z.<\/li>\n<\/ul>\n\n\n\n<p><strong>Projelerimiz:<\/strong><\/p>\n\n\n\n<p>Bir\u00e7ok ba\u015far\u0131l\u0131 projeyi tamamlad\u0131k ve y\u00fcksek kaliteli oyunlar sunma yetene\u011fimizi g\u00f6sterdik. Portf\u00f6y\u00fcm\u00fcz\u00fc ziyaret ederek \u00e7al\u0131\u015fmalar\u0131m\u0131z\u0131 g\u00f6rebilir ve yeteneklerimiz hakk\u0131nda daha fazla bilgi edinebilirsiniz.<\/p>\n\n\n\n<h4 class=\"wp-block-heading\"><strong>Neden ZeroHint ile \u00c7al\u0131\u015fmal\u0131s\u0131n\u0131z?<\/strong><\/h4>\n\n\n\n<ul class=\"wp-block-list\">\n<li><strong>Deneyimli Ekip:<\/strong> Oyun geli\u015ftirme konusunda y\u0131llar\u0131n deneyimine sahip sekt\u00f6r veterenlerinden olu\u015fan bir ekibiz.<\/li>\n\n\n\n<li><strong>\u00d6zelle\u015ftirilmi\u015f \u00c7\u00f6z\u00fcmler:<\/strong> Her projenin \u00f6zel ihtiya\u00e7lar\u0131na uygun ki\u015fiselle\u015ftirilmi\u015f hizmetler sunuyoruz.<\/li>\n\n\n\n<li><strong>Yenilik\u00e7i Yakla\u015f\u0131m:<\/strong> Sekt\u00f6r trendlerinin \u00f6n\u00fcnde kalarak yenilik\u00e7i \u00e7\u00f6z\u00fcmler ve son teknoloji oyun deneyimleri sa\u011fl\u0131yoruz.<\/li>\n\n\n\n<li><strong>M\u00fc\u015fteri Memnuniyeti:<\/strong> Projeleri zaman\u0131nda ve b\u00fct\u00e7e dahilinde teslim etmeye odaklanarak m\u00fc\u015fteri memnuniyetini sa\u011fl\u0131yoruz.<\/li>\n<\/ul>\n\n\n\n<p><strong>\u0130\u015fbirli\u011fi Yapal\u0131m:<\/strong><\/p>\n\n\n\n<p>Bir oyunu geli\u015ftirmek istiyorsan\u0131z ve g\u00fcvenilir bir ortak ar\u0131yorsan\u0131z, ZeroHint size yard\u0131mc\u0131 olmaya haz\u0131r. \u0130\u015fbirli\u011fi hizmetlerimiz, projenizin uzmanl\u0131\u011f\u0131m\u0131z, ba\u011fl\u0131l\u0131\u011f\u0131m\u0131z ve yenili\u011fimizden faydalanmas\u0131n\u0131 sa\u011flar. Gelin, piyasada \u00f6ne \u00e7\u0131kan bir oyun yaratmak i\u00e7in birlikte \u00e7al\u0131\u015fal\u0131m.<\/p>\n\n\n\n<h4 class=\"wp-block-heading\">\u0130leti\u015fime Ge\u00e7in:<\/h4>\n\n\n\n<p>Daha fazla bilgi almak veya projenizi tart\u0131\u015fmak i\u00e7in bizimle ileti\u015fime ge\u00e7in. Sizinle i\u015fbirli\u011fi yapmay\u0131 ve vizyonunuzu ger\u00e7e\u011fe d\u00f6n\u00fc\u015ft\u00fcrmeyi d\u00f6rt g\u00f6zle bekliyoruz.<\/p>\n","protected":false},"excerpt":{"rendered":"<p>Ortak Geli\u015ftirme: Oyun Geli\u015ftirme St\u00fcdyosu ZeroHint olarak, oyun geli\u015ftirme i\u00e7in i\u015fbirli\u011fi hizmetlerinde uzmanla\u015fm\u0131\u015f bir ekibiz. \u0130\u015fbirlik\u00e7i yakla\u015f\u0131m\u0131m\u0131z, st\u00fcdyolar ve geli\u015ftiricilerle ortakl\u0131k yaparak ola\u011fan\u00fcst\u00fc oyunlar\u0131 hayata ge\u00e7irmemizi sa\u011fl\u0131yor. Kapsaml\u0131 uzmanl\u0131\u011f\u0131m\u0131z ve yenilik\u00e7i \u00e7\u00f6z\u00fcmlerimizle, projenizin her a\u015famas\u0131nda size destek oluyoruz. Neden ZeroHint ile \u0130\u015fbirli\u011fi Yapmal\u0131s\u0131n\u0131z? ZeroHint ile i\u015fbirli\u011fi yapmak, deneyimli ekibimize, son teknolojiye ve kan\u0131tlanm\u0131\u015f s\u00fcre\u00e7lere eri\u015fim [&hellip;]<\/p>\n","protected":false},"author":1,"featured_media":18795,"parent":19030,"menu_order":0,"comment_status":"open","ping_status":"closed","template":"","meta":{"inline_featured_image":false,"_monsterinsights_skip_tracking":false,"_monsterinsights_sitenote_active":false,"_monsterinsights_sitenote_note":"","_monsterinsights_sitenote_category":0,"footnotes":""},"class_list":["post-14505","page","type-page","status-publish","has-post-thumbnail","hentry"],"_links":{"self":[{"href":"https:\/\/zerohint.com\/tr\/wp-json\/wp\/v2\/pages\/14505","targetHints":{"allow":["GET"]}}],"collection":[{"href":"https:\/\/zerohint.com\/tr\/wp-json\/wp\/v2\/pages"}],"about":[{"href":"https:\/\/zerohint.com\/tr\/wp-json\/wp\/v2\/types\/page"}],"author":[{"embeddable":true,"href":"https:\/\/zerohint.com\/tr\/wp-json\/wp\/v2\/users\/1"}],"replies":[{"embeddable":true,"href":"https:\/\/zerohint.com\/tr\/wp-json\/wp\/v2\/comments?post=14505"}],"version-history":[{"count":1,"href":"https:\/\/zerohint.com\/tr\/wp-json\/wp\/v2\/pages\/14505\/revisions"}],"predecessor-version":[{"id":19385,"href":"https:\/\/zerohint.com\/tr\/wp-json\/wp\/v2\/pages\/14505\/revisions\/19385"}],"up":[{"embeddable":true,"href":"https:\/\/zerohint.com\/tr\/wp-json\/wp\/v2\/pages\/19030"}],"wp:featuredmedia":[{"embeddable":true,"href":"https:\/\/zerohint.com\/tr\/wp-json\/wp\/v2\/media\/18795"}],"wp:attachment":[{"href":"https:\/\/zerohint.com\/tr\/wp-json\/wp\/v2\/media?parent=14505"}],"curies":[{"name":"wp","href":"https:\/\/api.w.org\/{rel}","templated":true}]}}