{"id":14514,"date":"2024-02-22T09:34:13","date_gmt":"2024-02-22T06:34:13","guid":{"rendered":"https:\/\/studios.redellion.com\/tr\/?page_id=14514"},"modified":"2024-11-04T19:35:49","modified_gmt":"2024-11-04T16:35:49","slug":"web-tarayici-webgl-oyun-gelistirme","status":"publish","type":"page","link":"https:\/\/zerohint.com\/tr\/hizmetlerimiz\/web-tarayici-webgl-oyun-gelistirme\/","title":{"rendered":"Web Taray\u0131c\u0131 (WebGL) Oyun Geli\u015ftirme"},"content":{"rendered":"\n<h1 class=\"wp-block-heading\">Web Taray\u0131c\u0131 (WebGL) Oyun Geli\u015ftirme<\/h1>\n\n\n\n<figure class=\"wp-block-image size-large\"><img loading=\"lazy\" decoding=\"async\" width=\"1024\" height=\"576\" src=\"https:\/\/studios.redellion.com\/tr\/wp-content\/uploads\/sites\/6\/2024\/08\/banner-web-1024x576.jpg\" alt=\"\" class=\"wp-image-19107\" srcset=\"https:\/\/zerohint.com\/tr\/wp-content\/uploads\/sites\/6\/2024\/08\/banner-web-1024x576.jpg 1024w, https:\/\/zerohint.com\/tr\/wp-content\/uploads\/sites\/6\/2024\/08\/banner-web-300x169.jpg 300w, https:\/\/zerohint.com\/tr\/wp-content\/uploads\/sites\/6\/2024\/08\/banner-web-768x432.jpg 768w, https:\/\/zerohint.com\/tr\/wp-content\/uploads\/sites\/6\/2024\/08\/banner-web-1536x864.jpg 1536w, https:\/\/zerohint.com\/tr\/wp-content\/uploads\/sites\/6\/2024\/08\/banner-web-750x422.jpg 750w, https:\/\/zerohint.com\/tr\/wp-content\/uploads\/sites\/6\/2024\/08\/banner-web-540x304.jpg 540w, https:\/\/zerohint.com\/tr\/wp-content\/uploads\/sites\/6\/2024\/08\/banner-web.jpg 1920w\" sizes=\"auto, (max-width: 1024px) 100vw, 1024px\" \/><\/figure>\n\n\n\n<p>ZeroHint&#8217;da, Unity kullanarak y\u00fcksek kaliteli WebGL oyunlar\u0131 geli\u015ftirme konusunda uzman\u0131z. Web taray\u0131c\u0131lar\u0131 arac\u0131l\u0131\u011f\u0131yla sorunsuz ve etkileyici bir oyun deneyimi sunuyoruz. Bu yakla\u015f\u0131m\u0131m\u0131z sayesinde oyuncular, oyunlar\u0131m\u0131z\u0131 indirme veya kurulum yapmadan do\u011frudan taray\u0131c\u0131lar\u0131 \u00fczerinden eri\u015febilir ve keyfini \u00e7\u0131karabilirler.<\/p>\n\n\n\n<h3 class=\"wp-block-heading\"><strong>WebGL Neden Oyun Geli\u015ftirme \u0130\u00e7in Tercih Edilmeli?<\/strong><\/h3>\n\n\n\n<p>WebGL teknolojisi, oyunlar\u0131m\u0131z\u0131 taray\u0131c\u0131lar i\u00e7inde sorunsuz bir \u015fekilde \u00e7al\u0131\u015fan geli\u015fmi\u015f grafikler ve performansla olu\u015fturmam\u0131za olanak tan\u0131r. Bu, eri\u015filebilirli\u011fi art\u0131r\u0131r ve platforma \u00f6zel kurulumlarla ilgili k\u0131s\u0131tlamalar\u0131 ortadan kald\u0131r\u0131r, b\u00f6ylece oyunlar\u0131m\u0131z daha geni\u015f bir kitleye ula\u015fabilir.<\/p>\n\n\n\n<p><strong>WebGL Oyun Geli\u015ftirme Konusundaki Uzmanl\u0131\u011f\u0131m\u0131z<\/strong><\/p>\n\n\n\n<p>Ekibimiz, Unity kullanarak WebGL oyunlar\u0131 geli\u015ftirme konusunda kapsaml\u0131 bir deneyime sahiptir ve birka\u00e7 pop\u00fcler web taray\u0131c\u0131 oyunu ba\u015far\u0131yla piyasaya s\u00fcrm\u00fc\u015ft\u00fcr. Bu ba\u015far\u0131lar, web \u00fczerinde ola\u011fan\u00fcst\u00fc oyun deneyimleri sunma yetene\u011fimizi vurgular.<\/p>\n\n\n\n<p><strong>WebGL Oyunlar\u0131m\u0131z\u0131n Temel \u00d6zellikleri<\/strong><\/p>\n\n\n\n<ul class=\"wp-block-list\">\n<li><strong>\u00c7apraz Platform Uyumlulu\u011fu:<\/strong> WebGL oyunlar\u0131m\u0131z, masa\u00fcst\u00fc bilgisayarlar, diz\u00fcst\u00fc bilgisayarlar, tabletler ve ak\u0131ll\u0131 telefonlar dahil olmak \u00fczere t\u00fcm web taray\u0131c\u0131lar\u0131na sahip cihazlarda sorunsuz \u00e7al\u0131\u015f\u0131r.<\/li>\n\n\n\n<li><strong>Y\u00fcksek Kaliteli Grafikler:<\/strong> Unity kullanarak, yerel uygulamalarla kar\u015f\u0131la\u015ft\u0131r\u0131labilir g\u00f6rsel a\u00e7\u0131dan etkileyici ve s\u00fcr\u00fckleyici oyunlar olu\u015fturuyoruz.<\/li>\n\n\n\n<li><strong>Verimli Performans:<\/strong> Oyunlar\u0131m\u0131z\u0131 h\u0131zl\u0131 y\u00fckleme s\u00fcreleri ve p\u00fcr\u00fczs\u00fcz performans i\u00e7in optimize ediyoruz, b\u00f6ylece keyifli bir kullan\u0131c\u0131 deneyimi sunuyoruz.<\/li>\n\n\n\n<li><strong>Etkile\u015fimli Oynan\u0131\u015f:<\/strong> Oyunlar\u0131m\u0131z, oyuncular\u0131 e\u011flendirecek ve ba\u011fl\u0131 kalmalar\u0131n\u0131 sa\u011flayacak etkile\u015fimli mekanikler, \u00e7ok oyunculu \u00f6zellikler ve zengin i\u00e7erikler i\u00e7erir.<\/li>\n<\/ul>\n\n\n\n<h3 class=\"wp-block-heading\"><strong>\u00d6rnek Proje: Astar Strike Online<\/strong><\/h3>\n\n\n\n<p>Astar Strike Online, web platformu i\u00e7in geli\u015ftirilen \u00e7ok oyunculu bir birinci \u015fah\u0131s ni\u015fanc\u0131 (FPS) oyunudur. Dinamik bir \u00e7ok oyunculu ortam, VR ve PC deste\u011fi, \u00f6zelle\u015ftirilebilir karakterler ve daha fazlas\u0131n\u0131 sunar. Bu proje, y\u00fcksek performans ve g\u00fcvenilirlikle karma\u015f\u0131k ve etkileyici web tabanl\u0131 oyunlar olu\u015fturma yetene\u011fimizi \u00f6rnekler.<\/p>\n\n\n\n<figure class=\"wp-block-embed is-type-video is-provider-youtube wp-block-embed-youtube wp-embed-aspect-16-9 wp-has-aspect-ratio\"><div class=\"wp-block-embed__wrapper\">\n<iframe loading=\"lazy\" title=\"Astar Strike Online - Multiplayer WebGL FPS Game\" width=\"1170\" height=\"658\" src=\"https:\/\/www.youtube.com\/embed\/F9P-_UruBiY?feature=oembed\" frameborder=\"0\" allow=\"accelerometer; autoplay; clipboard-write; encrypted-media; gyroscope; picture-in-picture; web-share\" referrerpolicy=\"strict-origin-when-cross-origin\" allowfullscreen><\/iframe>\n<\/div><\/figure>\n\n\n\n<p><strong>Ana \u00d6zellikler:<\/strong><\/p>\n\n\n\n<ul class=\"wp-block-list\">\n<li><strong>\u00c7ok Oyunculu Oynan\u0131\u015f<\/strong><\/li>\n\n\n\n<li><strong>Lobi ve Oda Sistemi<\/strong><\/li>\n\n\n\n<li><strong>E-spor Kalitesinde Gecikmesiz Sistem (Photon Quantum)<\/strong><\/li>\n\n\n\n<li><strong>\u00d6zelle\u015ftirilebilir Karakterler<\/strong><\/li>\n\n\n\n<li><strong>G\u00f6rev Sistemi, Mobil Bildirimler ve Daha Fazlas\u0131<\/strong><\/li>\n<\/ul>\n\n\n\n<p>Tam \u00f6zellikleri <a href=\"https:\/\/zerohint.com\/tr\/portfolio\/astar-strike-online-cok-oyunculu-fps\/\" data-type=\"dt_portfolios\" data-id=\"18362\">buradan <\/a>inceleyebilirsiniz.<\/p>\n\n\n\n<p><strong>Gunsbytes<\/strong><\/p>\n\n\n\n<p>Gunsbytes, portf\u00f6y\u00fcm\u00fczdeki bir di\u011fer ba\u015far\u0131l\u0131 oyunumuzdur ve 100.000&#8217;den fazla kullan\u0131c\u0131ya sahiptir. Bu oyun, pop\u00fcler web taray\u0131c\u0131 oyunlar\u0131 olu\u015fturma yetene\u011fimizi g\u00f6stermektedir.<\/p>\n\n\n\n<figure class=\"wp-block-embed is-type-video is-provider-youtube wp-block-embed-youtube wp-embed-aspect-16-9 wp-has-aspect-ratio\"><div class=\"wp-block-embed__wrapper\">\n<iframe loading=\"lazy\" title=\"Gunsbytes Trailer - Redellion Studios\" width=\"1170\" height=\"658\" src=\"https:\/\/www.youtube.com\/embed\/kpgSOpgahF0?feature=oembed\" frameborder=\"0\" allow=\"accelerometer; autoplay; clipboard-write; encrypted-media; gyroscope; picture-in-picture; web-share\" referrerpolicy=\"strict-origin-when-cross-origin\" allowfullscreen><\/iframe>\n<\/div><\/figure>\n\n\n\n<p><strong>Ana \u00d6zellikler:<\/strong><\/p>\n\n\n\n<ul class=\"wp-block-list\">\n<li><strong>\u00c7ok Oyunculu Oynan\u0131\u015f<\/strong><\/li>\n\n\n\n<li><strong>\u00d6zelle\u015ftirilebilir Karakterler<\/strong><\/li>\n\n\n\n<li><strong>\u00c7e\u015fitli Oyun Modlar\u0131 ve Zorluklar<\/strong><\/li>\n<\/ul>\n\n\n\n<h4 class=\"wp-block-heading\"><strong>Neden ZeroHint ile \u00c7al\u0131\u015fmal\u0131s\u0131n\u0131z?<\/strong><\/h4>\n\n\n\n<ul class=\"wp-block-list\">\n<li><strong>Kan\u0131tlanm\u0131\u015f Ba\u015far\u0131:<\/strong> Portf\u00f6y\u00fcm\u00fcz, Astar Strike Online ve Gunsbytes gibi ba\u015far\u0131l\u0131 projelerle kendini kan\u0131tlam\u0131\u015ft\u0131r.<\/li>\n\n\n\n<li><strong>Uzman Ekip:<\/strong> Geli\u015ftiricilerimiz, Unity ve WebGL teknolojilerinde y\u00fcksek beceriye sahiptir, bu da oyununuz i\u00e7in en y\u00fcksek kaliteyi garanti eder.<\/li>\n\n\n\n<li><strong>Yenilik\u00e7i \u00c7\u00f6z\u00fcmler:<\/strong> Oyun geli\u015ftirmede en son yenilikleri takip ediyoruz ve m\u00fc\u015fterilerimize ileri d\u00fczey \u00e7\u00f6z\u00fcmler sunuyoruz.<\/li>\n<\/ul>\n\n\n\n<p><strong>\u0130leti\u015fime Ge\u00e7in<\/strong><\/p>\n\n\n\n<p>Web taray\u0131c\u0131 oyun fikrinizi hayata ge\u00e7irmeye haz\u0131r m\u0131s\u0131n\u0131z? Projenizi tart\u0131\u015fmak ve m\u00fckemmel bir oyun deneyimi yaratman\u0131za nas\u0131l yard\u0131mc\u0131 olabilece\u011fimizi g\u00f6rmek i\u00e7in bug\u00fcn bizimle ileti\u015fime ge\u00e7in.<\/p>\n","protected":false},"excerpt":{"rendered":"<p>Web Taray\u0131c\u0131 (WebGL) Oyun Geli\u015ftirme ZeroHint&#8217;da, Unity kullanarak y\u00fcksek kaliteli WebGL oyunlar\u0131 geli\u015ftirme konusunda uzman\u0131z. Web taray\u0131c\u0131lar\u0131 arac\u0131l\u0131\u011f\u0131yla sorunsuz ve etkileyici bir oyun deneyimi sunuyoruz. Bu yakla\u015f\u0131m\u0131m\u0131z sayesinde oyuncular, oyunlar\u0131m\u0131z\u0131 indirme veya kurulum yapmadan do\u011frudan taray\u0131c\u0131lar\u0131 \u00fczerinden eri\u015febilir ve keyfini \u00e7\u0131karabilirler. WebGL Neden Oyun Geli\u015ftirme \u0130\u00e7in Tercih Edilmeli? WebGL teknolojisi, oyunlar\u0131m\u0131z\u0131 taray\u0131c\u0131lar i\u00e7inde sorunsuz bir [&hellip;]<\/p>\n","protected":false},"author":1,"featured_media":19107,"parent":19030,"menu_order":0,"comment_status":"open","ping_status":"closed","template":"","meta":{"inline_featured_image":false,"_monsterinsights_skip_tracking":false,"_monsterinsights_sitenote_active":false,"_monsterinsights_sitenote_note":"","_monsterinsights_sitenote_category":0,"footnotes":""},"class_list":["post-14514","page","type-page","status-publish","has-post-thumbnail","hentry"],"_links":{"self":[{"href":"https:\/\/zerohint.com\/tr\/wp-json\/wp\/v2\/pages\/14514","targetHints":{"allow":["GET"]}}],"collection":[{"href":"https:\/\/zerohint.com\/tr\/wp-json\/wp\/v2\/pages"}],"about":[{"href":"https:\/\/zerohint.com\/tr\/wp-json\/wp\/v2\/types\/page"}],"author":[{"embeddable":true,"href":"https:\/\/zerohint.com\/tr\/wp-json\/wp\/v2\/users\/1"}],"replies":[{"embeddable":true,"href":"https:\/\/zerohint.com\/tr\/wp-json\/wp\/v2\/comments?post=14514"}],"version-history":[{"count":1,"href":"https:\/\/zerohint.com\/tr\/wp-json\/wp\/v2\/pages\/14514\/revisions"}],"predecessor-version":[{"id":19391,"href":"https:\/\/zerohint.com\/tr\/wp-json\/wp\/v2\/pages\/14514\/revisions\/19391"}],"up":[{"embeddable":true,"href":"https:\/\/zerohint.com\/tr\/wp-json\/wp\/v2\/pages\/19030"}],"wp:featuredmedia":[{"embeddable":true,"href":"https:\/\/zerohint.com\/tr\/wp-json\/wp\/v2\/media\/19107"}],"wp:attachment":[{"href":"https:\/\/zerohint.com\/tr\/wp-json\/wp\/v2\/media?parent=14514"}],"curies":[{"name":"wp","href":"https:\/\/api.w.org\/{rel}","templated":true}]}}