{"id":14531,"date":"2024-02-22T09:45:53","date_gmt":"2024-02-22T06:45:53","guid":{"rendered":"https:\/\/studios.redellion.com\/tr\/?page_id=14531"},"modified":"2024-11-04T19:34:01","modified_gmt":"2024-11-04T16:34:01","slug":"oyun-gelistirme-studyosu-tam-gelistirme","status":"publish","type":"page","link":"https:\/\/zerohint.com\/tr\/hizmetlerimiz\/oyun-gelistirme-studyosu-tam-gelistirme\/","title":{"rendered":"Oyun Geli\u015ftirme St\u00fcdyosu: Tam Geli\u015ftirme"},"content":{"rendered":"\n<h1 class=\"wp-block-heading\">Oyun Geli\u015ftirme St\u00fcdyosu: Tam Geli\u015ftirme<\/h1>\n\n\n\n<figure class=\"wp-block-image size-large\"><img decoding=\"async\" src=\"https:\/\/studios.redellion.com\/tr\/wp-content\/uploads\/sites\/6\/2024\/08\/sniper1-820x1024.jpg\" alt=\"\" class=\"wp-image-18808\"\/><\/figure>\n\n\n\n<p>ZeroHint olarak, oyun geli\u015ftirme hizmetlerinde uzmanla\u015fm\u0131\u015f \u00f6nc\u00fc bir st\u00fcdyoyuz. Oyun fikirlerinizi kavram a\u015famas\u0131ndan tamamlanm\u0131\u015f, etkileyici ve yenilik\u00e7i oyunlara d\u00f6n\u00fc\u015ft\u00fcr\u00fcyoruz. Deneyimli geli\u015ftiriciler, tasar\u0131mc\u0131lar ve sanat\u00e7\u0131lardan olu\u015fan ekibimiz, projenizin ba\u015far\u0131l\u0131 olmas\u0131n\u0131 sa\u011flamak i\u00e7in i\u015fbirli\u011fi i\u00e7inde \u00e7al\u0131\u015f\u0131r.<\/p>\n\n\n\n<h3 class=\"wp-block-heading\"><strong>Neden ZeroHint ile Tam Oyun Geli\u015ftirme?<\/strong><\/h3>\n\n\n\n<p>ZeroHint&#8217;da, kapsaml\u0131 oyun geli\u015ftirme s\u00fcrecimizle gurur duyuyoruz. Uzmanl\u0131\u011f\u0131m\u0131z, \u00e7e\u015fitli t\u00fcrlerde ve platformlarda oyunlar olu\u015fturmam\u0131za olanak tan\u0131r ve benzersiz, etkileyici oyun deneyimleri yarat\u0131r. \u0130\u015fte neden bir sonraki oyun geli\u015ftirme projeniz i\u00e7in bizimle i\u015fbirli\u011fi yapman\u0131z gerekti\u011fi:<\/p>\n\n\n\n<p><strong>Uzmanl\u0131\u011f\u0131m\u0131z:<\/strong><\/p>\n\n\n\n<ul class=\"wp-block-list\">\n<li><strong>\u00c7oklu Platform Geli\u015ftirme:<\/strong> PC, konsollar, mobil cihazlar ve web platformlar\u0131 i\u00e7in oyunlar geli\u015ftiriyoruz, b\u00f6ylece oyununuz en geni\u015f kitleye ula\u015f\u0131r.<\/li>\n\n\n\n<li><strong>\u00c7e\u015fitli T\u00fcrler:<\/strong> Portf\u00f6y\u00fcm\u00fcz, aksiyon, macera, bulmaca, RPG, sim\u00fclasyon ve daha fazlas\u0131n\u0131 i\u00e7eren \u00e7e\u015fitli oyun t\u00fcrlerini kapsar. Her t\u00fcr\u00fcn benzersiz gereksinimlerine uygun bir yakla\u015f\u0131m sunuyoruz.<\/li>\n\n\n\n<li><strong>Son Teknoloji:<\/strong> Unity ve Unreal Engine gibi en son ara\u00e7 ve teknolojileri kullanarak y\u00fcksek kaliteli, g\u00f6rsel olarak etkileyici oyunlar yarat\u0131yoruz.<\/li>\n\n\n\n<li><strong>Yarat\u0131c\u0131 Tasar\u0131m:<\/strong> Yarat\u0131c\u0131 ekibimiz, oyuncular\u0131 etkileyen hikayeler, s\u00fcr\u00fckleyici d\u00fcnyalar ve unutulmaz karakterler tasarlamada ustad\u0131r.<\/li>\n<\/ul>\n\n\n\n<p><strong>Geli\u015ftirme S\u00fcrecimiz:<\/strong><\/p>\n\n\n\n<ul class=\"wp-block-list\">\n<li><strong>Kavram ve Planlama:<\/strong> Vizyonunuzu ve hedeflerinizi anlamak i\u00e7in detayl\u0131 bir dan\u0131\u015fmanl\u0131k ile ba\u015flar\u0131z. Ekibimiz, kavram sanat\u0131, oyun mekanikleri ve tasar\u0131m belgeleri i\u00e7eren kapsaml\u0131 bir proje plan\u0131 olu\u015fturur.<\/li>\n\n\n\n<li><strong>Tasar\u0131m ve Prototipleme:<\/strong> Oynan\u0131\u015f mekaniklerini test etmek i\u00e7in prototipler geli\u015ftiririz ve bu a\u015famada geri bildirimlere dayanarak tasar\u0131mda iyile\u015ftirmeler yapar\u0131z.<\/li>\n\n\n\n<li><strong>Geli\u015ftirme:<\/strong> Geli\u015ftiricilerimiz oyununuzu hayata ge\u00e7irir, oynan\u0131\u015f\u0131 kodlar, sanat varl\u0131klar\u0131n\u0131 entegre eder ve oyun d\u00fcnyas\u0131n\u0131 in\u015fa eder. Performans\u0131 t\u00fcm hedef platformlarda optimize etmeye odaklan\u0131r\u0131z.<\/li>\n\n\n\n<li><strong>Test ve Kalite G\u00fcvencesi:<\/strong> Hatalar\u0131 belirlemek ve d\u00fczeltmek i\u00e7in kapsaml\u0131 testler yapar\u0131z, oyuncu deneyimini sorunsuz ve keyifli hale getiririz. QA ekibimiz i\u015flevsellik, performans ve kullan\u0131labilirlik testleri ger\u00e7ekle\u015ftirir.<\/li>\n\n\n\n<li><strong>Lansman ve Destek:<\/strong> Lansman s\u00fcrecinde yard\u0131mc\u0131 olur, da\u011f\u0131t\u0131m ve pazarlama deste\u011fi sunar\u0131z. Lansman sonras\u0131, oyununuzun sorunsuz \u00e7al\u0131\u015fmas\u0131n\u0131 sa\u011flamak i\u00e7in s\u00fcrekli bak\u0131m ve g\u00fcncellemeler sunar\u0131z.<\/li>\n<\/ul>\n\n\n\n<p><strong>Projelerimiz:<\/strong><\/p>\n\n\n\n<p>100.000+ oynanan web oyunlar\u0131ndan, yakla\u015f\u0131k 5 milyon kez indirilen mobil oyunlara kadar bir\u00e7ok projeyi ba\u015far\u0131yla tamamlad\u0131k. Portf\u00f6y\u00fcm\u00fcz\u00fc ziyaret ederek \u00e7al\u0131\u015fmalar\u0131m\u0131z\u0131 g\u00f6rebilir ve yeteneklerimiz hakk\u0131nda daha fazla bilgi edinebilirsiniz.<\/p>\n\n\n\n<h3 class=\"wp-block-heading\"><strong>Neden ZeroHint ile \u00c7al\u0131\u015fmal\u0131s\u0131n\u0131z?<\/strong><\/h3>\n\n\n\n<ul class=\"wp-block-list\">\n<li><strong>Deneyimli Ekip:<\/strong> Oyun geli\u015ftirme konusunda y\u0131llar\u0131n deneyimine sahip sekt\u00f6r veterenlerinden olu\u015fan bir ekibiz.<\/li>\n\n\n\n<li><strong>\u00d6zelle\u015ftirilmi\u015f \u00c7\u00f6z\u00fcmler:<\/strong> Her projenin \u00f6zel ihtiya\u00e7lar\u0131na uygun ki\u015fiselle\u015ftirilmi\u015f hizmetler sunuyoruz.<\/li>\n\n\n\n<li><strong>Yenilik\u00e7i Yakla\u015f\u0131m:<\/strong> Sekt\u00f6r trendlerinin \u00f6n\u00fcnde kalarak yenilik\u00e7i \u00e7\u00f6z\u00fcmler ve son teknoloji oyun deneyimleri sa\u011fl\u0131yoruz.<\/li>\n\n\n\n<li><strong>M\u00fc\u015fteri Memnuniyeti:<\/strong> Projeleri zaman\u0131nda ve b\u00fct\u00e7e dahilinde teslim etmeye odaklanarak m\u00fc\u015fteri memnuniyetini sa\u011fl\u0131yoruz.<\/li>\n<\/ul>\n\n\n\n<p><strong>\u0130\u015fbirli\u011fi Yapal\u0131m:<\/strong><\/p>\n\n\n\n<p>Oyun fikrinizi hayata ge\u00e7irmeye haz\u0131r m\u0131s\u0131n\u0131z? Kapsaml\u0131 oyun geli\u015ftirme hizmetleri i\u00e7in ZeroHint ile ortakl\u0131k kurun. Uzmanl\u0131\u011f\u0131m\u0131z ve kaliteye olan ba\u011fl\u0131l\u0131\u011f\u0131m\u0131z, bir sonraki projeniz i\u00e7in m\u00fckemmel se\u00e7im olmam\u0131z\u0131 sa\u011flar. Pazar\u0131n \u00f6ne \u00e7\u0131kan bir oyunu i\u00e7in birlikte \u00e7al\u0131\u015fal\u0131m.<\/p>\n\n\n\n<p><strong>\u0130leti\u015fime Ge\u00e7in:<\/strong><\/p>\n\n\n\n<p>Daha fazla bilgi almak veya projenizi tart\u0131\u015fmak i\u00e7in bizimle ileti\u015fime ge\u00e7in. Sizinle i\u015fbirli\u011fi yapmay\u0131 ve vizyonunuzu ger\u00e7e\u011fe d\u00f6n\u00fc\u015ft\u00fcrmeyi d\u00f6rt g\u00f6zle bekliyoruz.<\/p>\n","protected":false},"excerpt":{"rendered":"<p>Oyun Geli\u015ftirme St\u00fcdyosu: Tam Geli\u015ftirme ZeroHint olarak, oyun geli\u015ftirme hizmetlerinde uzmanla\u015fm\u0131\u015f \u00f6nc\u00fc bir st\u00fcdyoyuz. Oyun fikirlerinizi kavram a\u015famas\u0131ndan tamamlanm\u0131\u015f, etkileyici ve yenilik\u00e7i oyunlara d\u00f6n\u00fc\u015ft\u00fcr\u00fcyoruz. Deneyimli geli\u015ftiriciler, tasar\u0131mc\u0131lar ve sanat\u00e7\u0131lardan olu\u015fan ekibimiz, projenizin ba\u015far\u0131l\u0131 olmas\u0131n\u0131 sa\u011flamak i\u00e7in i\u015fbirli\u011fi i\u00e7inde \u00e7al\u0131\u015f\u0131r. Neden ZeroHint ile Tam Oyun Geli\u015ftirme? ZeroHint&#8217;da, kapsaml\u0131 oyun geli\u015ftirme s\u00fcrecimizle gurur duyuyoruz. Uzmanl\u0131\u011f\u0131m\u0131z, \u00e7e\u015fitli t\u00fcrlerde [&hellip;]<\/p>\n","protected":false},"author":1,"featured_media":0,"parent":19030,"menu_order":0,"comment_status":"open","ping_status":"closed","template":"","meta":{"inline_featured_image":false,"_monsterinsights_skip_tracking":false,"_monsterinsights_sitenote_active":false,"_monsterinsights_sitenote_note":"","_monsterinsights_sitenote_category":0,"footnotes":""},"class_list":["post-14531","page","type-page","status-publish","hentry"],"_links":{"self":[{"href":"https:\/\/zerohint.com\/tr\/wp-json\/wp\/v2\/pages\/14531","targetHints":{"allow":["GET"]}}],"collection":[{"href":"https:\/\/zerohint.com\/tr\/wp-json\/wp\/v2\/pages"}],"about":[{"href":"https:\/\/zerohint.com\/tr\/wp-json\/wp\/v2\/types\/page"}],"author":[{"embeddable":true,"href":"https:\/\/zerohint.com\/tr\/wp-json\/wp\/v2\/users\/1"}],"replies":[{"embeddable":true,"href":"https:\/\/zerohint.com\/tr\/wp-json\/wp\/v2\/comments?post=14531"}],"version-history":[{"count":1,"href":"https:\/\/zerohint.com\/tr\/wp-json\/wp\/v2\/pages\/14531\/revisions"}],"predecessor-version":[{"id":19386,"href":"https:\/\/zerohint.com\/tr\/wp-json\/wp\/v2\/pages\/14531\/revisions\/19386"}],"up":[{"embeddable":true,"href":"https:\/\/zerohint.com\/tr\/wp-json\/wp\/v2\/pages\/19030"}],"wp:attachment":[{"href":"https:\/\/zerohint.com\/tr\/wp-json\/wp\/v2\/media?parent=14531"}],"curies":[{"name":"wp","href":"https:\/\/api.w.org\/{rel}","templated":true}]}}