{"id":16293,"date":"2024-08-30T10:30:35","date_gmt":"2024-08-30T07:30:35","guid":{"rendered":"https:\/\/studios.redellion.com\/tr\/?page_id=16293"},"modified":"2024-11-04T19:31:12","modified_gmt":"2024-11-04T16:31:12","slug":"sss","status":"publish","type":"page","link":"https:\/\/zerohint.com\/tr\/sss\/","title":{"rendered":"SSS"},"content":{"rendered":"<div class=\"wpb-content-wrapper\"><p>[vc_section full_width=&#8221;stretch_row&#8221; css=&#8221;.vc_custom_1525090987637{margin-top: -35px !important;background-position: 0 0 !important;background-repeat: no-repeat !important;}&#8221;][vc_row][vc_column]<div id=\"1524035381731-5918752d-9461\" class=\"dt-sc-empty-space\"><\/div>[\/vc_column][\/vc_row][vc_row][vc_column]<div class='dt-sc-title with-two-border aligncenter'><h2>S\u0131k Sorulan Sorular<\/h2><\/div>[vc_row_inner][vc_column_inner width=&#8221;1\/6&#8243; offset=&#8221;vc_hidden-xs&#8221;][\/vc_column_inner][vc_column_inner width=&#8221;2\/3&#8243;][vc_custom_heading text=&#8221;Cevaplar\u0131n\u0131z\u0131 burada bulabilir veya bizimle ileti\u015fime ge\u00e7ebilirsiniz!&#8221; font_container=&#8221;tag:p|text_align:center&#8221; use_theme_fonts=&#8221;yes&#8221; css=&#8221;&#8221;][\/vc_column_inner][vc_column_inner width=&#8221;1\/6&#8243; offset=&#8221;vc_hidden-xs&#8221;][\/vc_column_inner][\/vc_row_inner][\/vc_column][\/vc_row][vc_row][vc_column offset=&#8221;vc_hidden-xs&#8221;]<div id=\"1524035732335-bdba866f-8d4d\" class=\"dt-sc-empty-space\"><\/div>[\/vc_column][\/vc_row][vc_row][vc_column]<div class='dt-sc-tabs-horizontal-frame-container type4' data-effect='fade'><ul class='dt-sc-tabs-horizontal-frame'><li><a href=\"javascript:void(0);\"><span class='fa fa-laptop'><\/span>Oyun Geli\u015ftirme<\/a><\/li><li><a href=\"javascript:void(0);\"><span class='fa fa-mobile'><\/span>Mobil Oyunlar<\/a><\/li><li><a href=\"javascript:void(0);\"><span class='fa fa-cube'><\/span>VR Geli\u015ftirme &amp; XR<\/a><\/li><li><a href=\"javascript:void(0);\"><span class='fa fa-paint-brush'><\/span>Oyun Grafik Tasar\u0131m\u0131<\/a><\/li><\/ul><div class='dt-sc-tabs-horizontal-frame-content'>[vc_row_inner][vc_column_inner width=&#8221;2\/3&#8243;][vc_column_text css=&#8221;.vc_custom_1725974410961{margin-bottom: 10px !important;}&#8221;]<\/p>\r\n<p>Ba\u015far\u0131yla tamamlad\u0131\u011f\u0131m\u0131z bir\u00e7ok proje bulunmakta; 100k+ oynanan web oyunlar\u0131ndan, neredeyse 5 milyon kez indirilen mobil oyunlara kadar, y\u00fcksek kaliteli oyunlar sunma yetene\u011fimizi g\u00f6steriyoruz. \u00c7al\u0131\u015fmalar\u0131m\u0131z\u0131n \u00f6rneklerini g\u00f6rmek ve yeteneklerimiz hakk\u0131nda daha fazla bilgi edinmek i\u00e7in <a href=\"https:\/\/zerohint.com\/tr\/portfolyo\/\">portf\u00f6y\u00fcm\u00fcze<\/a> g\u00f6z at\u0131n.<\/p>\r\n<p><strong>Geli\u015ftirme S\u00fcrecimiz:<\/strong><\/p>\r\n<!-- \/wp:paragraph -->\r\n<p>&nbsp;<\/p>\r\n<!-- wp:list {\"ordered\":true} -->\r\n<ol><!-- wp:list-item --><\/ol>\r\n<p>[\/vc_column_text]<div class='dt-sc-hr-invisible-xsmall '> <\/div><ol class='dt-sc-fancy-list   decimal'>\r\n<li><span><strong>Planlama:<\/strong> Vizyonunuzu ve hedeflerinizi anlamak i\u00e7in ayr\u0131nt\u0131l\u0131 bir dan\u0131\u015fmanl\u0131kla ba\u015fl\u0131yoruz. Ekibimiz, kavramsal sanat, oyun mekanikleri ve tasar\u0131m belgelerini i\u00e7eren kapsaml\u0131 bir proje plan\u0131 olu\u015fturur.<\/span><\/li>\r\n<li><span><strong>Tasar\u0131m ve Prototip Olu\u015fturma:<\/strong> Oynan\u0131\u015f mekaniklerini test etmek i\u00e7in prototipler geli\u015ftiriyoruz ve beklentilerinizi kar\u015f\u0131lay\u0131p kar\u015f\u0131lamad\u0131\u011f\u0131n\u0131 kontrol ediyoruz. Bu a\u015fama, geri bildirimlere dayal\u0131 olarak tasar\u0131m ayarlamalar\u0131 i\u00e7erir.<\/span><\/li>\r\n<li><span><strong>Geli\u015ftirme:<\/strong> Geli\u015ftiricilerimiz oyununuzu hayata ge\u00e7irir, oyun mekaniklerini kodlar, sanat varl\u0131klar\u0131n\u0131 entegre eder ve oyun d\u00fcnyas\u0131n\u0131 in\u015fa eder. T\u00fcm hedef platformlarda performans\u0131 optimize etmeye odaklan\u0131yoruz.<\/span><\/li>\r\n<li><span><strong>Test ve Kalite G\u00fcvencesi:<\/strong> Hatalar\u0131 tespit edip d\u00fczeltmek i\u00e7in kapsaml\u0131 testler yap\u0131yoruz ve oyuncu deneyiminin sorunsuz ve keyifli olmas\u0131n\u0131 sa\u011fl\u0131yoruz. QA ekibimiz i\u015flevsellik, performans ve kullan\u0131labilirlik testleri ger\u00e7ekle\u015ftirir.<\/span><\/li>\r\n<li><span><strong>Yay\u0131n ve Destek:<\/strong> Yay\u0131n s\u00fcrecine, da\u011f\u0131t\u0131m ve pazarlama deste\u011fi dahil olmak \u00fczere yard\u0131mc\u0131 oluyoruz. Yay\u0131n sonras\u0131, oyununuzun sorunsuz \u00e7al\u0131\u015fmas\u0131n\u0131 sa\u011flamak i\u00e7in s\u00fcrekli bak\u0131m ve g\u00fcncellemeler sunuyoruz.<\/span><\/li>\r\n<\/ol>[\/vc_column_inner][vc_column_inner width=&#8221;1\/3&#8243;]<img loading=\"lazy\" decoding=\"async\" width=\"650\" height=\"432\" src=\"https:\/\/zerohint.com\/tr\/wp-content\/uploads\/sites\/6\/2024\/08\/astar-strike-gameplay-1-5.jpg\" class=\"alignnone attachment-full\" alt=\"Multiplayer FPS Gameplay\" title=\"\" srcset=\"https:\/\/zerohint.com\/tr\/wp-content\/uploads\/sites\/6\/2024\/08\/astar-strike-gameplay-1-5.jpg 650w, https:\/\/zerohint.com\/tr\/wp-content\/uploads\/sites\/6\/2024\/08\/astar-strike-gameplay-1-5-300x199.jpg 300w, https:\/\/zerohint.com\/tr\/wp-content\/uploads\/sites\/6\/2024\/08\/astar-strike-gameplay-1-5-540x359.jpg 540w, https:\/\/zerohint.com\/tr\/wp-content\/uploads\/sites\/6\/2024\/08\/astar-strike-gameplay-1-5-600x399.jpg 600w\" sizes=\"auto, (max-width: 650px) 100vw, 650px\" \/>[\/vc_column_inner][\/vc_row_inner]<\/div><div class='dt-sc-tabs-horizontal-frame-content'>[vc_row_inner][vc_column_inner width=&#8221;1\/3&#8243;][\/vc_column_inner][vc_column_inner width=&#8221;2\/3&#8243;][vc_column_text css=&#8221;.vc_custom_1725974524176{margin-bottom: 10px !important;}&#8221;]<\/p>\r\n<p>Android ve iOS platformlar\u0131 i\u00e7in y\u00fcksek kaliteli mobil oyunlar geli\u015ftirmede uzman\u0131z. Ekibimiz, oyuncular\u0131n ilgisini \u00e7eken ve onlar\u0131 s\u00fcrekli olarak geri getiren etkileyici ve g\u00f6rsel olarak etkileyici mobil oyunlar sunmaya adanm\u0131\u015ft\u0131r. Yakla\u015f\u0131k 5 milyon indirme ile b\u00fcy\u00fck ba\u015far\u0131 yakalam\u0131\u015f oyunlar\u0131m\u0131z da dahil olmak \u00fczere kan\u0131tlanm\u0131\u015f bir ba\u015far\u0131 ge\u00e7mi\u015fine sahibiz. Mobil oyun geli\u015ftirme ihtiya\u00e7lar\u0131n\u0131z i\u00e7in m\u00fckemmel bir orta\u011f\u0131z.<\/p>\r\n<p>[\/vc_column_text]<div class='dt-sc-hr-invisible-xsmall '> <\/div><ol>\r\n<li><strong>\u00c7apraz Platform Geli\u015ftirme:<\/strong> Android ve iOS cihazlarda sorunsuz \u00e7al\u0131\u015fan oyunlar geli\u015ftiriyoruz, b\u00f6ylece geni\u015f bir kitleye ula\u015fabilir ve optimum kullan\u0131c\u0131 deneyimi sunabiliriz.<\/li>\r\n<li><strong>Performans Optimizasyonu:<\/strong> Oyunlar\u0131m\u0131z \u00e7e\u015fitli cihazlarda performans\u0131 optimize ederek, ak\u0131c\u0131 bir oynan\u0131\u015f ve h\u0131zl\u0131 y\u00fckleme s\u00fcreleri sa\u011flar.<\/li>\r\n<li><strong>Uygulama \u0130\u00e7i Sat\u0131n Al\u0131mlar ve Gelir Modellemesi:<\/strong> Gelir maksimize etmek i\u00e7in etkili monetizasyon stratejileri, uygulama i\u00e7i sat\u0131n al\u0131mlar, reklamlar ve abonelik modelleri entegre ediyoruz.<\/li>\r\n<li><strong>D\u00fczenli G\u00fcncellemeler ve Destek:<\/strong> Yay\u0131n sonras\u0131 s\u00fcrekli destek ve g\u00fcncellemeler sunarak, oyununuzun rekabet\u00e7i ve ilgi \u00e7ekici kalmas\u0131n\u0131 sa\u011fl\u0131yoruz.<\/li>\r\n<\/ol>[\/vc_column_inner][\/vc_row_inner]<\/div><div class='dt-sc-tabs-horizontal-frame-content'>[vc_row_inner][vc_column_inner width=&#8221;2\/3&#8243;][vc_column_text css=&#8221;.vc_custom_1725974616385{margin-bottom: 10px !important;}&#8221;]<\/p>\r\n<p>Redellion&#8217;\u0131 se\u00e7mek, XR teknolojisine tutkulu ve m\u00fckemmeliyete ba\u011fl\u0131 bir uzmanlar ekibiyle ortakl\u0131k yapmay\u0131 ifade eder. Hizmetlerimiz, m\u00fc\u015fterilerimizin \u00e7e\u015fitli ihtiya\u00e7lar\u0131n\u0131 kar\u015f\u0131layacak \u015fekilde tasarlanm\u0131\u015ft\u0131r ve her proje, belirli hedeflerine ula\u015facak \u015fekilde \u00f6zelle\u015ftirilir.<\/p>\r\n<p>[\/vc_column_text]<div class='dt-sc-hr-invisible-xsmall '> <\/div><ul class='dt-sc-fancy-list  with-skincolor-icon rounded-circle-tick'>\r\n<li><strong>\u00d6zel VR Geli\u015ftirme:<\/strong> \u0130htiya\u00e7lar\u0131n\u0131za uygun \u00f6zel VR uygulamalar\u0131 olu\u015fturuyoruz, oyun, e\u011fitim, e\u011fitim veya e\u011flence gibi \u00e7e\u015fitli alanlarda.<\/li>\r\n<li><strong>VR Ta\u015f\u0131nabilirlik:<\/strong> Mevcut uygulama ve oyunlar\u0131 VR&#8217;ye ta\u015f\u0131mak, yeteneklerini art\u0131rmak ve eri\u015fimlerini geni\u015fletmek i\u00e7in hizmet veriyoruz.<\/li>\r\n<li><strong>\u00c7apraz Platform \u00c7\u00f6z\u00fcmleri:<\/strong> VR \u00e7\u00f6z\u00fcmlerimiz, Oculus Rift, HTC Vive, PlayStation VR ve daha fazlas\u0131 gibi \u00e7e\u015fitli cihazlarla uyumludur.<\/li>\r\n<\/ul>[\/vc_column_inner][vc_column_inner width=&#8221;1\/3&#8243;]<img loading=\"lazy\" decoding=\"async\" width=\"900\" height=\"900\" src=\"https:\/\/zerohint.com\/tr\/wp-content\/uploads\/sites\/6\/2024\/08\/oculus-quest-2.jpg\" class=\"alignnone attachment-full\" alt=\"Oculus Quest 2 VR Outsourcing\" title=\"\" srcset=\"https:\/\/zerohint.com\/tr\/wp-content\/uploads\/sites\/6\/2024\/08\/oculus-quest-2.jpg 900w, https:\/\/zerohint.com\/tr\/wp-content\/uploads\/sites\/6\/2024\/08\/oculus-quest-2-300x300.jpg 300w, https:\/\/zerohint.com\/tr\/wp-content\/uploads\/sites\/6\/2024\/08\/oculus-quest-2-150x150.jpg 150w, https:\/\/zerohint.com\/tr\/wp-content\/uploads\/sites\/6\/2024\/08\/oculus-quest-2-768x768.jpg 768w, https:\/\/zerohint.com\/tr\/wp-content\/uploads\/sites\/6\/2024\/08\/oculus-quest-2-750x750.jpg 750w, https:\/\/zerohint.com\/tr\/wp-content\/uploads\/sites\/6\/2024\/08\/oculus-quest-2-540x540.jpg 540w\" sizes=\"auto, (max-width: 900px) 100vw, 900px\" \/>[\/vc_column_inner][\/vc_row_inner]<\/div><div class='dt-sc-tabs-horizontal-frame-content'>[vc_row_inner][vc_column_inner width=&#8221;2\/3&#8243;][vc_column_text css=&#8221;.vc_custom_1725974680820{margin-bottom: 10px !important;}&#8221;]<\/p>\r\n<p>Redellion ekibimiz, oyun sanat\u0131 yarat\u0131m\u0131n\u0131n \u00e7e\u015fitli y\u00f6nlerinde uzmanla\u015fm\u0131\u015ft\u0131r ve projenizin ihtiya\u00e7lar\u0131na uygun kapsaml\u0131 bir hizmet yelpazesi sunar. En son ara\u00e7 ve teknikleri kullanarak, sanat varl\u0131klar\u0131m\u0131z\u0131n hem g\u00f6rsel olarak etkileyici hem de performans a\u00e7\u0131s\u0131ndan optimize edilmi\u015f olmas\u0131n\u0131 sa\u011fl\u0131yoruz.<\/p>\r\n<p>[\/vc_column_text]<div class='dt-sc-hr-invisible-xsmall '> <\/div><ul class='dt-sc-fancy-list  with-skincolor-icon rounded-circle-tick'>\r\n<li><strong>Konsept Sanat\u0131:<\/strong> Sanat\u00e7\u0131lar\u0131m\u0131z, oyununuza g\u00f6rsel stilin temelini olu\u015fturan detayl\u0131 ve yarat\u0131c\u0131 konsept sanatlar\u0131 ile fikirlerinizi hayata ge\u00e7irebilir.<\/li>\r\n<li><strong>Karakter Tasar\u0131m\u0131:<\/strong> Oyuncularla ba\u011f kuran ve oyununuzun evrenine m\u00fckemmel uyum sa\u011flayan unutulmaz ve benzersiz karakterler tasarl\u0131yoruz.<\/li>\r\n<li><strong>\u00c7evre Sanat\u0131:<\/strong> Ye\u015fil manzaralardan karma\u015f\u0131k i\u00e7 mekanlara kadar, oyuncular\u0131 oyun d\u00fcnyan\u0131za dald\u0131ran \u00e7evreler tasarl\u0131yoruz.<\/li>\r\n<li><strong>2D ve 3D Varl\u0131k Olu\u015fturma:<\/strong> Modeller, dokular ve animasyonlar dahil olmak \u00fczere y\u00fcksek kaliteli 2D ve 3D varl\u0131klar \u00fcretiyoruz ve bunlar\u0131n oyununuzda entegrasyona haz\u0131r olmas\u0131n\u0131 sa\u011fl\u0131yoruz.<\/li>\r\n<li><strong>UI\/UX Tasar\u0131m\u0131:<\/strong> Oyuncu deneyimini geli\u015ftiren sezgisel ve estetik a\u00e7\u0131dan ho\u015f kullan\u0131c\u0131 aray\u00fczleri tasarl\u0131yoruz.<\/li>\r\n<\/ul>[\/vc_column_inner][vc_column_inner width=&#8221;1\/3&#8243;]<img loading=\"lazy\" decoding=\"async\" width=\"1920\" height=\"1080\" src=\"https:\/\/zerohint.com\/tr\/wp-content\/uploads\/sites\/6\/2018\/06\/beaverRender.jpg\" class=\"alignnone attachment-full\" alt=\"Game Art Render\" title=\"\" srcset=\"https:\/\/zerohint.com\/tr\/wp-content\/uploads\/sites\/6\/2018\/06\/beaverRender.jpg 1920w, https:\/\/zerohint.com\/tr\/wp-content\/uploads\/sites\/6\/2018\/06\/beaverRender-300x169.jpg 300w, https:\/\/zerohint.com\/tr\/wp-content\/uploads\/sites\/6\/2018\/06\/beaverRender-1024x576.jpg 1024w, https:\/\/zerohint.com\/tr\/wp-content\/uploads\/sites\/6\/2018\/06\/beaverRender-768x432.jpg 768w, https:\/\/zerohint.com\/tr\/wp-content\/uploads\/sites\/6\/2018\/06\/beaverRender-1536x864.jpg 1536w, https:\/\/zerohint.com\/tr\/wp-content\/uploads\/sites\/6\/2018\/06\/beaverRender-750x422.jpg 750w, https:\/\/zerohint.com\/tr\/wp-content\/uploads\/sites\/6\/2018\/06\/beaverRender-540x304.jpg 540w\" sizes=\"auto, (max-width: 1920px) 100vw, 1920px\" \/>[\/vc_column_inner][\/vc_row_inner]<\/div><\/div><div id=\"1525087284888-e24a7f30-6e89\" class=\"dt-sc-empty-space\"><\/div>[\/vc_column][\/vc_row][\/vc_section][vc_section][vc_row][vc_column]<div id=\"1525088781770-ee29b1d3-e44b\" class=\"dt-sc-empty-space\"><\/div>[\/vc_column][\/vc_row][vc_row][vc_column]<div class='dt-sc-title with-two-border aligncenter'><h2>SSS<\/h2><\/div>[vc_row_inner][vc_column_inner width=&#8221;1\/6&#8243; offset=&#8221;vc_hidden-xs&#8221;][\/vc_column_inner][vc_column_inner width=&#8221;2\/3&#8243;][vc_custom_heading text=&#8221;Oyun geli\u015ftirme, android ve ios geli\u015ftirme, portlama ve daha bir\u00e7ok konu hakk\u0131nda en \u00e7ok sorulan sorular.&#8221; font_container=&#8221;tag:p|text_align:center&#8221; use_theme_fonts=&#8221;yes&#8221; css=&#8221;&#8221;][\/vc_column_inner][vc_column_inner width=&#8221;1\/6&#8243; offset=&#8221;vc_hidden-xs&#8221;][\/vc_column_inner][\/vc_row_inner][\/vc_column][\/vc_row][vc_row][vc_column offset=&#8221;vc_hidden-xs&#8221;]<div id=\"1525088845491-7c015ff3-3010\" class=\"dt-sc-empty-space\"><\/div>[\/vc_column][\/vc_row][vc_row][vc_column]<div class='dt-sc-toggle-frame-set type3 '><div class=\"dt-sc-toggle-frame\">\t<h5 class='dt-sc-toggle-accordion '><a href='#'>&#8221;Oyun<\/a><\/h5>\t<div class=\"dt-sc-toggle-content\" style=\"display: none;\">\t\t<div class=\"block\">[vc_column_text css=&#8221;&#8221;]<\/p>\r\n<p>Bir oyun <strong>fikriniz<\/strong> varsa ancak bilgi eksikli\u011finiz veya zaman\u0131n\u0131z yoksa, oyun geli\u015ftirme deste\u011fi tam size g\u00f6re. Oyun vizyonlar\u0131n\u0131z\u0131 <strong>hayata ge\u00e7irme<\/strong> konusunda uzman\u0131z. Projenizi d\u0131\u015f kaynak kullan\u0131m\u0131yla geli\u015ftirmek istiyorsan\u0131z, <a href=\"https:\/\/zerohint.com\/tr\/iletisim\/\">bizimle ileti\u015fime ge\u00e7in.<\/a><\/p>\r\n<p>[\/vc_column_text]\t\t<\/div>\t<\/div><\/div><div class=\"dt-sc-toggle-frame\">\t<h5 class='dt-sc-toggle-accordion '><a href='#'>&#8221;Portlama<\/a><\/h5>\t<div class=\"dt-sc-toggle-content\" style=\"display: none;\">\t\t<div class=\"block\">[vc_column_text css=&#8221;&#8221;]<\/p>\r\n<p>Portlama, bir oyunu veya projeyi <strong>farkl\u0131 platformlarda<\/strong> (web, mobil, PC veya VR gibi) \u00e7al\u0131\u015facak \u015fekilde uyarlama s\u00fcrecidir. Bu, daha <strong>geni\u015f bir kitleye<\/strong> ula\u015fman\u0131z\u0131 sa\u011flar. E\u011fer bir platforma yeniyseniz veya gerekli zamana sahip de\u011filseniz, oyun portlama konusundaki uzmanl\u0131\u011f\u0131m\u0131z bu bo\u015flu\u011fu sorunsuz bir \u015fekilde kapatabilir. Oyunuzu portlamak istiyorsan\u0131z, detaylar i\u00e7in <a href=\"https:\/\/zerohint.com\/tr\/hizmetlerimiz\/vr-gelistirme-ve-porting-xr-cozumleri\/\">buray\u0131<\/a> ziyaret edin!<\/p>\r\n<p>[\/vc_column_text]\t\t<\/div>\t<\/div><\/div><div class=\"dt-sc-toggle-frame\">\t<h5 class='dt-sc-toggle-accordion '><a href='#'>&#8221;Ko-sourcing<\/a><\/h5>\t<div class=\"dt-sc-toggle-content\" style=\"display: none;\">\t\t<div class=\"block\">[vc_column_text css=&#8221;&#8221;]<\/p>\r\n<p>Ko-sourcing, zaman k\u0131s\u0131tlamalar\u0131, bilgi eksiklikleri, dan\u0131\u015fmanl\u0131k ihtiyac\u0131 veya maliyetleri d\u00fc\u015f\u00fcrme hedefleriniz i\u00e7in <strong>i\u015fbirlik\u00e7i<\/strong> bir \u00e7\u00f6z\u00fcm sunar. \u0130lk g\u00f6r\u00fc\u015fmenin ard\u0131ndan, s\u00fcrecinize <strong>entegre<\/strong> olarak, hedeflerinize ula\u015fmak i\u00e7in birlikte \u00e7al\u0131\u015f\u0131r\u0131z. Projenizde i\u015fbirli\u011fi yapmak isterseniz, <a href=\"https:\/\/zerohint.com\/tr\/iletisim\/\">bizimle ileti\u015fime ge\u00e7in.<\/a><\/p>\r\n<p>[\/vc_column_text]\t\t<\/div>\t<\/div><\/div><div class=\"dt-sc-toggle-frame\">\t<h5 class='dt-sc-toggle-accordion '><a href='#'>&#8221;Hangi<\/a><\/h5>\t<div class=\"dt-sc-toggle-content\" style=\"display: none;\">\t\t<div class=\"block\">[vc_column_text css=&#8221;&#8221;]<\/p>\r\n<p>Multiplayer, sanal ger\u00e7eklik, PC, web taray\u0131c\u0131 ve mobil oyun geli\u015ftirmede benzersiz bir beceriye sahibiz. Ayr\u0131ca, porting, Web3, blockchain entegrasyonu, yerelle\u015ftirme, sim\u00fclasyonlar ve e\u011fitim projelerinde de uzman\u0131z. Hizmetlerimizin tamam\u0131n\u0131 <a href=\"https:\/\/zerohint.com\/tr\/hizmetlerimiz\/\">buradan ke\u015ffedin<\/a>.<\/p>\r\n<p>[\/vc_column_text]\t\t<\/div>\t<\/div><\/div><div class=\"dt-sc-toggle-frame\">\t<h5 class='dt-sc-toggle-accordion '><a href='#'>&#8221;Nas\u0131l<\/a><\/h5>\t<div class=\"dt-sc-toggle-content\" style=\"display: none;\">\t\t<div class=\"block\">[vc_column_text css=&#8221;&#8221;]<\/p>\r\n<p>\u0130lk toplant\u0131m\u0131z\u0131n ard\u0131ndan, ilk <strong>MVP<\/strong> (Minimum Viable Product) i\u00e7in bir zaman \u00e7izelgesi belirleriz. MVP&#8217;nin tamamlanmas\u0131n\u0131n ard\u0131ndan projeyi detayl\u0131 \u015fekilde ele al\u0131r\u0131z. Yakla\u015f\u0131m\u0131m\u0131z, projeyi <strong>sprint<\/strong>lere ay\u0131rarak s\u00fcrekli iyile\u015ftirmeler ve d\u00fczenli <strong>geri bildirim<\/strong> sa\u011flar. Projenin sonunda, ilerlemesini yak\u0131ndan izledi\u011finiz ve etkiledi\u011finiz bir \u00fcr\u00fcn elde edersiniz. Projenizi d\u0131\u015far\u0131dan destek almak i\u00e7in <a href=\"https:\/\/zerohint.com\/tr\/iletisim\/\">bizimle ileti\u015fime ge\u00e7in.<\/a><\/p>\r\n<p>[\/vc_column_text]\t\t<\/div>\t<\/div><\/div><div class=\"dt-sc-toggle-frame\">\t<h5 class='dt-sc-toggle-accordion '><a href='#'>&#8221;Oyun<\/a><\/h5>\t<div class=\"dt-sc-toggle-content\" style=\"display: none;\">\t\t<div class=\"block\">[vc_column_text css=&#8221;&#8221;]<\/p>\r\n<p>Oyun geli\u015ftirme s\u00fcresi, oyunun karma\u015f\u0131kl\u0131\u011f\u0131na ba\u011fl\u0131 olarak de\u011fi\u015fir. Basit taray\u0131c\u0131 oyunlar\u0131 veya hiper-basit oyunlar i\u00e7in bir ay s\u00fcrebilirken, daha <strong>karma\u015f\u0131k<\/strong> projelerde s\u00fcre daha uzun olabilir. \u0130htiya\u00e7lar\u0131n\u0131za g\u00f6re ek kaynaklar tahsis ederek s\u00fcreci <strong>h\u0131zland\u0131rabiliriz<\/strong>.<\/p>\r\n<p>[\/vc_column_text]\t\t<\/div>\t<\/div><\/div><div class=\"dt-sc-toggle-frame\">\t<h5 class='dt-sc-toggle-accordion '><a href='#'>&#8221;Projemi<\/a><\/h5>\t<div class=\"dt-sc-toggle-content\" style=\"display: none;\">\t\t<div class=\"block\">[vc_column_text css=&#8221;&#8221;]<\/p>\r\n<p>Oyun tasar\u0131m\u0131, pazarlama kanallar\u0131, do\u011fru hedef kitle se\u00e7imi veya \u00f6zelliklerin belirlenmesi gibi <strong>kararlarla<\/strong> m\u00fccadele ediyorsan\u0131z, birlikte \u00e7al\u0131\u015fal\u0131m. <a href=\"https:\/\/zerohint.com\/tr\/iletisim\/\">Hemen bir <strong>toplant\u0131<\/strong> planlay\u0131n<\/a>, b\u00f6ylece bu konularda bilin\u00e7li se\u00e7imler yapmam\u0131z i\u00e7in birlikte \u00e7al\u0131\u015fal\u0131m. Ekibimiz, oyununuzun ba\u015far\u0131s\u0131n\u0131 sa\u011flamak i\u00e7in geni\u015f bir <strong>deneyim<\/strong> sunar.<\/p>\r\n<p>[\/vc_column_text]\t\t<\/div>\t<\/div><\/div><div class=\"dt-sc-toggle-frame\">\t<h5 class='dt-sc-toggle-accordion '><a href='#'>&#8221;Projemde<\/a><\/h5>\t<div class=\"dt-sc-toggle-content\" style=\"display: none;\">\t\t<div class=\"block\">[vc_column_text css=&#8221;&#8221;]<\/p>\r\n<p>Proje geli\u015ftirme s\u00fcrecimiz, s\u00fcrekli <strong>ileti\u015fim<\/strong> ile desteklenir, b\u00f6ylece ilerlemeyi g\u00f6rebilir ve yolda <strong>d\u00fczenlemeler<\/strong> yapabilirsiniz. Planlanan s\u00fcre i\u00e7inde kal\u0131rken, istedi\u011finiz <strong>de\u011fi\u015fiklikleri<\/strong> ger\u00e7ekle\u015ftirmemize olanak tan\u0131r, b\u00f6ylece nihai \u00fcr\u00fcn\u00fcn\u00fcz\u00fcn vizyonunuzla uyumlu olmas\u0131n\u0131 sa\u011flar.<\/p>\r\n<p>[\/vc_column_text]\t\t<\/div>\t<\/div><\/div><div class=\"dt-sc-toggle-frame\">\t<h5 class='dt-sc-toggle-accordion '><a href='#'>&#8221;Mobil<\/a><\/h5>\t<div class=\"dt-sc-toggle-content\" style=\"display: none;\">\t\t<div class=\"block\">[vc_column_text css=&#8221;&#8221;]<\/p>\r\n<p>Mobil oyun geli\u015ftirme maliyetleri, geli\u015fmekte olan bu pazara girmek isteyen herkes i\u00e7in merak konusudur. Genel olarak, mobil oyun geli\u015ftirme maliyetleri 3.000 dolardan 1 milyona kadar de\u011fi\u015febilir. Ancak, bu geni\u015f aral\u0131k sorunuza mant\u0131kl\u0131 bir cevap gibi g\u00f6r\u00fcnmeyebilir. Konuyu detayl\u0131 bir \u015fekilde ele ald\u0131\u011f\u0131m\u0131z makalemizi <a href=\"#\">buradan<\/a> okuyabilirsiniz.<\/p>\r\n<p>[\/vc_column_text]\t\t<\/div>\t<\/div><\/div><\/div>[\/vc_column][\/vc_row][vc_row][vc_column]<div id=\"1525089380280-9bf3206c-19c0\" class=\"dt-sc-empty-space\"><\/div>[\/vc_column][\/vc_row][\/vc_section]<\/p><\/div>","protected":false},"excerpt":{"rendered":"<p>[vc_section full_width=&#8221;stretch_row&#8221; css=&#8221;.vc_custom_1525090987637{margin-top: -35px !important;background-position: 0 0 !important;background-repeat: no-repeat !important;}&#8221;][vc_row][vc_column][\/vc_column][\/vc_row][vc_row][vc_column][vc_row_inner][vc_column_inner width=&#8221;1\/6&#8243; offset=&#8221;vc_hidden-xs&#8221;][\/vc_column_inner][vc_column_inner width=&#8221;2\/3&#8243;][vc_custom_heading text=&#8221;Cevaplar\u0131n\u0131z\u0131 burada bulabilir veya bizimle ileti\u015fime ge\u00e7ebilirsiniz!&#8221; font_container=&#8221;tag:p|text_align:center&#8221; use_theme_fonts=&#8221;yes&#8221; css=&#8221;&#8221;][\/vc_column_inner][vc_column_inner width=&#8221;1\/6&#8243; offset=&#8221;vc_hidden-xs&#8221;][\/vc_column_inner][\/vc_row_inner][\/vc_column][\/vc_row][vc_row][vc_column offset=&#8221;vc_hidden-xs&#8221;][\/vc_column][\/vc_row][vc_row][vc_column][\/vc_column][\/vc_row][\/vc_section][vc_section][vc_row][vc_column][\/vc_column][\/vc_row][vc_row][vc_column][vc_row_inner][vc_column_inner width=&#8221;1\/6&#8243; offset=&#8221;vc_hidden-xs&#8221;][\/vc_column_inner][vc_column_inner width=&#8221;2\/3&#8243;][vc_custom_heading text=&#8221;Oyun geli\u015ftirme, android ve ios geli\u015ftirme, portlama ve daha bir\u00e7ok konu hakk\u0131nda en \u00e7ok sorulan sorular.&#8221; font_container=&#8221;tag:p|text_align:center&#8221; use_theme_fonts=&#8221;yes&#8221; css=&#8221;&#8221;][\/vc_column_inner][vc_column_inner width=&#8221;1\/6&#8243; offset=&#8221;vc_hidden-xs&#8221;][\/vc_column_inner][\/vc_row_inner][\/vc_column][\/vc_row][vc_row][vc_column offset=&#8221;vc_hidden-xs&#8221;][\/vc_column][\/vc_row][vc_row][vc_column][\/vc_column][\/vc_row][vc_row][vc_column][\/vc_column][\/vc_row][\/vc_section]<\/p>\n","protected":false},"author":1,"featured_media":0,"parent":0,"menu_order":2,"comment_status":"closed","ping_status":"closed","template":"","meta":{"inline_featured_image":false,"_monsterinsights_skip_tracking":false,"_monsterinsights_sitenote_active":false,"_monsterinsights_sitenote_note":"","_monsterinsights_sitenote_category":0,"footnotes":""},"class_list":["post-16293","page","type-page","status-publish","hentry"],"_links":{"self":[{"href":"https:\/\/zerohint.com\/tr\/wp-json\/wp\/v2\/pages\/16293","targetHints":{"allow":["GET"]}}],"collection":[{"href":"https:\/\/zerohint.com\/tr\/wp-json\/wp\/v2\/pages"}],"about":[{"href":"https:\/\/zerohint.com\/tr\/wp-json\/wp\/v2\/types\/page"}],"author":[{"embeddable":true,"href":"https:\/\/zerohint.com\/tr\/wp-json\/wp\/v2\/users\/1"}],"replies":[{"embeddable":true,"href":"https:\/\/zerohint.com\/tr\/wp-json\/wp\/v2\/comments?post=16293"}],"version-history":[{"count":2,"href":"https:\/\/zerohint.com\/tr\/wp-json\/wp\/v2\/pages\/16293\/revisions"}],"predecessor-version":[{"id":19379,"href":"https:\/\/zerohint.com\/tr\/wp-json\/wp\/v2\/pages\/16293\/revisions\/19379"}],"wp:attachment":[{"href":"https:\/\/zerohint.com\/tr\/wp-json\/wp\/v2\/media?parent=16293"}],"curies":[{"name":"wp","href":"https:\/\/api.w.org\/{rel}","templated":true}]}}