{"id":19030,"date":"2024-08-08T16:37:07","date_gmt":"2024-08-08T13:37:07","guid":{"rendered":"https:\/\/studios.redellion.com\/tr\/?page_id=19030"},"modified":"2024-11-04T19:28:36","modified_gmt":"2024-11-04T16:28:36","slug":"hizmetlerimiz","status":"publish","type":"page","link":"https:\/\/zerohint.com\/tr\/hizmetlerimiz\/","title":{"rendered":"Hizmetlerimiz"},"content":{"rendered":"<div class=\"wpb-content-wrapper\"><p>[vc_row][vc_column]<div class='dt-sc-title with-two-border '><h1>Hizmetlerimiz<\/h1><\/div><div class='dt-sc-hr-invisible-xsmall '> <\/div>[vc_column_text css=&#8221;&#8221;]Hizmetlerimizin tam listesine g\u00f6z at\u0131n \u2013 her departman\u0131m\u0131z, taleplerinizi en iyi \u015fekilde anlayan ve i\u015fletmenize do\u011frudan fayda sa\u011flayacak etkili sonu\u00e7lar \u00fcreten uzmanlardan olu\u015fur.[\/vc_column_text][vc_row_inner][vc_column_inner width=&#8221;1\/3&#8243;]<div class='dt-sc-image-caption type8 '><div class='dt-sc-image-wrapper'><img loading=\"lazy\" decoding=\"async\" width=\"1920\" height=\"1080\" src=\"https:\/\/zerohint.com\/tr\/wp-content\/uploads\/sites\/6\/2024\/08\/astar-strike-gameplay.jpg\" class=\"attachment-full\" alt=\"Multiplayer FPS Gameplay\" title=\"\" srcset=\"https:\/\/zerohint.com\/tr\/wp-content\/uploads\/sites\/6\/2024\/08\/astar-strike-gameplay.jpg 1920w, https:\/\/zerohint.com\/tr\/wp-content\/uploads\/sites\/6\/2024\/08\/astar-strike-gameplay-300x169.jpg 300w, https:\/\/zerohint.com\/tr\/wp-content\/uploads\/sites\/6\/2024\/08\/astar-strike-gameplay-1024x576.jpg 1024w, https:\/\/zerohint.com\/tr\/wp-content\/uploads\/sites\/6\/2024\/08\/astar-strike-gameplay-768x432.jpg 768w, https:\/\/zerohint.com\/tr\/wp-content\/uploads\/sites\/6\/2024\/08\/astar-strike-gameplay-1536x864.jpg 1536w, https:\/\/zerohint.com\/tr\/wp-content\/uploads\/sites\/6\/2024\/08\/astar-strike-gameplay-750x422.jpg 750w, https:\/\/zerohint.com\/tr\/wp-content\/uploads\/sites\/6\/2024\/08\/astar-strike-gameplay-540x304.jpg 540w, https:\/\/zerohint.com\/tr\/wp-content\/uploads\/sites\/6\/2024\/08\/astar-strike-gameplay-600x338.jpg 600w\" sizes=\"auto, (max-width: 1920px) 100vw, 1920px\" \/><\/div><div class='dt-sc-image-content'><div class='dt-sc-image-title'><h3><a href=\"https:\/\/zerohint.com\/tr\/hizmetlerimiz\/oyun-gelistirme-studyosu-tam-gelistirme\/\" target=\"_self\" title=\"Oyun Geli\u015ftirme St\u00fcdyosu: Tam Geli\u015ftirme\">Oyun Geli\u015ftirme<\/a><\/h3><\/div><p>PC, konsollar, mobil cihazlar ve web platformlar\u0131 i\u00e7in oyunlar geli\u015ftiriyor, oyununuzun en geni\u015f kitleye ula\u015fmas\u0131n\u0131 sa\u011fl\u0131yoruz.<\/p><\/div><\/div>[\/vc_column_inner][vc_column_inner width=&#8221;1\/3&#8243;]<div class='dt-sc-image-caption type8 '><div class='dt-sc-image-wrapper'><img loading=\"lazy\" decoding=\"async\" width=\"1920\" height=\"1080\" src=\"https:\/\/zerohint.com\/tr\/wp-content\/uploads\/sites\/6\/2024\/08\/redellion-mobile-games.jpg\" class=\"attachment-full\" alt=\"Mobile Game Outsourcing Studio\" title=\"\" srcset=\"https:\/\/zerohint.com\/tr\/wp-content\/uploads\/sites\/6\/2024\/08\/redellion-mobile-games.jpg 1920w, https:\/\/zerohint.com\/tr\/wp-content\/uploads\/sites\/6\/2024\/08\/redellion-mobile-games-300x169.jpg 300w, https:\/\/zerohint.com\/tr\/wp-content\/uploads\/sites\/6\/2024\/08\/redellion-mobile-games-1024x576.jpg 1024w, https:\/\/zerohint.com\/tr\/wp-content\/uploads\/sites\/6\/2024\/08\/redellion-mobile-games-768x432.jpg 768w, https:\/\/zerohint.com\/tr\/wp-content\/uploads\/sites\/6\/2024\/08\/redellion-mobile-games-1536x864.jpg 1536w, https:\/\/zerohint.com\/tr\/wp-content\/uploads\/sites\/6\/2024\/08\/redellion-mobile-games-750x422.jpg 750w, https:\/\/zerohint.com\/tr\/wp-content\/uploads\/sites\/6\/2024\/08\/redellion-mobile-games-540x304.jpg 540w\" sizes=\"auto, (max-width: 1920px) 100vw, 1920px\" \/><\/div><div class='dt-sc-image-content'><div class='dt-sc-image-title'><h3><a href=\"https:\/\/zerohint.com\/tr\/hizmetlerimiz\/mobil-oyun-gelistirme-android-ve-ios-oyun-uretimi\/\" target=\"_self\" title=\"Mobil Oyun Geli\u015ftirme: Android ve IOS Oyun \u00dcretimi\">Mobil Oyunlar (IOS &amp; Android)<\/a><\/h3><\/div><p>Android ve iOS cihazlar i\u00e7in oyunlar geli\u015ftiriyor, geni\u015f bir kitleye ula\u015fman\u0131z\u0131 ve en iyi kullan\u0131c\u0131 deneyimini sunman\u0131z\u0131 sa\u011fl\u0131yoruz.<\/p><\/div><\/div>[\/vc_column_inner][vc_column_inner width=&#8221;1\/3&#8243;]<div class='dt-sc-image-caption type8 '><div class='dt-sc-image-wrapper'><img loading=\"lazy\" decoding=\"async\" width=\"1920\" height=\"1080\" src=\"https:\/\/zerohint.com\/tr\/wp-content\/uploads\/sites\/6\/2024\/08\/MeetingRoom.jpg\" class=\"attachment-full\" alt=\"Web3 Metaverse Development Thirdweb\" title=\"\" srcset=\"https:\/\/zerohint.com\/tr\/wp-content\/uploads\/sites\/6\/2024\/08\/MeetingRoom.jpg 1920w, https:\/\/zerohint.com\/tr\/wp-content\/uploads\/sites\/6\/2024\/08\/MeetingRoom-300x169.jpg 300w, https:\/\/zerohint.com\/tr\/wp-content\/uploads\/sites\/6\/2024\/08\/MeetingRoom-1024x576.jpg 1024w, https:\/\/zerohint.com\/tr\/wp-content\/uploads\/sites\/6\/2024\/08\/MeetingRoom-768x432.jpg 768w, https:\/\/zerohint.com\/tr\/wp-content\/uploads\/sites\/6\/2024\/08\/MeetingRoom-1536x864.jpg 1536w, https:\/\/zerohint.com\/tr\/wp-content\/uploads\/sites\/6\/2024\/08\/MeetingRoom-750x422.jpg 750w, https:\/\/zerohint.com\/tr\/wp-content\/uploads\/sites\/6\/2024\/08\/MeetingRoom-540x304.jpg 540w\" sizes=\"auto, (max-width: 1920px) 100vw, 1920px\" \/><\/div><div class='dt-sc-image-content'><div class='dt-sc-image-title'><h3><a href=\"https:\/\/zerohint.com\/tr\/hizmetlerimiz\/vr-gelistirme-ve-porting-xr-cozumleri\/\" target=\"_self\" title=\"VR Geli\u015ftirme ve Porting: XR \u00c7\u00f6z\u00fcmleri\">VR &amp; Metaverse &amp; Blockchain<\/a><\/h3><\/div><p>Uzmanl\u0131k alan\u0131m\u0131z; Sanal Ger\u00e7eklik (VR) geli\u015ftirme, thirdweb, blockchain ve metaverse \u00e7\u00f6z\u00fcmleri ile fikirlerinizi hayata ge\u00e7irmektir.<\/p><\/div><\/div>[\/vc_column_inner][\/vc_row_inner]<div class='dt-sc-hr-invisible-medium '> <\/div><div id=\"1513675653026-8584e249-2934\" class=\"dt-sc-empty-space\"><\/div>[\/vc_column][\/vc_row][vc_row full_width=&#8221;stretch_row_content_no_spaces&#8221;][vc_column width=&#8221;1\/6&#8243; el_class=&#8221;column dt-sc-one-fifth no-space&#8221;]<div class='dt-sc-icon-box type1 '><div class=\"icon-wrapper\"><span class='icon icon-tools'> <\/span><\/div><div class=\"icon-content\"><h4>\u00d6zelle\u015ftirilmi\u015f Oyun Sanat Tasar\u0131m\u0131 ve Geli\u015ftirme<\/h4><p>Sanat yarat\u0131m\u0131ndan tam kapsaml\u0131 oyun geli\u015ftirmeye kadar sundu\u011fumuz t\u00fcm hizmetler, esnek metodolojiler kullan\u0131larak ve m\u00fc\u015fteri gereksinimlerine dikkat edilerek etkili sonu\u00e7lar elde etmek \u00fczere uygulanmaktad\u0131r.<\/p><\/div><span class='icon icon-tools large-icon'> <\/span><\/div>[\/vc_column][vc_column width=&#8221;1\/6&#8243; el_class=&#8221;column dt-sc-one-fifth no-space&#8221;]<div class='dt-sc-icon-box type1 '><div class=\"icon-wrapper\"><span class='icon icon-uploadcloud'> <\/span><\/div><div class=\"icon-content\"><h4>\u015eeffaf ve G\u00fcvenilir \u0130leti\u015fim<\/h4><p>M\u00fc\u015fteriler, t\u00fcm i\u015f ak\u0131\u015f\u0131n\u0131 s\u00fcrekli olarak izleme ve ilgi duyduklar\u0131 her konuda an\u0131nda geri bildirim alma imk\u00e2n\u0131na sahiptir; bu da %90 oran\u0131nda tekrar i\u015f f\u0131rsatlar\u0131n\u0131 garanti eder.<\/p><\/div><span class='icon icon-uploadcloud large-icon'> <\/span><\/div>[\/vc_column][vc_column width=&#8221;1\/6&#8243; el_class=&#8221;column dt-sc-one-fifth no-space&#8221;]<div class='dt-sc-icon-box type1 '><div class=\"icon-wrapper\"><span class='icon icon-edit'> <\/span><\/div><div class=\"icon-content\"><h4>Hizmet \u00c7e\u015fitlili\u011fi<\/h4><p>En son teknolojiler ve uzmanl\u0131\u011f\u0131m\u0131z\u0131 kullanarak oyun tasar\u0131m\u0131 ve geli\u015ftirmeye dair kapsaml\u0131 hizmetler sunuyoruz. Her b\u00f6l\u00fcmde d\u00fcnya \u00e7ap\u0131nda uzmanlar taraf\u0131ndan ger\u00e7ekle\u015ftirilen hizmetlerimizin tam listesini inceleyin.<\/p><\/div><span class='icon icon-edit large-icon'> <\/span><\/div>[\/vc_column][vc_column width=&#8221;1\/6&#8243; el_class=&#8221;column dt-sc-one-fifth no-space&#8221;]<div class='dt-sc-icon-box type1 '><div class=\"icon-wrapper\"><span class='icon icon-settings'> <\/span><\/div><div class=\"icon-content\"><h4>Web3 ve Merkeziyetsiz Sistemler<\/h4><p>Oda\u011f\u0131m\u0131z, oyunculara yenilik\u00e7i, merkeziyetsiz deneyimler sunmak; NFT&#8217;ler ve kripto paralar arac\u0131l\u0131\u011f\u0131yla oyuncu sahipli\u011fini ve varl\u0131k g\u00fcvenli\u011fini \u00f6n planda tutmakt\u0131r.<\/p><\/div><span class='icon icon-settings large-icon'> <\/span><\/div>[\/vc_column][vc_column width=&#8221;1\/6&#8243; el_class=&#8221;column dt-sc-one-fifth no-space&#8221;]<div class='dt-sc-icon-box type1 '><div class=\"icon-wrapper\"><span class='icon icon-agenda'> <\/span><\/div><div class=\"icon-content\"><h4>Ekip Geni\u015fletme<\/h4><p>Dinamik bir ekip geni\u015fletme hizmeti sunuyoruz; uzmanlar\u0131m\u0131z projelerinize sorunsuz bir \u015fekilde entegre olur, i\u015fe al\u0131m zahmeti olmadan yeteneklerinizi art\u0131r\u0131r.<\/p><\/div><span class='icon icon-agenda large-icon'> <\/span><\/div>[\/vc_column][\/vc_row][vc_row][vc_column]<div class='dt-sc-hr-invisible-xlarge '> <\/div>[vc_row_inner][vc_column_inner width=&#8221;1\/3&#8243;]<div class='dt-sc-image-caption type3 '><div class='dt-sc-image-wrapper'><img loading=\"lazy\" decoding=\"async\" width=\"1920\" height=\"1080\" src=\"https:\/\/zerohint.com\/tr\/wp-content\/uploads\/sites\/6\/2018\/06\/beaverRender.jpg\" class=\"attachment-full\" alt=\"Game Art Render\" title=\"\" srcset=\"https:\/\/zerohint.com\/tr\/wp-content\/uploads\/sites\/6\/2018\/06\/beaverRender.jpg 1920w, https:\/\/zerohint.com\/tr\/wp-content\/uploads\/sites\/6\/2018\/06\/beaverRender-300x169.jpg 300w, https:\/\/zerohint.com\/tr\/wp-content\/uploads\/sites\/6\/2018\/06\/beaverRender-1024x576.jpg 1024w, https:\/\/zerohint.com\/tr\/wp-content\/uploads\/sites\/6\/2018\/06\/beaverRender-768x432.jpg 768w, https:\/\/zerohint.com\/tr\/wp-content\/uploads\/sites\/6\/2018\/06\/beaverRender-1536x864.jpg 1536w, https:\/\/zerohint.com\/tr\/wp-content\/uploads\/sites\/6\/2018\/06\/beaverRender-750x422.jpg 750w, https:\/\/zerohint.com\/tr\/wp-content\/uploads\/sites\/6\/2018\/06\/beaverRender-540x304.jpg 540w\" sizes=\"auto, (max-width: 1920px) 100vw, 1920px\" \/><div class='icon-wrapper'><span class='zmdi zmdi-account zmdi-hc-fw'> <\/span><\/div><\/div><div class='dt-sc-image-content'><div class='dt-sc-image-title'><h3><a href=\"https:\/\/zerohint.com\/tr\/hizmetlerimiz\/oyun-grafik-tasarimi\/\" target=\"_self\" title=\"Oyun Grafik Tasar\u0131m\u0131\">Oyun Sanat Tasar\u0131m\u0131<\/a><\/h3><\/div><p>Oyunlar\u0131n\u0131z i\u00e7in entegre edilmeye haz\u0131r, y\u00fcksek kaliteli 2D ve 3D varl\u0131klar \u00fcretiyoruz. Modeller, dokular ve animasyonlar dahil olmak \u00fczere t\u00fcm g\u00f6rsel i\u00e7erikleri \u00f6zenle haz\u0131rl\u0131yoruz.<\/p><\/div><\/div>[\/vc_column_inner][vc_column_inner width=&#8221;1\/3&#8243;]<div class='dt-sc-image-caption type3 '><div class='dt-sc-image-wrapper'><img loading=\"lazy\" decoding=\"async\" width=\"2560\" height=\"1440\" src=\"https:\/\/zerohint.com\/tr\/wp-content\/uploads\/sites\/6\/2018\/06\/GameBackground-Gunsbytes-scaled-1.jpeg\" class=\"attachment-full\" alt=\"Multiplayer FPS Game Development\" title=\"\" srcset=\"https:\/\/zerohint.com\/tr\/wp-content\/uploads\/sites\/6\/2018\/06\/GameBackground-Gunsbytes-scaled-1.jpeg 2560w, https:\/\/zerohint.com\/tr\/wp-content\/uploads\/sites\/6\/2018\/06\/GameBackground-Gunsbytes-scaled-1-300x169.jpeg 300w, https:\/\/zerohint.com\/tr\/wp-content\/uploads\/sites\/6\/2018\/06\/GameBackground-Gunsbytes-scaled-1-1024x576.jpeg 1024w, https:\/\/zerohint.com\/tr\/wp-content\/uploads\/sites\/6\/2018\/06\/GameBackground-Gunsbytes-scaled-1-768x432.jpeg 768w, https:\/\/zerohint.com\/tr\/wp-content\/uploads\/sites\/6\/2018\/06\/GameBackground-Gunsbytes-scaled-1-1536x864.jpeg 1536w, https:\/\/zerohint.com\/tr\/wp-content\/uploads\/sites\/6\/2018\/06\/GameBackground-Gunsbytes-scaled-1-2048x1152.jpeg 2048w, https:\/\/zerohint.com\/tr\/wp-content\/uploads\/sites\/6\/2018\/06\/GameBackground-Gunsbytes-scaled-1-750x422.jpeg 750w, https:\/\/zerohint.com\/tr\/wp-content\/uploads\/sites\/6\/2018\/06\/GameBackground-Gunsbytes-scaled-1-540x304.jpeg 540w\" sizes=\"auto, (max-width: 2560px) 100vw, 2560px\" \/><div class='icon-wrapper'><span class='zmdi zmdi-money zmdi-hc-fw'> <\/span><\/div><\/div><div class='dt-sc-image-content'><div class='dt-sc-image-title'><h3><a href=\"https:\/\/zerohint.com\/tr\/hizmetlerimiz\/cok-oyunculu-oyunlar-ve-projeler-gelistirme-oyun-gelistirme-hizmetleri\/\" target=\"_self\" title=\"\u00c7ok Oyunculu Oyunlar ve Projeler Geli\u015ftirme: Oyun Geli\u015ftirme Hizmetleri\">\u00c7ok Oyunculu (Multiplayer)<\/a><\/h3><\/div><p>Photon Network kullanarak y\u00fcksek kaliteli ve etkileyici \u00e7ok oyunculu oyunlar geli\u015ftirdik, bu alandaki uzmanl\u0131\u011f\u0131m\u0131z\u0131 ba\u015far\u0131yla kan\u0131tlad\u0131k.<\/p><\/div><\/div>[\/vc_column_inner][vc_column_inner width=&#8221;1\/3&#8243;]<div class='dt-sc-image-caption type3 '><div class='dt-sc-image-wrapper'><img loading=\"lazy\" decoding=\"async\" width=\"1920\" height=\"1080\" src=\"https:\/\/zerohint.com\/tr\/wp-content\/uploads\/sites\/6\/2018\/06\/GameRoom.jpg\" class=\"attachment-full\" alt=\"Metaverse Game Room\" title=\"\" srcset=\"https:\/\/zerohint.com\/tr\/wp-content\/uploads\/sites\/6\/2018\/06\/GameRoom.jpg 1920w, https:\/\/zerohint.com\/tr\/wp-content\/uploads\/sites\/6\/2018\/06\/GameRoom-300x169.jpg 300w, https:\/\/zerohint.com\/tr\/wp-content\/uploads\/sites\/6\/2018\/06\/GameRoom-1024x576.jpg 1024w, https:\/\/zerohint.com\/tr\/wp-content\/uploads\/sites\/6\/2018\/06\/GameRoom-768x432.jpg 768w, https:\/\/zerohint.com\/tr\/wp-content\/uploads\/sites\/6\/2018\/06\/GameRoom-1536x864.jpg 1536w, https:\/\/zerohint.com\/tr\/wp-content\/uploads\/sites\/6\/2018\/06\/GameRoom-750x422.jpg 750w, https:\/\/zerohint.com\/tr\/wp-content\/uploads\/sites\/6\/2018\/06\/GameRoom-540x304.jpg 540w\" sizes=\"auto, (max-width: 1920px) 100vw, 1920px\" \/><div class='icon-wrapper'><span class='zmdi zmdi-search-in-file zmdi-hc-fw'> <\/span><\/div><\/div><div class='dt-sc-image-content'><div class='dt-sc-image-title'><h3><a href=\"https:\/\/zerohint.com\/tr\/hizmetlerimiz\/web3-ve-blockchain-metaverse-oyun-gelistirme-hizmetleri\/\" target=\"_self\" title=\"Web3 ve Blockchain Metaverse Oyun Geli\u015ftirme Hizmetleri\">Web 3 &amp; Blockchain Metaverse<\/a><\/h3><\/div><p>Blockchain teknolojisini oyunlara entegre ederek merkeziyetsiz varl\u0131k sahipli\u011fi, oyun i\u00e7i ekonomiler ve g\u00fcvenli i\u015flem altyap\u0131s\u0131 sa\u011fl\u0131yoruz.<\/p><\/div><\/div>[\/vc_column_inner][\/vc_row_inner][vc_row_inner][vc_column_inner width=&#8221;1\/3&#8243;]<div class='dt-sc-image-caption type3 '><div class='dt-sc-image-wrapper'><img loading=\"lazy\" decoding=\"async\" width=\"1920\" height=\"1080\" src=\"https:\/\/zerohint.com\/tr\/wp-content\/uploads\/sites\/6\/2024\/08\/banner-web.jpg\" class=\"attachment-full\" alt=\"Web Browser Game Development\" title=\"\" srcset=\"https:\/\/zerohint.com\/tr\/wp-content\/uploads\/sites\/6\/2024\/08\/banner-web.jpg 1920w, https:\/\/zerohint.com\/tr\/wp-content\/uploads\/sites\/6\/2024\/08\/banner-web-300x169.jpg 300w, https:\/\/zerohint.com\/tr\/wp-content\/uploads\/sites\/6\/2024\/08\/banner-web-1024x576.jpg 1024w, https:\/\/zerohint.com\/tr\/wp-content\/uploads\/sites\/6\/2024\/08\/banner-web-768x432.jpg 768w, https:\/\/zerohint.com\/tr\/wp-content\/uploads\/sites\/6\/2024\/08\/banner-web-1536x864.jpg 1536w, https:\/\/zerohint.com\/tr\/wp-content\/uploads\/sites\/6\/2024\/08\/banner-web-750x422.jpg 750w, https:\/\/zerohint.com\/tr\/wp-content\/uploads\/sites\/6\/2024\/08\/banner-web-540x304.jpg 540w\" sizes=\"auto, (max-width: 1920px) 100vw, 1920px\" \/><div class='icon-wrapper'><span class='zmdi zmdi-account zmdi-hc-fw'> <\/span><\/div><\/div><div class='dt-sc-image-content'><div class='dt-sc-image-title'><h3><a href=\"https:\/\/zerohint.com\/tr\/hizmetlerimiz\/web-tarayici-webgl-oyun-gelistirme\/\" target=\"_self\" title=\"Web Taray\u0131c\u0131 (WebGL) Oyun Geli\u015ftirme\">Web Taray\u0131c\u0131 (WebGL) Oyunlar\u0131<\/a><\/h3><\/div><p>Web taray\u0131c\u0131 oyunlar\u0131m\u0131z, indirilmeye veya kurulum yapmaya gerek kalmadan taray\u0131c\u0131n\u0131zdan kesintisiz ve etkileyici bir deneyim sunacak \u015fekilde tasarland\u0131.<\/p><\/p><\/div><\/div>[\/vc_column_inner][vc_column_inner width=&#8221;1\/3&#8243;]<div class='dt-sc-image-caption type3 '><div class='dt-sc-image-wrapper'><img loading=\"lazy\" decoding=\"async\" width=\"2560\" height=\"1440\" src=\"https:\/\/zerohint.com\/tr\/wp-content\/uploads\/sites\/6\/2018\/06\/Biology-education-scaled.jpg\" class=\"attachment-full\" alt=\"Educational Biology Interactive Game\" title=\"\" srcset=\"https:\/\/zerohint.com\/tr\/wp-content\/uploads\/sites\/6\/2018\/06\/Biology-education-scaled.jpg 2560w, https:\/\/zerohint.com\/tr\/wp-content\/uploads\/sites\/6\/2018\/06\/Biology-education-300x169.jpg 300w, https:\/\/zerohint.com\/tr\/wp-content\/uploads\/sites\/6\/2018\/06\/Biology-education-1024x576.jpg 1024w, https:\/\/zerohint.com\/tr\/wp-content\/uploads\/sites\/6\/2018\/06\/Biology-education-768x432.jpg 768w, https:\/\/zerohint.com\/tr\/wp-content\/uploads\/sites\/6\/2018\/06\/Biology-education-1536x864.jpg 1536w, https:\/\/zerohint.com\/tr\/wp-content\/uploads\/sites\/6\/2018\/06\/Biology-education-2048x1152.jpg 2048w, https:\/\/zerohint.com\/tr\/wp-content\/uploads\/sites\/6\/2018\/06\/Biology-education-750x422.jpg 750w, https:\/\/zerohint.com\/tr\/wp-content\/uploads\/sites\/6\/2018\/06\/Biology-education-540x304.jpg 540w\" sizes=\"auto, (max-width: 2560px) 100vw, 2560px\" \/><div class='icon-wrapper'><span class='zmdi zmdi-money zmdi-hc-fw'> <\/span><\/div><\/div><div class='dt-sc-image-content'><div class='dt-sc-image-title'><h3><a href=\"https:\/\/zerohint.com\/tr\/hizmetlerimiz\/egitim-simulasyon-ve-uygulamalari\/\" target=\"_self\" title=\"E\u011fitim Sim\u00fclasyon ve Uygulamalar\u0131\">E\u011fitim Sim\u00fclasyonlar\u0131<\/a><\/h3><\/div><p>E\u011fitim projelerinize yeteneklerimizi ve uzmanl\u0131\u011f\u0131m\u0131z\u0131 katmak i\u00e7in sab\u0131rs\u0131zlan\u0131yoruz. \u0130ster etkile\u015fimli sim\u00fclasyon, VR\/AR \u00f6\u011frenme arac\u0131, ister kapsaml\u0131 e\u011fitim uygulamas\u0131 ihtiyac\u0131n\u0131z olsun, size yard\u0131mc\u0131 olmaktan memnuniyet duyar\u0131z.<\/p><\/div><\/div>[\/vc_column_inner][vc_column_inner width=&#8221;1\/3&#8243;]<div class='dt-sc-image-caption type3 '><div class='dt-sc-image-wrapper'><img loading=\"lazy\" decoding=\"async\" width=\"1920\" height=\"1080\" src=\"https:\/\/zerohint.com\/tr\/wp-content\/uploads\/sites\/6\/2024\/08\/hongkong-metaverse-lobby.jpg\" class=\"attachment-full\" alt=\"Hongkong Metaverse VR Lobby\" title=\"\" srcset=\"https:\/\/zerohint.com\/tr\/wp-content\/uploads\/sites\/6\/2024\/08\/hongkong-metaverse-lobby.jpg 1920w, https:\/\/zerohint.com\/tr\/wp-content\/uploads\/sites\/6\/2024\/08\/hongkong-metaverse-lobby-300x169.jpg 300w, https:\/\/zerohint.com\/tr\/wp-content\/uploads\/sites\/6\/2024\/08\/hongkong-metaverse-lobby-1024x576.jpg 1024w, https:\/\/zerohint.com\/tr\/wp-content\/uploads\/sites\/6\/2024\/08\/hongkong-metaverse-lobby-768x432.jpg 768w, https:\/\/zerohint.com\/tr\/wp-content\/uploads\/sites\/6\/2024\/08\/hongkong-metaverse-lobby-1536x864.jpg 1536w, https:\/\/zerohint.com\/tr\/wp-content\/uploads\/sites\/6\/2024\/08\/hongkong-metaverse-lobby-750x422.jpg 750w, https:\/\/zerohint.com\/tr\/wp-content\/uploads\/sites\/6\/2024\/08\/hongkong-metaverse-lobby-540x304.jpg 540w\" sizes=\"auto, (max-width: 1920px) 100vw, 1920px\" \/><div class='icon-wrapper'><span class='zmdi zmdi-search-in-file zmdi-hc-fw'> <\/span><\/div><\/div><div class='dt-sc-image-content'><div class='dt-sc-image-title'><h3><a href=\"https:\/\/zerohint.com\/tr\/hizmetlerimiz\/oyun-yerellestirme-hizmetleri\/\" target=\"_self\" title=\"Oyun Yerelle\u015ftirme Hizmetleri\">Oyun Yerelle\u015ftirme<\/a><\/h3><\/div><p>Oyun yerelle\u015ftirme hizmetlerimiz, oyununuzu farkl\u0131 diller ve k\u00fclt\u00fcrler i\u00e7in uyarlayarak, global bir kitleyle etkili bir \u015fekilde ileti\u015fim kurmas\u0131n\u0131 sa\u011flar.<\/p><\/div><\/div>[\/vc_column_inner][\/vc_row_inner]<div id=\"1513675690291-0f425a9a-11b2\" class=\"dt-sc-empty-space\"><\/div>[\/vc_column][\/vc_row]<\/p>\n<\/div>","protected":false},"excerpt":{"rendered":"<p>[vc_row][vc_column][vc_column_text css=&#8221;&#8221;]Hizmetlerimizin tam listesine g\u00f6z at\u0131n \u2013 her departman\u0131m\u0131z, taleplerinizi en iyi \u015fekilde anlayan ve i\u015fletmenize do\u011frudan fayda sa\u011flayacak etkili sonu\u00e7lar \u00fcreten uzmanlardan olu\u015fur.[\/vc_column_text][vc_row_inner][vc_column_inner width=&#8221;1\/3&#8243;][\/vc_column_inner][vc_column_inner width=&#8221;1\/3&#8243;][\/vc_column_inner][vc_column_inner width=&#8221;1\/3&#8243;][\/vc_column_inner][\/vc_row_inner][\/vc_column][\/vc_row][vc_row full_width=&#8221;stretch_row_content_no_spaces&#8221;][vc_column width=&#8221;1\/6&#8243; el_class=&#8221;column dt-sc-one-fifth no-space&#8221;][\/vc_column][vc_column width=&#8221;1\/6&#8243; el_class=&#8221;column dt-sc-one-fifth no-space&#8221;][\/vc_column][vc_column width=&#8221;1\/6&#8243; el_class=&#8221;column dt-sc-one-fifth no-space&#8221;][\/vc_column][vc_column width=&#8221;1\/6&#8243; el_class=&#8221;column dt-sc-one-fifth no-space&#8221;][\/vc_column][vc_column width=&#8221;1\/6&#8243; el_class=&#8221;column dt-sc-one-fifth no-space&#8221;][\/vc_column][\/vc_row][vc_row][vc_column][vc_row_inner][vc_column_inner width=&#8221;1\/3&#8243;][\/vc_column_inner][vc_column_inner width=&#8221;1\/3&#8243;][\/vc_column_inner][vc_column_inner width=&#8221;1\/3&#8243;][\/vc_column_inner][\/vc_row_inner][vc_row_inner][vc_column_inner width=&#8221;1\/3&#8243;][\/vc_column_inner][vc_column_inner width=&#8221;1\/3&#8243;][\/vc_column_inner][vc_column_inner width=&#8221;1\/3&#8243;][\/vc_column_inner][\/vc_row_inner][\/vc_column][\/vc_row]<\/p>\n","protected":false},"author":1,"featured_media":0,"parent":0,"menu_order":4,"comment_status":"closed","ping_status":"closed","template":"","meta":{"inline_featured_image":false,"_monsterinsights_skip_tracking":false,"_monsterinsights_sitenote_active":false,"_monsterinsights_sitenote_note":"","_monsterinsights_sitenote_category":0,"footnotes":""},"class_list":["post-19030","page","type-page","status-publish","hentry"],"_links":{"self":[{"href":"https:\/\/zerohint.com\/tr\/wp-json\/wp\/v2\/pages\/19030","targetHints":{"allow":["GET"]}}],"collection":[{"href":"https:\/\/zerohint.com\/tr\/wp-json\/wp\/v2\/pages"}],"about":[{"href":"https:\/\/zerohint.com\/tr\/wp-json\/wp\/v2\/types\/page"}],"author":[{"embeddable":true,"href":"https:\/\/zerohint.com\/tr\/wp-json\/wp\/v2\/users\/1"}],"replies":[{"embeddable":true,"href":"https:\/\/zerohint.com\/tr\/wp-json\/wp\/v2\/comments?post=19030"}],"version-history":[{"count":1,"href":"https:\/\/zerohint.com\/tr\/wp-json\/wp\/v2\/pages\/19030\/revisions"}],"predecessor-version":[{"id":19375,"href":"https:\/\/zerohint.com\/tr\/wp-json\/wp\/v2\/pages\/19030\/revisions\/19375"}],"wp:attachment":[{"href":"https:\/\/zerohint.com\/tr\/wp-json\/wp\/v2\/media?parent=19030"}],"curies":[{"name":"wp","href":"https:\/\/api.w.org\/{rel}","templated":true}]}}