{"id":19109,"date":"2024-08-08T21:09:12","date_gmt":"2024-08-08T18:09:12","guid":{"rendered":"https:\/\/studios.redellion.com\/tr\/?page_id=19109"},"modified":"2024-11-04T19:34:41","modified_gmt":"2024-11-04T16:34:41","slug":"oyun-yerellestirme-hizmetleri","status":"publish","type":"page","link":"https:\/\/zerohint.com\/tr\/hizmetlerimiz\/oyun-yerellestirme-hizmetleri\/","title":{"rendered":"Oyun Yerelle\u015ftirme Hizmetleri"},"content":{"rendered":"\n<h1 class=\"wp-block-heading\">Oyun Yerelle\u015ftirme Hizmetleri<\/h1>\n\n\n\n<figure class=\"wp-block-image size-large\"><img loading=\"lazy\" decoding=\"async\" width=\"1024\" height=\"386\" src=\"https:\/\/studios.redellion.com\/tr\/wp-content\/uploads\/sites\/6\/2024\/08\/office-1024x386.jpeg\" alt=\"\" class=\"wp-image-18795\" srcset=\"https:\/\/zerohint.com\/tr\/wp-content\/uploads\/sites\/6\/2024\/08\/office-1024x386.jpeg 1024w, https:\/\/zerohint.com\/tr\/wp-content\/uploads\/sites\/6\/2024\/08\/office-300x113.jpeg 300w, https:\/\/zerohint.com\/tr\/wp-content\/uploads\/sites\/6\/2024\/08\/office-768x289.jpeg 768w, https:\/\/zerohint.com\/tr\/wp-content\/uploads\/sites\/6\/2024\/08\/office-1536x578.jpeg 1536w, https:\/\/zerohint.com\/tr\/wp-content\/uploads\/sites\/6\/2024\/08\/office-2048x771.jpeg 2048w, https:\/\/zerohint.com\/tr\/wp-content\/uploads\/sites\/6\/2024\/08\/office-750x282.jpeg 750w, https:\/\/zerohint.com\/tr\/wp-content\/uploads\/sites\/6\/2024\/08\/office-540x203.jpeg 540w, https:\/\/zerohint.com\/tr\/wp-content\/uploads\/sites\/6\/2024\/08\/office-600x226.jpeg 600w\" sizes=\"auto, (max-width: 1024px) 100vw, 1024px\" \/><\/figure>\n\n\n\n<p>ZeroHint&#8217;da, ba\u015far\u0131l\u0131 bir oyunun sadece harika grafikler ve etkileyici oyun dinamiklerinden ibaret olmad\u0131\u011f\u0131n\u0131 anl\u0131yoruz\u2014oyununuzun d\u00fcnya genelindeki oyunculara kendi dillerinde ula\u015fmas\u0131 da \u00f6nemlidir. Oyun yerelle\u015ftirme hizmetlerimiz, oyununuzu farkl\u0131 diller ve k\u00fclt\u00fcrler i\u00e7in uyarlayarak k\u00fcresel bir kitleyle rezonansa ge\u00e7mesini sa\u011flar.<\/p>\n\n\n\n<h3 class=\"wp-block-heading\"><strong>Neden ZeroHint&#8217;\u0131 Oyun Yerelle\u015ftirme \u0130\u00e7in Se\u00e7melisiniz?<\/strong><\/h3>\n\n\n\n<p>Yerelle\u015ftirme, yaln\u0131zca \u00e7eviriden \u00f6te bir s\u00fcre\u00e7tir. K\u00fclt\u00fcrel referanslar\u0131, esprileri, deyimleri ve hatta oyun mekaniklerini hedef pazara uyacak \u015fekilde adapte etmeyi i\u00e7erir. \u0130\u015fte ZeroHint&#8217;\u0131 oyun yerelle\u015ftirme ihtiya\u00e7lar\u0131n\u0131z i\u00e7in neden tercih etmeniz gerekti\u011fi:<\/p>\n\n\n\n<ul class=\"wp-block-list\">\n<li><strong>Uzman \u00c7evirmenler:<\/strong> Oyun end\u00fcstrisinde uzman, ana dili konu\u015fan profesyonel \u00e7evirmenlerimiz oyununuzun i\u00e7eri\u011finin do\u011fru ve etkileyici olmas\u0131n\u0131 sa\u011flar.<\/li>\n\n\n\n<li><strong>K\u00fclt\u00fcrel Adaptasyon:<\/strong> Oyun i\u00e7eri\u011finizi, her hedef pazar\u0131n k\u00fclt\u00fcrel normlar\u0131na ve beklentilerine uyacak \u015fekilde adapte ederek oyuncu immersion ve memnuniyetini art\u0131r\u0131r\u0131z.<\/li>\n\n\n\n<li><strong>Teknik Uzmanl\u0131k:<\/strong> Yerelle\u015ftirilmi\u015f metinlerin oyuna sorunsuz bir \u015fekilde entegre olmas\u0131n\u0131 sa\u011flayarak kullan\u0131c\u0131 aray\u00fcz\u00fc ve oyun deneyiminin kalitesini koruruz.<\/li>\n\n\n\n<li><strong>Kapsaml\u0131 Hizmetler:<\/strong> Diyalog ve kullan\u0131c\u0131 aray\u00fcz\u00fc metinlerinden pazarlama materyallerine ve destek d\u00f6k\u00fcmanlar\u0131na kadar oyun yerelle\u015ftirmenin t\u00fcm y\u00f6nlerini y\u00f6netiriz.<\/li>\n<\/ul>\n\n\n\n<h3 class=\"wp-block-heading\"><strong>Yerelle\u015ftirme S\u00fcrecimiz:<\/strong><\/h3>\n\n\n\n<ul class=\"wp-block-list\">\n<li><strong>\u0130lk Dan\u0131\u015fmanl\u0131k:<\/strong> Oyunuzu ve hedef pazarlar\u0131n\u0131z\u0131 anlamakla ba\u015flar\u0131z, yerelle\u015ftirme ihtiya\u00e7lar\u0131n\u0131 ve zorluklar\u0131n\u0131 belirleriz.<\/li>\n\n\n\n<li><strong>\u00c7eviri ve Adaptasyon:<\/strong> \u00c7evirmenlerimiz oyun i\u00e7eri\u011fini hedef kitleye uygun k\u00fclt\u00fcrel ba\u011flama uyacak \u015fekilde \u00e7evirir ve adapte eder.<\/li>\n\n\n\n<li><strong>Entegrasyon ve Test:<\/strong> Yerelle\u015ftirilmi\u015f i\u00e7eri\u011fi oyuna entegre eder ve her \u015feyin m\u00fckemmel \u00e7al\u0131\u015ft\u0131\u011f\u0131ndan emin olmak i\u00e7in kapsaml\u0131 testler yapar\u0131z.<\/li>\n\n\n\n<li><strong>Geri Bildirim ve Revizyonlar:<\/strong> Geri bildirimleri de\u011ferlendirir ve y\u00fcksek kaliteyi sa\u011flamak i\u00e7in gerekli ayarlamalar\u0131 yapar\u0131z.<\/li>\n<\/ul>\n\n\n\n<p><strong>Anahtar \u00d6zellikler:<\/strong><\/p>\n\n\n\n<ul class=\"wp-block-list\">\n<li><strong>\u00c7ok Dilli Destek:<\/strong> Daha geni\u015f bir kitleye ula\u015fman\u0131za yard\u0131mc\u0131 olmak i\u00e7in bir\u00e7ok dilde yerelle\u015ftirme hizmetleri sunar\u0131z.<\/li>\n\n\n\n<li><strong>K\u00fclt\u00fcrel Duyarl\u0131l\u0131k:<\/strong> Yerelle\u015ftirme s\u00fcrecimiz, k\u00fclt\u00fcrel farkl\u0131l\u0131klar\u0131 dikkate al\u0131r ve oyununuzun t\u00fcm hedef pazarlar taraf\u0131ndan iyi kar\u015f\u0131lanmas\u0131n\u0131 sa\u011flar.<\/li>\n\n\n\n<li><strong>Sorunsuz Entegrasyon:<\/strong> Teknik ekibimiz, yerelle\u015ftirilmi\u015f i\u00e7eri\u011fin oyuna sorunsuz bir \u015fekilde entegre olmas\u0131n\u0131 ve orijinal oyun deneyiminin korunmas\u0131n\u0131 sa\u011flar.<\/li>\n<\/ul>\n\n\n\n<p><strong>\u0130\u015fbirli\u011fi Yapabiliriz:<\/strong><\/p>\n\n\n\n<p>Oyunuzu k\u00fcresel bir ba\u015far\u0131ya d\u00f6n\u00fc\u015ft\u00fcrmeye haz\u0131r m\u0131s\u0131n\u0131z? Kapsaml\u0131 oyun yerelle\u015ftirme hizmetleri i\u00e7in ZeroHint ile ortakl\u0131k yap\u0131n. Uzmanl\u0131\u011f\u0131m\u0131z ve kaliteye olan ba\u011fl\u0131l\u0131\u011f\u0131m\u0131z, yerelle\u015ftirme ihtiya\u00e7lar\u0131n\u0131z i\u00e7in m\u00fckemmel se\u00e7im olmam\u0131z\u0131 sa\u011flar. D\u00fcnyan\u0131n d\u00f6rt bir yan\u0131ndaki oyuncular\u0131 etkileyecek bir oyun yaratmak i\u00e7in birlikte \u00e7al\u0131\u015fal\u0131m.<\/p>\n\n\n\n<p><strong>\u0130leti\u015fime Ge\u00e7in:<\/strong><\/p>\n\n\n\n<p>Projelerinizi konu\u015fmak veya daha fazla bilgi almak i\u00e7in bizimle ileti\u015fime ge\u00e7in. Oyunuzu k\u00fcresel bir kitleye ula\u015ft\u0131rmak i\u00e7in sizinle i\u015fbirli\u011fi yapmay\u0131 d\u00f6rt g\u00f6zle bekliyoruz.<\/p>\n","protected":false},"excerpt":{"rendered":"<p>Oyun Yerelle\u015ftirme Hizmetleri ZeroHint&#8217;da, ba\u015far\u0131l\u0131 bir oyunun sadece harika grafikler ve etkileyici oyun dinamiklerinden ibaret olmad\u0131\u011f\u0131n\u0131 anl\u0131yoruz\u2014oyununuzun d\u00fcnya genelindeki oyunculara kendi dillerinde ula\u015fmas\u0131 da \u00f6nemlidir. Oyun yerelle\u015ftirme hizmetlerimiz, oyununuzu farkl\u0131 diller ve k\u00fclt\u00fcrler i\u00e7in uyarlayarak k\u00fcresel bir kitleyle rezonansa ge\u00e7mesini sa\u011flar. Neden ZeroHint&#8217;\u0131 Oyun Yerelle\u015ftirme \u0130\u00e7in Se\u00e7melisiniz? Yerelle\u015ftirme, yaln\u0131zca \u00e7eviriden \u00f6te bir s\u00fcre\u00e7tir. K\u00fclt\u00fcrel referanslar\u0131, [&hellip;]<\/p>\n","protected":false},"author":1,"featured_media":18795,"parent":19030,"menu_order":0,"comment_status":"open","ping_status":"closed","template":"","meta":{"inline_featured_image":false,"_monsterinsights_skip_tracking":false,"_monsterinsights_sitenote_active":false,"_monsterinsights_sitenote_note":"","_monsterinsights_sitenote_category":0,"footnotes":""},"class_list":["post-19109","page","type-page","status-publish","has-post-thumbnail","hentry"],"_links":{"self":[{"href":"https:\/\/zerohint.com\/tr\/wp-json\/wp\/v2\/pages\/19109","targetHints":{"allow":["GET"]}}],"collection":[{"href":"https:\/\/zerohint.com\/tr\/wp-json\/wp\/v2\/pages"}],"about":[{"href":"https:\/\/zerohint.com\/tr\/wp-json\/wp\/v2\/types\/page"}],"author":[{"embeddable":true,"href":"https:\/\/zerohint.com\/tr\/wp-json\/wp\/v2\/users\/1"}],"replies":[{"embeddable":true,"href":"https:\/\/zerohint.com\/tr\/wp-json\/wp\/v2\/comments?post=19109"}],"version-history":[{"count":1,"href":"https:\/\/zerohint.com\/tr\/wp-json\/wp\/v2\/pages\/19109\/revisions"}],"predecessor-version":[{"id":19388,"href":"https:\/\/zerohint.com\/tr\/wp-json\/wp\/v2\/pages\/19109\/revisions\/19388"}],"up":[{"embeddable":true,"href":"https:\/\/zerohint.com\/tr\/wp-json\/wp\/v2\/pages\/19030"}],"wp:featuredmedia":[{"embeddable":true,"href":"https:\/\/zerohint.com\/tr\/wp-json\/wp\/v2\/media\/18795"}],"wp:attachment":[{"href":"https:\/\/zerohint.com\/tr\/wp-json\/wp\/v2\/media?parent=19109"}],"curies":[{"name":"wp","href":"https:\/\/api.w.org\/{rel}","templated":true}]}}