{"id":19111,"date":"2024-08-08T21:10:50","date_gmt":"2024-08-08T18:10:50","guid":{"rendered":"https:\/\/studios.redellion.com\/tr\/?page_id=19111"},"modified":"2024-11-04T19:32:57","modified_gmt":"2024-11-04T16:32:57","slug":"cok-oyunculu-oyunlar-ve-projeler-gelistirme-oyun-gelistirme-hizmetleri","status":"publish","type":"page","link":"https:\/\/zerohint.com\/tr\/hizmetlerimiz\/cok-oyunculu-oyunlar-ve-projeler-gelistirme-oyun-gelistirme-hizmetleri\/","title":{"rendered":"\u00c7ok Oyunculu Oyunlar ve Projeler Geli\u015ftirme: Oyun Geli\u015ftirme Hizmetleri"},"content":{"rendered":"\n<h2 class=\"wp-block-heading\">\u00c7ok Oyunculu Oyunlar ve Projeler Geli\u015ftirme: Oyun Geli\u015ftirme Hizmetleri<\/h2>\n\n\n\n<figure class=\"wp-block-image size-large\"><img loading=\"lazy\" decoding=\"async\" width=\"1024\" height=\"576\" src=\"https:\/\/studios.redellion.com\/tr\/wp-content\/uploads\/sites\/6\/2024\/08\/astar-strike-gameplay-1024x576.jpg\" alt=\"\" class=\"wp-image-18809\" srcset=\"https:\/\/zerohint.com\/tr\/wp-content\/uploads\/sites\/6\/2024\/08\/astar-strike-gameplay-1024x576.jpg 1024w, https:\/\/zerohint.com\/tr\/wp-content\/uploads\/sites\/6\/2024\/08\/astar-strike-gameplay-300x169.jpg 300w, https:\/\/zerohint.com\/tr\/wp-content\/uploads\/sites\/6\/2024\/08\/astar-strike-gameplay-768x432.jpg 768w, https:\/\/zerohint.com\/tr\/wp-content\/uploads\/sites\/6\/2024\/08\/astar-strike-gameplay-1536x864.jpg 1536w, https:\/\/zerohint.com\/tr\/wp-content\/uploads\/sites\/6\/2024\/08\/astar-strike-gameplay-750x422.jpg 750w, https:\/\/zerohint.com\/tr\/wp-content\/uploads\/sites\/6\/2024\/08\/astar-strike-gameplay-540x304.jpg 540w, https:\/\/zerohint.com\/tr\/wp-content\/uploads\/sites\/6\/2024\/08\/astar-strike-gameplay-600x338.jpg 600w, https:\/\/zerohint.com\/tr\/wp-content\/uploads\/sites\/6\/2024\/08\/astar-strike-gameplay.jpg 1920w\" sizes=\"auto, (max-width: 1024px) 100vw, 1024px\" \/><\/figure>\n\n\n\n<p>ZeroHint&#8217;da, ola\u011fan\u00fcst\u00fc \u00e7ok oyunculu oyunlar ve projeler geli\u015ftirme konusunda uzman\u0131z ve fikirlerinizi ger\u00e7e\u011fe d\u00f6n\u00fc\u015ft\u00fcrmek i\u00e7in kapsaml\u0131 hizmetler sunuyoruz. \u00c7e\u015fitli t\u00fcrler ve platformlardaki uzmanl\u0131\u011f\u0131m\u0131z, her t\u00fcrl\u00fc \u00e7ok oyunculu oyun projesinin benzersiz zorluklar\u0131n\u0131 ele alabilmemizi sa\u011fl\u0131yor. Bizimle ortakl\u0131k kurarak, geni\u015f deneyimimizi ve son teknoloji \u00e7\u00f6z\u00fcmlerimizi kullanarak etkileyici, y\u00fcksek kaliteli oyunlar yaratabilirsiniz.<\/p>\n\n\n\n<p><strong>Neden ZeroHint\u2019\u0131 \u00c7ok Oyunculu Oyun Geli\u015ftirme \u0130\u00e7in Se\u00e7melisiniz?<\/strong><\/p>\n\n\n\n<p>\u00c7ok oyunculu oyunlar, sa\u011flam altyap\u0131, kesintisiz oyun deneyimi ve etkileyici i\u00e7erik gerektirir. \u0130\u015fte ZeroHint\u2019\u0131n ideal ortak olmas\u0131n\u0131n nedenleri:<\/p>\n\n\n\n<ul class=\"wp-block-list\">\n<li><strong>Deneyimli Ekip:<\/strong> \u00c7al\u0131\u015fanlar\u0131m\u0131z, \u00e7ok oyunculu oyun geli\u015ftirme konusunda derin deneyime sahip yetenekli geli\u015ftiriciler, tasar\u0131mc\u0131lar ve sanat\u00e7\u0131lardan olu\u015fuyor.<\/li>\n\n\n\n<li><strong>Geli\u015fmi\u015f Teknoloji:<\/strong> Unity ve Unreal Engine gibi en son ara\u00e7 ve teknolojileri kullanarak y\u00fcksek kaliteli, \u00f6l\u00e7eklenebilir \u00e7ok oyunculu oyunlar in\u015fa ediyoruz.<\/li>\n\n\n\n<li><strong>Kapsaml\u0131 Hizmetler:<\/strong> Konsept a\u015famas\u0131ndan da\u011f\u0131t\u0131m ve sonras\u0131 destek a\u015famas\u0131na kadar tam kapsaml\u0131 oyun geli\u015ftirme hizmetleri sunuyoruz.<\/li>\n\n\n\n<li><strong>Kan\u0131tlanm\u0131\u015f Ba\u015far\u0131:<\/strong> Ba\u015far\u0131yla tamamlad\u0131\u011f\u0131m\u0131z projeler ve memnun m\u00fc\u015fterilerimiz, yetkinli\u011fimizi g\u00f6steriyor.<\/li>\n<\/ul>\n\n\n\n<p><strong>Uzmanl\u0131k Alanlar\u0131m\u0131z:<\/strong><\/p>\n\n\n\n<ul class=\"wp-block-list\">\n<li><strong>\u00c7apraz Platform Geli\u015ftirme:<\/strong> PC, konsollar, mobil cihazlar ve web platformlar\u0131nda sorunsuz \u00e7al\u0131\u015fan \u00e7ok oyunculu oyunlar olu\u015fturuyoruz.<\/li>\n\n\n\n<li><strong>Sunucu Taraf\u0131 \u00c7\u00f6z\u00fcmleri:<\/strong> G\u00fcvenilir \u00e7ok oyunculu deneyimler sa\u011flamak i\u00e7in sa\u011flam sunucu altyap\u0131lar\u0131 tasarl\u0131yor ve y\u00f6netiyoruz.<\/li>\n\n\n\n<li><strong>Ger\u00e7ek Zamanl\u0131 \u00c7ok Oyunculu:<\/strong> Ger\u00e7ek zamanl\u0131 \u00e7ok oyunculu oyunlarda uzman\u0131z; e\u015fle\u015ftirme, lobi, liderlik tablolar\u0131 gibi \u00f6zellikler sunuyoruz.<\/li>\n\n\n\n<li><strong>\u00d6zel Oyun Mekanikleri:<\/strong> Vizyonunuza ve hedeflerinize uygun, benzersiz ve etkileyici oyun mekanikleri geli\u015ftiriyoruz.<\/li>\n<\/ul>\n\n\n\n<p><strong>\u00d6ne \u00c7\u0131kan \u00d6zellikler:<\/strong><\/p>\n\n\n\n<ul class=\"wp-block-list\">\n<li><strong>Kesintisiz \u00c7ok Oyunculu Deneyim:<\/strong> Verimli sunucu \u00e7\u00f6z\u00fcmleriyle kesintisiz, lag-free bir oyun deneyimi sunuyoruz.<\/li>\n\n\n\n<li><strong>Geli\u015fmi\u015f E\u015fle\u015ftirme:<\/strong> Oyuncular\u0131 beceri ve tercihlerine g\u00f6re e\u015fle\u015ftiren algoritmalar kullanarak oyun deneyimini iyile\u015ftiriyoruz.<\/li>\n\n\n\n<li><strong>Zengin Sosyal \u00d6zellikler:<\/strong> Sohbet, arkada\u015f listeleri ve klanlar gibi entegre sosyal \u00f6zelliklerle canl\u0131 bir oyuncu toplulu\u011fu olu\u015fturuyoruz.<\/li>\n\n\n\n<li><strong>Canl\u0131 Operasyonlar:<\/strong> Oyununuza s\u00fcrekli destek ve g\u00fcncellemeler sa\u011flayarak taze ve ilgi \u00e7ekici kalmas\u0131n\u0131 sa\u011fl\u0131yoruz.<\/li>\n<\/ul>\n\n\n\n<p><strong>Projelerimiz:<\/strong><\/p>\n\n\n\n<p>Ba\u015far\u0131yla tamamlad\u0131\u011f\u0131m\u0131z \u00e7ok oyunculu oyunlar, y\u00fcksek kaliteli ve etkileyici deneyimler sunma yetene\u011fimizi g\u00f6zler \u00f6n\u00fcne seriyor. <a href=\"https:\/\/zerohint.com\/tr\/portfolyo\/\" data-type=\"page\" data-id=\"4242\">Portf\u00f6y<\/a>\u00fcm\u00fczdeki \u00f6ne \u00e7\u0131kan projeleri ke\u015ffederek yeteneklerimizi daha yak\u0131ndan g\u00f6rebilirsiniz.<\/p>\n\n\n\n<div class=\"wp-block-columns is-layout-flex wp-container-core-columns-is-layout-1 wp-block-columns-is-layout-flex\">\n<div class=\"wp-block-column is-layout-flow wp-block-column-is-layout-flow\">\n<ul class=\"wp-block-list\">\n<li><strong>Astar Strike Online:<\/strong> \u00c7ok oyunculu bir FPS oyunu olan Astar Strike Online, VR ve PC deste\u011fi sunar, karakter \u00f6zelle\u015ftirme se\u00e7enekleri sa\u011flar ve e-spor kalitesinde performans sunar. Daha fazla bilgi i\u00e7in <a href=\"https:\/\/zerohint.com\/tr\/portfolio\/astar-strike-online-cok-oyunculu-fps\/\" data-type=\"dt_portfolios\" data-id=\"18362\">buraya<\/a> g\u00f6z at\u0131n.<\/li>\n\n\n\n<li><strong>Gunsbytes:<\/strong> Dinamik bir \u00e7ok oyunculu oyun olan Gunsbytes, geni\u015fleyen kullan\u0131c\u0131 taban\u0131 ve \u00e7e\u015fitli oyun modlar\u0131 ile dikkat \u00e7eker.<\/li>\n<\/ul>\n<\/div>\n\n\n\n<div class=\"wp-block-column is-layout-flow wp-block-column-is-layout-flow\">\n<figure class=\"wp-block-embed is-type-video is-provider-youtube wp-block-embed-youtube wp-embed-aspect-16-9 wp-has-aspect-ratio\"><div class=\"wp-block-embed__wrapper\">\n<iframe loading=\"lazy\" title=\"Astar Strike Online - Multiplayer WebGL FPS Game\" width=\"1170\" height=\"658\" src=\"https:\/\/www.youtube.com\/embed\/F9P-_UruBiY?feature=oembed\" frameborder=\"0\" allow=\"accelerometer; autoplay; clipboard-write; encrypted-media; gyroscope; picture-in-picture; web-share\" referrerpolicy=\"strict-origin-when-cross-origin\" allowfullscreen><\/iframe>\n<\/div><\/figure>\n<\/div>\n<\/div>\n\n\n\n<p><strong>Neden ZeroHint ile \u00c7al\u0131\u015fmal\u0131s\u0131n\u0131z?<\/strong><\/p>\n\n\n\n<ul class=\"wp-block-list\">\n<li><strong>Ki\u015fiye \u00d6zel \u00c7\u00f6z\u00fcmler:<\/strong> Her projenin \u00f6zg\u00fcn ihtiya\u00e7lar\u0131na uygun, ki\u015fiselle\u015ftirilmi\u015f hizmetler sunarak vizyonunuzun tam anlam\u0131yla ger\u00e7ekle\u015ftirilmesini sa\u011fl\u0131yoruz.<\/li>\n\n\n\n<li><strong>Yenilik\u00e7i Yakla\u015f\u0131m:<\/strong> Sekt\u00f6r trendlerinin \u00f6n\u00fcnde kalarak yenilik\u00e7i \u00e7\u00f6z\u00fcmler ve son teknoloji oyun deneyimleri sunuyoruz.<\/li>\n\n\n\n<li><strong>M\u00fc\u015fteri Memnuniyeti:<\/strong> Projeleri zaman\u0131nda ve b\u00fct\u00e7e dahilinde teslim ederek m\u00fc\u015fteri memnuniyetini \u00f6n planda tutuyoruz.<\/li>\n<\/ul>\n\n\n\n<p><strong>Birlikte \u00c7al\u0131\u015fal\u0131m:<\/strong><\/p>\n\n\n\n<p>\u00c7ok oyunculu oyun fikrinizi ger\u00e7e\u011fe d\u00f6n\u00fc\u015ft\u00fcrmeye haz\u0131r m\u0131s\u0131n\u0131z? Kapsaml\u0131 \u00e7ok oyunculu oyun geli\u015ftirme hizmetleri i\u00e7in ZeroHint ile i\u015f birli\u011fi yap\u0131n. Uzmanl\u0131\u011f\u0131m\u0131z ve kaliteye olan ba\u011fl\u0131l\u0131\u011f\u0131m\u0131z, bir sonraki projeniz i\u00e7in m\u00fckemmel bir tercih olmam\u0131z\u0131 sa\u011fl\u0131yor. Pazar\u0131n \u00f6ne \u00e7\u0131kan oyunlar\u0131ndan birini birlikte yaratal\u0131m.<\/p>\n\n\n\n<p><strong>Bizimle \u0130leti\u015fime Ge\u00e7in:<\/strong><\/p>\n\n\n\n<p>Projeniz hakk\u0131nda daha fazla bilgi almak veya g\u00f6r\u00fc\u015fmek i\u00e7in l\u00fctfen bizimle ileti\u015fime ge\u00e7in. Sizinle i\u015f birli\u011fi yapmay\u0131 d\u00f6rt g\u00f6zle bekliyoruz.<\/p>\n","protected":false},"excerpt":{"rendered":"<p>\u00c7ok Oyunculu Oyunlar ve Projeler Geli\u015ftirme: Oyun Geli\u015ftirme Hizmetleri ZeroHint&#8217;da, ola\u011fan\u00fcst\u00fc \u00e7ok oyunculu oyunlar ve projeler geli\u015ftirme konusunda uzman\u0131z ve fikirlerinizi ger\u00e7e\u011fe d\u00f6n\u00fc\u015ft\u00fcrmek i\u00e7in kapsaml\u0131 hizmetler sunuyoruz. \u00c7e\u015fitli t\u00fcrler ve platformlardaki uzmanl\u0131\u011f\u0131m\u0131z, her t\u00fcrl\u00fc \u00e7ok oyunculu oyun projesinin benzersiz zorluklar\u0131n\u0131 ele alabilmemizi sa\u011fl\u0131yor. Bizimle ortakl\u0131k kurarak, geni\u015f deneyimimizi ve son teknoloji \u00e7\u00f6z\u00fcmlerimizi kullanarak etkileyici, y\u00fcksek [&hellip;]<\/p>\n","protected":false},"author":1,"featured_media":18809,"parent":19030,"menu_order":0,"comment_status":"open","ping_status":"closed","template":"","meta":{"inline_featured_image":false,"_monsterinsights_skip_tracking":false,"_monsterinsights_sitenote_active":false,"_monsterinsights_sitenote_note":"","_monsterinsights_sitenote_category":0,"footnotes":""},"class_list":["post-19111","page","type-page","status-publish","has-post-thumbnail","hentry"],"_links":{"self":[{"href":"https:\/\/zerohint.com\/tr\/wp-json\/wp\/v2\/pages\/19111","targetHints":{"allow":["GET"]}}],"collection":[{"href":"https:\/\/zerohint.com\/tr\/wp-json\/wp\/v2\/pages"}],"about":[{"href":"https:\/\/zerohint.com\/tr\/wp-json\/wp\/v2\/types\/page"}],"author":[{"embeddable":true,"href":"https:\/\/zerohint.com\/tr\/wp-json\/wp\/v2\/users\/1"}],"replies":[{"embeddable":true,"href":"https:\/\/zerohint.com\/tr\/wp-json\/wp\/v2\/comments?post=19111"}],"version-history":[{"count":1,"href":"https:\/\/zerohint.com\/tr\/wp-json\/wp\/v2\/pages\/19111\/revisions"}],"predecessor-version":[{"id":19382,"href":"https:\/\/zerohint.com\/tr\/wp-json\/wp\/v2\/pages\/19111\/revisions\/19382"}],"up":[{"embeddable":true,"href":"https:\/\/zerohint.com\/tr\/wp-json\/wp\/v2\/pages\/19030"}],"wp:featuredmedia":[{"embeddable":true,"href":"https:\/\/zerohint.com\/tr\/wp-json\/wp\/v2\/media\/18809"}],"wp:attachment":[{"href":"https:\/\/zerohint.com\/tr\/wp-json\/wp\/v2\/media?parent=19111"}],"curies":[{"name":"wp","href":"https:\/\/api.w.org\/{rel}","templated":true}]}}