{"id":19113,"date":"2024-08-08T21:12:27","date_gmt":"2024-08-08T18:12:27","guid":{"rendered":"https:\/\/studios.redellion.com\/tr\/?page_id=19113"},"modified":"2024-11-04T19:35:29","modified_gmt":"2024-11-04T16:35:29","slug":"vr-gelistirme-ve-porting-xr-cozumleri","status":"publish","type":"page","link":"https:\/\/zerohint.com\/tr\/hizmetlerimiz\/vr-gelistirme-ve-porting-xr-cozumleri\/","title":{"rendered":"VR Geli\u015ftirme ve Porting: XR \u00c7\u00f6z\u00fcmleri"},"content":{"rendered":"\n<h2 class=\"wp-block-heading\">VR Geli\u015ftirme ve Porting: XR \u00c7\u00f6z\u00fcmleri<\/h2>\n\n\n\n<figure class=\"wp-block-image size-large\"><img loading=\"lazy\" decoding=\"async\" width=\"1024\" height=\"576\" src=\"https:\/\/studios.redellion.com\/tr\/wp-content\/uploads\/sites\/6\/2024\/08\/MeetingRoom-1-1024x576.jpg\" alt=\"\" class=\"wp-image-18814\" srcset=\"https:\/\/zerohint.com\/tr\/wp-content\/uploads\/sites\/6\/2024\/08\/MeetingRoom-1-1024x576.jpg 1024w, https:\/\/zerohint.com\/tr\/wp-content\/uploads\/sites\/6\/2024\/08\/MeetingRoom-1-300x169.jpg 300w, https:\/\/zerohint.com\/tr\/wp-content\/uploads\/sites\/6\/2024\/08\/MeetingRoom-1-768x432.jpg 768w, https:\/\/zerohint.com\/tr\/wp-content\/uploads\/sites\/6\/2024\/08\/MeetingRoom-1-1536x864.jpg 1536w, https:\/\/zerohint.com\/tr\/wp-content\/uploads\/sites\/6\/2024\/08\/MeetingRoom-1-750x422.jpg 750w, https:\/\/zerohint.com\/tr\/wp-content\/uploads\/sites\/6\/2024\/08\/MeetingRoom-1-540x304.jpg 540w, https:\/\/zerohint.com\/tr\/wp-content\/uploads\/sites\/6\/2024\/08\/MeetingRoom-1-600x338.jpg 600w, https:\/\/zerohint.com\/tr\/wp-content\/uploads\/sites\/6\/2024\/08\/MeetingRoom-1.jpg 1920w\" sizes=\"auto, (max-width: 1024px) 100vw, 1024px\" \/><\/figure>\n\n\n\n<p>ZeroHint&#8217;da, Sanal Ger\u00e7eklik (VR) geli\u015ftirme ve porting hizmetlerinde uzman\u0131z, fikirlerinizi hayata ge\u00e7iren kapsaml\u0131 XR (Geni\u015fletilmi\u015f Ger\u00e7eklik) \u00e7\u00f6z\u00fcmleri sunuyoruz. Ekibimiz, kullan\u0131c\u0131lar\u0131 etkileyici ve y\u00fcksek kaliteli VR deneyimleriyle b\u00fcy\u00fcleyen, s\u00fcr\u00fckleyici projeler yaratmaya kendini adam\u0131\u015ft\u0131r. \u0130ster s\u0131f\u0131rdan yeni bir VR projesi geli\u015ftirmek, ister mevcut bir uygulamay\u0131 VR&#8217;ye port etmek isteyin, m\u00fckemmel sonu\u00e7lar elde etmek i\u00e7in gereken uzmanl\u0131k ve teknolojiye sahibiz.<\/p>\n\n\n\n<h3 class=\"wp-block-heading\"><strong>Neden ZeroHint&#8217;i VR Geli\u015ftirme ve Porting \u0130\u00e7in Se\u00e7melisiniz?<\/strong><\/h3>\n\n\n\n<p>ZeroHint&#8217;\u0131 se\u00e7mek, XR teknolojisine tutkuyla ba\u011fl\u0131 ve m\u00fckemmeliyete odaklanm\u0131\u015f bir ekip ile ortakl\u0131k yapmak anlam\u0131na gelir. Hizmetlerimiz, m\u00fc\u015fterilerimizin \u00e7e\u015fitli ihtiya\u00e7lar\u0131n\u0131 kar\u015f\u0131lamak \u00fczere tasarlanm\u0131\u015f olup, her projeyi \u00f6zg\u00fcn hedeflerine ula\u015facak \u015fekilde \u00f6zelle\u015ftiririz.<\/p>\n\n\n\n<div class=\"wp-block-columns is-layout-flex wp-container-core-columns-is-layout-1 wp-block-columns-is-layout-flex\">\n<div class=\"wp-block-column is-layout-flow wp-block-column-is-layout-flow\">\n<p><strong>Uzmanl\u0131k Alanlar\u0131m\u0131z:<\/strong><\/p>\n\n\n\n<ul class=\"wp-block-list\">\n<li><strong>\u00d6zel VR Geli\u015ftirme:<\/strong> \u0130ster oyun, e\u011fitim, e\u011fitim veya e\u011flence i\u00e7in olsun, ihtiya\u00e7lar\u0131n\u0131za g\u00f6re \u00f6zel olarak tasarlanm\u0131\u015f VR uygulamalar\u0131 olu\u015fturuyoruz.<\/li>\n\n\n\n<li><strong>VR Porting:<\/strong> Mevcut uygulamalar\u0131 ve oyunlar\u0131 VR&#8217;ye ta\u015f\u0131yarak, yeteneklerini art\u0131r\u0131yor ve eri\u015fim alanlar\u0131n\u0131 geni\u015fletiyoruz.<\/li>\n\n\n\n<li><strong>\u00c7apraz Platform \u00c7\u00f6z\u00fcmleri:<\/strong> VR \u00e7\u00f6z\u00fcmlerimiz, Oculus Rift, HTC Vive, PlayStation VR ve daha fazlas\u0131 dahil olmak \u00fczere \u00e7e\u015fitli cihazlarla uyumlu olarak \u00e7al\u0131\u015f\u0131r.<\/li>\n\n\n\n<li><strong>S\u00fcr\u00fckleyici Deneyimler:<\/strong> En son VR teknolojilerini ve en iyi uygulamalar\u0131 kullanarak, uygulamalar\u0131m\u0131z\u0131n tamamen s\u00fcr\u00fckleyici deneyimler sunmas\u0131n\u0131 sa\u011fl\u0131yoruz.<\/li>\n<\/ul>\n<\/div>\n\n\n\n<div class=\"wp-block-column is-layout-flow wp-block-column-is-layout-flow\">\n<figure class=\"wp-block-image size-full\"><img loading=\"lazy\" decoding=\"async\" width=\"900\" height=\"900\" src=\"https:\/\/studios.redellion.com\/tr\/wp-content\/uploads\/sites\/6\/2024\/08\/oculus-quest-2.jpg\" alt=\"\" class=\"wp-image-19040\" srcset=\"https:\/\/zerohint.com\/tr\/wp-content\/uploads\/sites\/6\/2024\/08\/oculus-quest-2.jpg 900w, https:\/\/zerohint.com\/tr\/wp-content\/uploads\/sites\/6\/2024\/08\/oculus-quest-2-300x300.jpg 300w, https:\/\/zerohint.com\/tr\/wp-content\/uploads\/sites\/6\/2024\/08\/oculus-quest-2-150x150.jpg 150w, https:\/\/zerohint.com\/tr\/wp-content\/uploads\/sites\/6\/2024\/08\/oculus-quest-2-768x768.jpg 768w, https:\/\/zerohint.com\/tr\/wp-content\/uploads\/sites\/6\/2024\/08\/oculus-quest-2-750x750.jpg 750w, https:\/\/zerohint.com\/tr\/wp-content\/uploads\/sites\/6\/2024\/08\/oculus-quest-2-540x540.jpg 540w\" sizes=\"auto, (max-width: 900px) 100vw, 900px\" \/><\/figure>\n<\/div>\n<\/div>\n\n\n\n<p><strong>Ana \u00d6zellikler:<\/strong><\/p>\n\n\n\n<p><strong>Etkile\u015fimli Ortamlar:<\/strong> VR projelerimiz, kullan\u0131c\u0131lar\u0131 \u00e7eken ve deneyimlerini geli\u015ftiren y\u00fcksek derecede etkile\u015fimli ve ger\u00e7ek\u00e7i ortamlar sunar.<\/p>\n\n\n\n<p><strong>Y\u00fcksek Kaliteli Grafikler:<\/strong> G\u00f6rsel olarak etkileyici VR uygulamalar\u0131 olu\u015fturmak i\u00e7in ileri grafik ve render tekniklerini kullan\u0131yoruz.<\/p>\n\n\n\n<p><strong>Sorunsuz Entegrasyon:<\/strong> Ekibimiz, VR projenizin t\u00fcm bile\u015fenlerinin sorunsuz bir \u015fekilde entegre edilmesini sa\u011flar, b\u00f6ylece kullan\u0131c\u0131 deneyimi kesintisiz ve keyifli olur.<\/p>\n\n\n\n<p><strong>Optimize Performans:<\/strong> VR uygulamalar\u0131m\u0131z\u0131 performans a\u00e7\u0131s\u0131ndan optimize ediyoruz, b\u00f6ylece desteklenen t\u00fcm cihazlarda sorunsuz \u00e7al\u0131\u015fmas\u0131n\u0131 sa\u011fl\u0131yoruz.<\/p>\n\n\n\n<h3 class=\"wp-block-heading\">VR Projelerimiz<\/h3>\n\n\n\n<h3 class=\"wp-block-heading\">E\u011fitim Sim\u00fclasyonlar\u0131<\/h3>\n\n\n\n<p>\u00d6ne \u00e7\u0131kan projelerimizden biri, akademi ile i\u015fbirli\u011fi i\u00e7inde ve Avrupa Birli\u011fi taraf\u0131ndan finanse edilen gen ifadesine odaklanan bir e\u011fitim sim\u00fclasyonudur. Bu proje, etkile\u015fimli ve e\u011fitim ama\u00e7l\u0131 VR uygulamalar\u0131 olu\u015fturma yetene\u011fimizi sergilemektedir.<\/p>\n\n\n\n<p><strong>Projenin \u00d6zellikleri:<\/strong><\/p>\n\n\n\n<ul class=\"wp-block-list\">\n<li><strong>Etkile\u015fimli \u00d6\u011frenme:<\/strong> \u00d6\u011frencilerin ve e\u011fitimcilerin karma\u015f\u0131k biyolojik s\u00fcre\u00e7leri ke\u015ffetmesine olanak tan\u0131r.<\/li>\n\n\n\n<li><strong>Sesli A\u00e7\u0131klama:<\/strong> Gen ifadesi s\u00fcrecinin anla\u015f\u0131lmas\u0131n\u0131 art\u0131ran ayr\u0131nt\u0131l\u0131 sesli a\u00e7\u0131klamalar sunar.<\/li>\n\n\n\n<li><strong>\u00c7apraz Platform Eri\u015fimi:<\/strong> VR ve web taray\u0131c\u0131lar\u0131 dahil olmak \u00fczere \u00e7e\u015fitli platformlarda eri\u015filebilir.<\/li>\n<\/ul>\n\n\n\n<h3 class=\"wp-block-heading\"><strong>Hongkong Metaverse VR<\/strong><\/h3>\n\n\n\n<p>Hongkong Metaverse, kullan\u0131c\u0131lar\u0131n payla\u015f\u0131lan sanal ortamda sorunsuz bir \u015fekilde etkile\u015fimde bulunmalar\u0131n\u0131 sa\u011flayan \u00e7\u0131\u011f\u0131r a\u00e7\u0131c\u0131 bir \u00e7ok oyunculu \u00e7apraz platform VR ve PC metaverse projesidir. Ayr\u0131nt\u0131lar\u0131 <a href=\"https:\/\/zerohint.com\/tr\/portfolio\/hongkong-metaverse-vr\/\" data-type=\"dt_portfolios\" data-id=\"18022\">buradan<\/a> inceleyin.<\/p>\n\n\n\n<p><strong>Projenin \u00d6zellikleri:<\/strong><\/p>\n\n\n\n<ul class=\"wp-block-list\">\n<li><strong>\u00c7ok Oyunculu Etkile\u015fim:<\/strong> Kullan\u0131c\u0131lar, VR ve PC platformlar\u0131nda ger\u00e7ek zamanl\u0131 olarak etkile\u015fimde bulunabilir.<\/li>\n\n\n\n<li><strong>\u00c7e\u015fitli Etkinlikler:<\/strong> Basketbol, tenis, bowling, kumarhane oyunlar\u0131, sinema ve daha fazlas\u0131n\u0131 i\u00e7erir.<\/li>\n\n\n\n<li><strong>Geli\u015fmi\u015f \u00d6zellikler:<\/strong> VR fiziksel el etkile\u015fimleri, sesli sohbet, karakter \u00f6zelle\u015ftirme, AI NPC&#8217;ler, oyun i\u00e7i taray\u0131c\u0131 (YouTube) ve daha fazlas\u0131n\u0131 destekler.<\/li>\n<\/ul>\n\n\n\n<p><strong>Neden ZeroHint ile \u00c7al\u0131\u015fmal\u0131s\u0131n\u0131z?<\/strong><\/p>\n\n\n\n<ul class=\"wp-block-list\">\n<li><strong>Deneyimli Ekip:<\/strong> VR ve XR geli\u015ftirme konusunda geni\u015f deneyime sahip yetenekli geli\u015ftiriciler, tasar\u0131mc\u0131lar ve sanat\u00e7\u0131lardan olu\u015fan bir ekibimiz var.<\/li>\n\n\n\n<li><strong>\u00d6zelle\u015ftirilmi\u015f \u00c7\u00f6z\u00fcmler:<\/strong> Her projenin \u00f6zel ihtiya\u00e7lar\u0131n\u0131 kar\u015f\u0131lamak i\u00e7in ki\u015fiselle\u015ftirilmi\u015f hizmetler sunuyoruz, b\u00f6ylece vizyonunuzu tam olarak ger\u00e7ekle\u015ftiriyoruz.<\/li>\n\n\n\n<li><strong>Kan\u0131tlanm\u0131\u015f Ba\u015far\u0131:<\/strong> Ba\u015far\u0131l\u0131 projeler ve memnun m\u00fc\u015fterilerle olan ge\u00e7mi\u015fimiz, kalite ve m\u00fckemmelli\u011fe olan ba\u011fl\u0131l\u0131\u011f\u0131m\u0131z\u0131 g\u00f6sterir.<\/li>\n<\/ul>\n\n\n\n<p><strong>\u0130\u015f Birli\u011fi Yapal\u0131m:<\/strong><\/p>\n\n\n\n<p>VR projenizi hayata ge\u00e7irmeye haz\u0131r m\u0131s\u0131n\u0131z? Kapsaml\u0131 VR geli\u015ftirme ve porting hizmetleri i\u00e7in ZeroHint ile i\u015f birli\u011fi yap\u0131n. Uzmanl\u0131\u011f\u0131m\u0131z ve kaliteye olan ba\u011fl\u0131l\u0131\u011f\u0131m\u0131z, bir sonraki XR projeniz i\u00e7in m\u00fckemmel se\u00e7im yapmam\u0131z\u0131 sa\u011flar. S\u00fcr\u00fckleyici ve etkileyici VR deneyimleri olu\u015fturmak i\u00e7in birlikte \u00e7al\u0131\u015fal\u0131m.<\/p>\n\n\n\n<p><strong>\u0130leti\u015fime Ge\u00e7in:<\/strong><\/p>\n\n\n\n<p>Projeniz hakk\u0131nda daha fazla bilgi almak veya konu\u015fmak i\u00e7in bizimle ileti\u015fime ge\u00e7in. Vizyonunuzu ger\u00e7e\u011fe d\u00f6n\u00fc\u015ft\u00fcrmek i\u00e7in sizinle i\u015f birli\u011fi yapmay\u0131 d\u00f6rt g\u00f6zle bekliyoruz.<\/p>\n","protected":false},"excerpt":{"rendered":"<p>VR Geli\u015ftirme ve Porting: XR \u00c7\u00f6z\u00fcmleri ZeroHint&#8217;da, Sanal Ger\u00e7eklik (VR) geli\u015ftirme ve porting hizmetlerinde uzman\u0131z, fikirlerinizi hayata ge\u00e7iren kapsaml\u0131 XR (Geni\u015fletilmi\u015f Ger\u00e7eklik) \u00e7\u00f6z\u00fcmleri sunuyoruz. Ekibimiz, kullan\u0131c\u0131lar\u0131 etkileyici ve y\u00fcksek kaliteli VR deneyimleriyle b\u00fcy\u00fcleyen, s\u00fcr\u00fckleyici projeler yaratmaya kendini adam\u0131\u015ft\u0131r. \u0130ster s\u0131f\u0131rdan yeni bir VR projesi geli\u015ftirmek, ister mevcut bir uygulamay\u0131 VR&#8217;ye port etmek isteyin, m\u00fckemmel sonu\u00e7lar [&hellip;]<\/p>\n","protected":false},"author":1,"featured_media":18814,"parent":19030,"menu_order":0,"comment_status":"open","ping_status":"closed","template":"","meta":{"inline_featured_image":false,"_monsterinsights_skip_tracking":false,"_monsterinsights_sitenote_active":false,"_monsterinsights_sitenote_note":"","_monsterinsights_sitenote_category":0,"footnotes":""},"class_list":["post-19113","page","type-page","status-publish","has-post-thumbnail","hentry"],"_links":{"self":[{"href":"https:\/\/zerohint.com\/tr\/wp-json\/wp\/v2\/pages\/19113","targetHints":{"allow":["GET"]}}],"collection":[{"href":"https:\/\/zerohint.com\/tr\/wp-json\/wp\/v2\/pages"}],"about":[{"href":"https:\/\/zerohint.com\/tr\/wp-json\/wp\/v2\/types\/page"}],"author":[{"embeddable":true,"href":"https:\/\/zerohint.com\/tr\/wp-json\/wp\/v2\/users\/1"}],"replies":[{"embeddable":true,"href":"https:\/\/zerohint.com\/tr\/wp-json\/wp\/v2\/comments?post=19113"}],"version-history":[{"count":1,"href":"https:\/\/zerohint.com\/tr\/wp-json\/wp\/v2\/pages\/19113\/revisions"}],"predecessor-version":[{"id":19389,"href":"https:\/\/zerohint.com\/tr\/wp-json\/wp\/v2\/pages\/19113\/revisions\/19389"}],"up":[{"embeddable":true,"href":"https:\/\/zerohint.com\/tr\/wp-json\/wp\/v2\/pages\/19030"}],"wp:featuredmedia":[{"embeddable":true,"href":"https:\/\/zerohint.com\/tr\/wp-json\/wp\/v2\/media\/18814"}],"wp:attachment":[{"href":"https:\/\/zerohint.com\/tr\/wp-json\/wp\/v2\/media?parent=19113"}],"curies":[{"name":"wp","href":"https:\/\/api.w.org\/{rel}","templated":true}]}}