{"id":19115,"date":"2024-08-08T21:15:33","date_gmt":"2024-08-08T18:15:33","guid":{"rendered":"https:\/\/studios.redellion.com\/tr\/?page_id=19115"},"modified":"2024-11-04T19:36:02","modified_gmt":"2024-11-04T16:36:02","slug":"web3-ve-blockchain-metaverse-oyun-gelistirme-hizmetleri","status":"publish","type":"page","link":"https:\/\/zerohint.com\/tr\/hizmetlerimiz\/web3-ve-blockchain-metaverse-oyun-gelistirme-hizmetleri\/","title":{"rendered":"Web3 ve Blockchain Metaverse Oyun Geli\u015ftirme Hizmetleri"},"content":{"rendered":"\n<h1 class=\"wp-block-heading\">Web3 ve Blockchain Metaverse Oyun Geli\u015ftirme Hizmetleri<\/h1>\n\n\n\n<figure class=\"wp-block-image size-large\"><img loading=\"lazy\" decoding=\"async\" width=\"1024\" height=\"576\" src=\"https:\/\/studios.redellion.com\/tr\/wp-content\/uploads\/sites\/6\/2024\/08\/MeetingRoom-1024x576.jpg\" alt=\"\" class=\"wp-image-19116\" srcset=\"https:\/\/zerohint.com\/tr\/wp-content\/uploads\/sites\/6\/2024\/08\/MeetingRoom-1024x576.jpg 1024w, https:\/\/zerohint.com\/tr\/wp-content\/uploads\/sites\/6\/2024\/08\/MeetingRoom-300x169.jpg 300w, https:\/\/zerohint.com\/tr\/wp-content\/uploads\/sites\/6\/2024\/08\/MeetingRoom-768x432.jpg 768w, https:\/\/zerohint.com\/tr\/wp-content\/uploads\/sites\/6\/2024\/08\/MeetingRoom-1536x864.jpg 1536w, https:\/\/zerohint.com\/tr\/wp-content\/uploads\/sites\/6\/2024\/08\/MeetingRoom-750x422.jpg 750w, https:\/\/zerohint.com\/tr\/wp-content\/uploads\/sites\/6\/2024\/08\/MeetingRoom-540x304.jpg 540w, https:\/\/zerohint.com\/tr\/wp-content\/uploads\/sites\/6\/2024\/08\/MeetingRoom.jpg 1920w\" sizes=\"auto, (max-width: 1024px) 100vw, 1024px\" \/><\/figure>\n\n\n\n<p>ZeroHint olarak, Web 3 ve blockchain metaverse oyun geli\u015ftirme alan\u0131nda uzmanla\u015fm\u0131\u015f bir ekibiz. En son teknolojileri kullanarak kapsaml\u0131 d\u0131\u015f kaynak \u00e7\u00f6z\u00fcmleri sunuyoruz ve etkileyici ve merkeziyetsiz oyun deneyimleri yarat\u0131yoruz. Yeni bir metaverse projesi geli\u015ftirmek veya mevcut oyunlar\u0131n\u0131za blockchain \u00f6zellikleri entegre etmek istiyorsan\u0131z, vizyonunuzu hayata ge\u00e7irmek i\u00e7in buraday\u0131z.<\/p>\n\n\n\n<h3 class=\"wp-block-heading\"><strong>Neden ZeroHint&#8217;\u0131 Web 3 &amp; Blockchain Oyun Geli\u015ftirme \u0130\u00e7in Se\u00e7melisiniz?<\/strong><\/h3>\n\n\n\n<p>ZeroHint\u2019\u0131 se\u00e7mek, blockchain teknolojisine ve oyun end\u00fcstrisini devrim niteli\u011finde d\u00f6n\u00fc\u015ft\u00fcrme potansiyeline tutkulu olan bir uzman ekiple ortakl\u0131k yapman\u0131z anlam\u0131na gelir. Hizmetlerimiz, her projeyi \u00f6zel hedeflerine ula\u015facak \u015fekilde uyarlamak i\u00e7in tasarlanm\u0131\u015ft\u0131r.<\/p>\n\n\n\n<p><strong>Uzmanl\u0131k Alanlar\u0131m\u0131z:<\/strong><\/p>\n\n\n\n<ul class=\"wp-block-list\">\n<li><strong>Blockchain Entegrasyonu:<\/strong> Blockchain teknolojisini oyunlara entegre ederek merkeziyetsiz varl\u0131k sahipli\u011fi, oyun i\u00e7i ekonomiler ve g\u00fcvenli i\u015flemler sa\u011fl\u0131yoruz.<\/li>\n\n\n\n<li><strong>Web 3 Geli\u015ftirme:<\/strong> Web 3 teknolojilerini kullanan uygulamalar geli\u015ftiriyoruz ve oyunculara g\u00fcvenlik, \u015feffafl\u0131k ve oyun deneyimlerinde kontrol sunuyoruz.<\/li>\n\n\n\n<li><strong>Ak\u0131ll\u0131 S\u00f6zle\u015fmeler:<\/strong> Oyun i\u015flevleri i\u00e7in ak\u0131ll\u0131 s\u00f6zle\u015fmeler tasarl\u0131yor ve uyguluyoruz, b\u00f6ylece oyun i\u00e7i i\u015flemler otomatik ve m\u00fcdahale edilemez \u015fekilde ger\u00e7ekle\u015fir.<\/li>\n\n\n\n<li><strong>NFT Olu\u015fturma ve Y\u00f6netimi:<\/strong> Benzersiz oyun i\u00e7i varl\u0131klar i\u00e7in non-fungible token&#8217;lar (NFT&#8217;ler) olu\u015fturuyor ve y\u00f6netiyoruz, oyuncular\u0131n sanal e\u015fyalar\u0131n\u0131 ger\u00e7ekten sahiplenmelerini ve ticaretini yapmalar\u0131n\u0131 sa\u011fl\u0131yoruz.<\/li>\n<\/ul>\n\n\n\n<p><strong>Ana \u00d6zellikler:<\/strong><\/p>\n\n\n\n<ul class=\"wp-block-list\">\n<li><strong>Merkeziyetsiz Ekonomiler:<\/strong> Oyunda merkeziyetsiz ve oyuncu odakl\u0131 ekonomiler olu\u015fturarak etkile\u015fimi ve gelir elde etmeyi art\u0131r\u0131yoruz.<\/li>\n\n\n\n<li><strong>G\u00fcvenli \u0130\u015flemler:<\/strong> Blockchain teknolojisi kullanarak g\u00fcvenli ve \u015feffaf i\u015flemler sa\u011fl\u0131yoruz, oyuncular\u0131 ve varl\u0131klar\u0131n\u0131 koruyoruz.<\/li>\n\n\n\n<li><strong>\u00c7apraz Platform Uyumlulu\u011fu:<\/strong> PC, mobil ve web taray\u0131c\u0131lar\u0131 dahil \u00e7e\u015fitli platformlarda sorunsuz \u00e7al\u0131\u015fan oyunlar geli\u015ftiriyoruz.<\/li>\n\n\n\n<li><strong>\u00d6zelle\u015ftirilebilir Avatarlara ve Varl\u0131klara:<\/strong> Oyuncular\u0131n avatarlar\u0131n\u0131 ve oyun i\u00e7i varl\u0131klar\u0131n\u0131 \u00f6zelle\u015ftirmelerine olanak tan\u0131yoruz, b\u00f6ylece benzersiz ve ki\u015fiselle\u015ftirilmi\u015f oyun deneyimleri sunuyoruz.<\/li>\n<\/ul>\n\n\n\n<h4 class=\"wp-block-heading\"><strong>Projelerimiz:<\/strong><\/h4>\n\n\n\n<ul class=\"wp-block-list\">\n<li><strong>Gen \u0130fadesi Projesi:<\/strong> Avrupa Birli\u011fi taraf\u0131ndan finanse edilen ve akademi ile i\u015f birli\u011fi i\u00e7inde geli\u015ftirilen bir e\u011fitim sim\u00fclasyonudur. Karma\u015f\u0131k biyolojik s\u00fcre\u00e7lerin etkile\u015fimli bir \u015fekilde ke\u015ffedilmesini sa\u011flar. <strong>Projenin \u00d6zellikleri:<\/strong>\n<ul class=\"wp-block-list\">\n<li>Etkile\u015fimli \u00d6\u011frenme: \u00d6\u011frenciler ve e\u011fitmenler i\u00e7in karma\u015f\u0131k biyolojik s\u00fcre\u00e7leri ke\u015ffetme platformu.<\/li>\n\n\n\n<li>Sesli A\u00e7\u0131klamalar: Gen ifadesi s\u00fcrecinin anla\u015f\u0131lmas\u0131n\u0131 art\u0131ran detayl\u0131 sesli a\u00e7\u0131klamalar.<\/li>\n\n\n\n<li>\u00c7apraz Platform Eri\u015fimi: VR ve web taray\u0131c\u0131lar\u0131 dahil \u00e7e\u015fitli platformlarda eri\u015filebilir.<\/li>\n<\/ul>\n<\/li>\n\n\n\n<li><strong>Hongkong Metaverse:<\/strong> \u00c7\u0131\u011f\u0131r a\u00e7an bir \u00e7ok oyunculu VR ve PC metaverse projesidir. Kullan\u0131c\u0131lar\u0131n payla\u015f\u0131lan sanal ortamda kesintisiz bir \u015fekilde etkile\u015fimde bulunmalar\u0131n\u0131 sa\u011flar. <strong>Projenin \u00d6zellikleri:<\/strong>\n<ul class=\"wp-block-list\">\n<li>\u00c7ok Oyunculu Etkile\u015fim: Kullan\u0131c\u0131lar, VR ve PC platformlar\u0131 aras\u0131nda ger\u00e7ek zamanl\u0131 etkile\u015fimde bulunabilirler.<\/li>\n\n\n\n<li>\u00c7e\u015fitli Aktiviteler: Basketbol, tenis, bowling, casino oyunlar\u0131, sinema ve daha fazlas\u0131n\u0131 i\u00e7erir.<\/li>\n\n\n\n<li>Geli\u015fmi\u015f \u00d6zellikler: VR fiziksel el etkile\u015fimleri, sesli sohbet, karakter \u00f6zelle\u015ftirme, AI NPC&#8217;ler, oyun i\u00e7i taray\u0131c\u0131 (YouTube) ve daha fazlas\u0131n\u0131 destekler.<\/li>\n<\/ul>\n<\/li>\n<\/ul>\n\n\n\n<h4 class=\"wp-block-heading\"><strong>Yeteneklerimiz:<\/strong><\/h4>\n\n\n\n<p>E\u011fitim sim\u00fclasyonlar\u0131n\u0131n yan\u0131 s\u0131ra, geni\u015f bir VR ve XR \u00e7\u00f6z\u00fcm yelpazesi geli\u015ftiriyoruz, bunlar aras\u0131nda:<\/p>\n\n\n\n<ul class=\"wp-block-list\">\n<li><strong>E\u011fitim Sim\u00fclasyonlar\u0131:<\/strong> Sa\u011fl\u0131k, havac\u0131l\u0131k ve \u00fcretim gibi end\u00fcstriler i\u00e7in \u00f6zel VR e\u011fitim mod\u00fclleri.<\/li>\n\n\n\n<li><strong>E\u011flence ve Oyun:<\/strong> \u0130zleyicileri etkileyen etkileyici VR oyun ve e\u011flence deneyimleri.<\/li>\n\n\n\n<li><strong>Sanal Turlar:<\/strong> Gayrimenkul, turizm ve e\u011fitim kurumlar\u0131 i\u00e7in ger\u00e7ek\u00e7i ve etkileyici sanal turlar.<\/li>\n<\/ul>\n\n\n\n<h4 class=\"wp-block-heading\"><strong>Neden ZeroHint ile \u00c7al\u0131\u015fmal\u0131s\u0131n\u0131z?<\/strong><\/h4>\n\n\n\n<ul class=\"wp-block-list\">\n<li><strong>Deneyimli Ekip:<\/strong> Web 3 ve blockchain oyun geli\u015ftirme konusunda geni\u015f deneyime sahip geli\u015ftiriciler, tasar\u0131mc\u0131lar ve sanat\u00e7\u0131lardan olu\u015fan bir ekibiz.<\/li>\n\n\n\n<li><strong>\u00d6zelle\u015ftirilmi\u015f \u00c7\u00f6z\u00fcmler:<\/strong> Her projeyi \u00f6zel ihtiya\u00e7lar\u0131n\u0131za g\u00f6re ki\u015fiselle\u015ftirilmi\u015f hizmetlerle uyarl\u0131yoruz.<\/li>\n\n\n\n<li><strong>Kan\u0131tlanm\u0131\u015f Ba\u015far\u0131:<\/strong> Ba\u015far\u0131l\u0131 projelerimiz ve memnun m\u00fc\u015fterilerimiz, kalite ve m\u00fckemmeliyete olan ba\u011fl\u0131l\u0131\u011f\u0131m\u0131z\u0131 g\u00f6sterir.<\/li>\n<\/ul>\n\n\n\n<p><strong>\u0130\u015fbirli\u011fi Yapal\u0131m:<\/strong><\/p>\n\n\n\n<p>Web 3 ve blockchain oyun fikrinizi hayata ge\u00e7irmeye haz\u0131r m\u0131s\u0131n\u0131z? ZeroHint ile kapsaml\u0131 oyun geli\u015ftirme d\u0131\u015f kaynak hizmetleri i\u00e7in ortakl\u0131k yap\u0131n. Uzmanl\u0131\u011f\u0131m\u0131z ve kaliteye olan ba\u011fl\u0131l\u0131\u011f\u0131m\u0131z, sizi bir sonraki projeniz i\u00e7in m\u00fckemmel bir tercih yapar. Metaverse oyununuzu piyasada \u00f6ne \u00e7\u0131karmak i\u00e7in birlikte \u00e7al\u0131\u015fal\u0131m.<\/p>\n\n\n\n<p><strong>\u0130leti\u015fime Ge\u00e7in:<\/strong><\/p>\n\n\n\n<p>Projeniz hakk\u0131nda daha fazla bilgi almak veya tart\u0131\u015fmak i\u00e7in bizimle ileti\u015fime ge\u00e7in. Vizyonunuzu ger\u00e7e\u011fe d\u00f6n\u00fc\u015ft\u00fcrmek i\u00e7in sizinle i\u015fbirli\u011fi yapmay\u0131 d\u00f6rt g\u00f6zle bekliyoruz.<\/p>\n","protected":false},"excerpt":{"rendered":"<p>Web3 ve Blockchain Metaverse Oyun Geli\u015ftirme Hizmetleri ZeroHint olarak, Web 3 ve blockchain metaverse oyun geli\u015ftirme alan\u0131nda uzmanla\u015fm\u0131\u015f bir ekibiz. En son teknolojileri kullanarak kapsaml\u0131 d\u0131\u015f kaynak \u00e7\u00f6z\u00fcmleri sunuyoruz ve etkileyici ve merkeziyetsiz oyun deneyimleri yarat\u0131yoruz. Yeni bir metaverse projesi geli\u015ftirmek veya mevcut oyunlar\u0131n\u0131za blockchain \u00f6zellikleri entegre etmek istiyorsan\u0131z, vizyonunuzu hayata ge\u00e7irmek i\u00e7in buraday\u0131z. Neden [&hellip;]<\/p>\n","protected":false},"author":1,"featured_media":19116,"parent":19030,"menu_order":0,"comment_status":"open","ping_status":"closed","template":"","meta":{"inline_featured_image":false,"_monsterinsights_skip_tracking":false,"_monsterinsights_sitenote_active":false,"_monsterinsights_sitenote_note":"","_monsterinsights_sitenote_category":0,"footnotes":""},"class_list":["post-19115","page","type-page","status-publish","has-post-thumbnail","hentry"],"_links":{"self":[{"href":"https:\/\/zerohint.com\/tr\/wp-json\/wp\/v2\/pages\/19115","targetHints":{"allow":["GET"]}}],"collection":[{"href":"https:\/\/zerohint.com\/tr\/wp-json\/wp\/v2\/pages"}],"about":[{"href":"https:\/\/zerohint.com\/tr\/wp-json\/wp\/v2\/types\/page"}],"author":[{"embeddable":true,"href":"https:\/\/zerohint.com\/tr\/wp-json\/wp\/v2\/users\/1"}],"replies":[{"embeddable":true,"href":"https:\/\/zerohint.com\/tr\/wp-json\/wp\/v2\/comments?post=19115"}],"version-history":[{"count":1,"href":"https:\/\/zerohint.com\/tr\/wp-json\/wp\/v2\/pages\/19115\/revisions"}],"predecessor-version":[{"id":19392,"href":"https:\/\/zerohint.com\/tr\/wp-json\/wp\/v2\/pages\/19115\/revisions\/19392"}],"up":[{"embeddable":true,"href":"https:\/\/zerohint.com\/tr\/wp-json\/wp\/v2\/pages\/19030"}],"wp:featuredmedia":[{"embeddable":true,"href":"https:\/\/zerohint.com\/tr\/wp-json\/wp\/v2\/media\/19116"}],"wp:attachment":[{"href":"https:\/\/zerohint.com\/tr\/wp-json\/wp\/v2\/media?parent=19115"}],"curies":[{"name":"wp","href":"https:\/\/api.w.org\/{rel}","templated":true}]}}