{"id":7603,"date":"2024-04-21T10:51:50","date_gmt":"2024-04-21T07:51:50","guid":{"rendered":"http:\/\/wpresources.vedicthemes.com\/?page_id=7603"},"modified":"2024-11-04T19:31:57","modified_gmt":"2024-11-04T16:31:57","slug":"hakkimizda","status":"publish","type":"page","link":"https:\/\/zerohint.com\/tr\/hakkimizda\/","title":{"rendered":"Hakk\u0131m\u0131zda"},"content":{"rendered":"<div class=\"wpb-content-wrapper\"><p>[vc_row full_width=&#8221;stretch_row&#8221; bg_type=&#8221;image&#8221; parallax_style=&#8221;vcpb-default&#8221; bg_image_new=&#8221;id^18795|url^https:\/\/zerohint.com\/tr\/wp-content\/uploads\/sites\/6\/2024\/08\/office.jpeg|caption^null|alt^null|title^office|description^null&#8221; bg_image_repeat=&#8221;no-repeat&#8221; bg_image_posiiton=&#8221;right center&#8221; el_class=&#8221;gradient-bg-to-right-60&#8243; css=&#8221;.vc_custom_1724683635423{background-color: #f5f5f5 !important;}&#8221;][vc_column]<div id=\"1524570517276-e0f28fa2-0135\" class=\"dt-sc-empty-space\"><\/div>[vc_row_inner][vc_column_inner width=&#8221;1\/2&#8243;]<div class='dt-sc-title with-two-border no-border'><h2>Oyun Geli\u015ftirme St\u00fcdyosu<\/h2><\/div>[vc_custom_heading text=&#8221;2022&#8217;den beri ZeroHint, yenilik\u00e7i teknoloji ve oyun \u00e7\u00f6z\u00fcmleri sunuyor. PC, web, XR, mobil ve \u00e7ok oyunculu oyunlar konusundaki uzmanl\u0131\u011f\u0131m\u0131zla sekt\u00f6rde \u00f6nc\u00fcy\u00fcz.<\/p>\n<p>Global bir oyun geli\u015ftirme orta\u011f\u0131 olarak, oyunlar ve sim\u00fclasyonlar olu\u015fturma konusunda \u00f6zelle\u015ftirilmi\u015f \u00e7\u00f6z\u00fcmler sunuyoruz.&#8221; font_container=&#8221;tag:p|text_align:left|color:%232b2b2b&#8221; use_theme_fonts=&#8221;yes&#8221; css=&#8221;&#8221;]<div id=\"1524570563213-2c343455-1fcd\" class=\"dt-sc-empty-space\"><\/div><a href='https:\/\/zerohint.com\/tr\/contact\/' target='_self' title='Contact' class='dt-sc-button vc_custom_1725973745029  xlarge icon-right with-icon  filled rounded-corner  ' > \u0130LET\u0130\u015e\u0130M <span class='fa fa-long-arrow-right'> <\/span><\/a>[\/vc_column_inner][vc_column_inner width=&#8221;1\/2&#8243; offset=&#8221;vc_hidden-xs&#8221;][\/vc_column_inner][\/vc_row_inner]<div id=\"1524570638554-739f16b9-aaa2\" class=\"dt-sc-empty-space\"><\/div>[\/vc_column][\/vc_row][vc_row][vc_column]<div id=\"1524577625586-81a91228-2157\" class=\"dt-sc-empty-space\"><\/div>[\/vc_column][vc_column width=&#8221;1\/2&#8243; el_class=&#8221;rs_col-sm-12&#8243; offset=&#8221;vc_col-lg-6 vc_col-md-12&#8243;][vc_row_inner][vc_column_inner width=&#8221;1\/2&#8243;]<div class='dt-sc-icon-box type5 rounded aligncenter'><div class=\"icon-wrapper\"><span class='fa fa-gamepad'> <\/span><\/div><div class=\"icon-content\"><h4>Oyun Geli\u015ftirme<\/h4><p><\/p><\/div><\/div>[\/vc_column_inner][vc_column_inner width=&#8221;1\/2&#8243;]<div class='dt-sc-icon-box type5 rounded aligncenter'><div class=\"icon-wrapper\"><span class='fa fa-paint-brush'> <\/span><\/div><div class=\"icon-content\"><h4>Oyun Grafik Tasar\u0131m\u0131<\/h4><p><\/p><\/div><\/div>[\/vc_column_inner][\/vc_row_inner]<div id=\"1524578811251-763a9bfc-563c\" class=\"dt-sc-empty-space\"><\/div>[vc_row_inner el_class=&#8221;last&#8221;][vc_column_inner width=&#8221;1\/2&#8243;]<div class='dt-sc-icon-box type5 rounded aligncenter'><div class=\"icon-wrapper\"><span class='fa fa-mobile'> <\/span><\/div><div class=\"icon-content\"><h4>Mobil Oyunlar<\/h4><p><\/p><\/div><\/div>[\/vc_column_inner][vc_column_inner width=&#8221;1\/2&#8243;]<div class='dt-sc-icon-box type5 rounded aligncenter'><div class=\"icon-wrapper\"><span class='fa fa-cube'> <\/span><\/div><div class=\"icon-content\"><h4>VR Geli\u015ftirme<\/h4><p><\/p><\/div><\/div>[\/vc_column_inner][\/vc_row_inner][\/vc_column][vc_column width=&#8221;1\/2&#8243; el_class=&#8221;rs_col-sm-12&#8243; offset=&#8221;vc_col-lg-6 vc_col-md-12&#8243;]<div class='dt-sc-title with-two-border '><h2>Biz Kimiz?<\/h2><\/div><div class='dt-sc-tabs-horizontal-container dt-simple-with-strike-line alter' data-effect='fade'><ul class='dt-sc-tabs-horizontal'><li><a href=\"javascript:void(0);\">\u0130\u015flerimiz<\/a><\/li><li><a href=\"javascript:void(0);\">Profesyonel Ekibimiz<\/a><\/li><li><a href=\"javascript:void(0);\">M\u00fc\u015fteri Memnuniyeti<\/a><\/li><\/ul><div class='dt-sc-tabs-horizontal-content'>[vc_row_inner][vc_column_inner][vc_custom_heading text=&#8221;PC, Web, XR ve Mobil platformlarda uzmanla\u015fm\u0131\u015f bir oyun geli\u015ftirme st\u00fcdyosuyuz. Kendi orijinal oyunlar\u0131m\u0131z\u0131 yaratman\u0131n yan\u0131 s\u0131ra, projelerde i\u015f ortakl\u0131\u011f\u0131 yap\u0131yoruz.&#8221; font_container=&#8221;tag:p|text_align:left&#8221; use_theme_fonts=&#8221;yes&#8221; css=&#8221;&#8221;]<div id=\"1524581188618-708712d3-35a9\" class=\"dt-sc-empty-space\"><\/div>[vc_custom_heading text=&#8221;\u015eu anda merkez ofisimiz Hacettepe Teknokent&#8217;te bulunuyor ve \u00f6ncelikli olarak uzaktan \u00e7al\u0131\u015fma modeli ile faaliyet g\u00f6steriyoruz.&#8221; font_container=&#8221;tag:p|text_align:left&#8221; use_theme_fonts=&#8221;yes&#8221; css=&#8221;&#8221;]<div id=\"1524579798119-005b1729-1d4b\" class=\"dt-sc-empty-space\"><\/div>[\/vc_column_inner][\/vc_row_inner]<\/div><div class='dt-sc-tabs-horizontal-content'>[vc_row_inner][vc_column_inner][vc_custom_heading text=&#8221;Redellion&#8217;da oyun, XR, web ve yapay zeka alanlar\u0131nda yenilikler yap\u0131yoruz. \u0130nsanlar\u0131 bir araya getiriyor, yarat\u0131c\u0131l\u0131\u011f\u0131 te\u015fvik ediyor ve fikirleri ba\u015far\u0131l\u0131 giri\u015fimlere d\u00f6n\u00fc\u015ft\u00fcrmek i\u00e7in d\u00fcr\u00fcstl\u00fck ve \u00f6zveriyle \u00e7al\u0131\u015f\u0131yoruz. \u0130lerlemenin \u00f6nc\u00fcs\u00fc olarak kal\u0131c\u0131 bir etki b\u0131rak\u0131yoruz.&#8221; font_container=&#8221;tag:p|text_align:left&#8221; use_theme_fonts=&#8221;yes&#8221; css=&#8221;&#8221;][\/vc_column_inner][\/vc_row_inner]<\/div><div class='dt-sc-tabs-horizontal-content'>[vc_row_inner][vc_column_inner][vc_custom_heading text=&#8221;Vizyonumuz yeni fikirler ve giri\u015fimcilik i\u00e7in bir kulu\u00e7ka makinesi olmakt\u0131r. Yenili\u011fi te\u015fvik ediyor, yarat\u0131c\u0131 \u00e7\u00f6z\u00fcmler \u00fcretiyor ve vizyon sahibi projelerin b\u00fcy\u00fcmesini destekliyoruz.&#8221; font_container=&#8221;tag:p|text_align:left&#8221; use_theme_fonts=&#8221;yes&#8221; css=&#8221;&#8221;][\/vc_column_inner][\/vc_row_inner]<\/div><\/div><a href='https:\/\/zerohint.com\/tr\/contact\/' target='_self' title='Contact' class='dt-sc-button   xlarge icon-right with-icon  filled rounded-corner  ' > \u0130LET\u0130\u015e\u0130ME GE\u00c7 <span class='fa fa-long-arrow-right'> <\/span><\/a>[vc_row_inner disable_element=&#8221;yes&#8221; el_class=&#8221;dt-custom-icon-links&#8221;][vc_column_inner]<div class='text-with-icon '><span class='icon icon-linked'> <\/span><a title='About Us' target='_blank' href='#'>About Us<\/a><\/div><div class='text-with-icon '><span class='icon icon-linked'> <\/span><a title='Mission' target='_blank' href='#'>Mission<\/a><\/div><div class='text-with-icon '><span class='icon icon-linked'> <\/span><a title='Vision' target='_blank' href='#'>Vision<\/a><\/div>[\/vc_column_inner][\/vc_row_inner][\/vc_column][vc_column]<div id=\"1524578174246-4bcd6bde-0d4f\" class=\"dt-sc-empty-space\"><\/div>[\/vc_column][\/vc_row][vc_row full_width=&#8221;stretch_row&#8221; bg_type=&#8221;image&#8221; parallax_style=&#8221;vcpb-default&#8221; bg_image_new=&#8221;id^19010|url^https:\/\/zerohint.com\/tr\/wp-content\/uploads\/sites\/6\/2018\/06\/gunsbytes-banner-scaled.jpeg|caption^null|alt^null|title^gunsbytes-banner|description^null&#8221; bg_image_repeat=&#8221;no-repeat&#8221; bg_img_attach=&#8221;fixed&#8221; css=&#8221;.vc_custom_1724684256585{background-color: #f7f7f7 !important;}&#8221; text_color=&#8221;#eaeaea&#8221; el_class=&#8221;dt-sc-dark-bg&#8221;][vc_column]<div id=\"1524306802384-a18a3803-ea5e\" class=\"dt-sc-empty-space\"><\/div><div class='dt-sc-title with-two-border aligncenter'><h2>Say\u0131larla Biz<\/h2><\/div>[vc_custom_heading text=&#8221;Let\u2019s Start Your Project Now!&#8221; font_container=&#8221;tag:p|text_align:center&#8221; use_theme_fonts=&#8221;yes&#8221; css=&#8221;&#8221;]<div id=\"1524306825483-3585bde0-21c9\" class=\"dt-sc-empty-space\"><\/div>[vc_row_inner][vc_column_inner el_class=&#8221;rs_col-sm-6&#8243; width=&#8221;1\/4&#8243; offset=&#8221;vc_col-lg-3 vc_col-md-6&#8243;]<div class='dt-sc-counter type1  no-border-without-icon aligncenter'><div class='dt-sc-couter-icon-holder'><div class='icon-wrapper'><span class='fa fa-clock'> <\/span><\/div><div class='dt-sc-counter-number' data-value='12' >12<\/div><\/div><h4>Mutlu M\u00fc\u015fteri<\/h4><\/div>[\/vc_column_inner][vc_column_inner el_class=&#8221;rs_col-sm-6&#8243; width=&#8221;1\/4&#8243; offset=&#8221;vc_col-lg-3 vc_col-md-6&#8243;]<div class='dt-sc-counter type1  no-border-without-icon aligncenter'><div class='dt-sc-couter-icon-holder'><div class='dt-sc-counter-number' data-value='28' >28<\/div><\/div><h4>Tamamlanm\u0131\u015f Proje<\/h4><\/div>[\/vc_column_inner][vc_column_inner el_class=&#8221;rs_col-sm-6&#8243; width=&#8221;1\/4&#8243; offset=&#8221;vc_col-lg-3 vc_col-md-6&#8243;]<div class='dt-sc-counter type1  no-border-without-icon aligncenter'><div class='dt-sc-couter-icon-holder'><div class='dt-sc-counter-number' data-value='20' >20<\/div><\/div><h4>Uluslararas\u0131 Ortak<\/h4><\/div>[\/vc_column_inner][vc_column_inner el_class=&#8221;rs_col-sm-6&#8243; width=&#8221;1\/4&#8243; offset=&#8221;vc_col-lg-3 vc_col-md-6&#8243;]<div class='dt-sc-counter type1  no-border-without-icon aligncenter'><div class='dt-sc-couter-icon-holder'><div class='dt-sc-counter-number' data-value='10' >10<\/div><\/div><h4>Ekip \u00dcyemiz<\/h4><\/div>[\/vc_column_inner][\/vc_row_inner]<div id=\"1524306996668-0e294fa4-dbc6\" class=\"dt-sc-empty-space\"><\/div>[\/vc_column][\/vc_row]<\/p>\n<\/div>","protected":false},"excerpt":{"rendered":"<p>[vc_row full_width=&#8221;stretch_row&#8221; bg_type=&#8221;image&#8221; parallax_style=&#8221;vcpb-default&#8221; bg_image_new=&#8221;id^18795|url^https:\/\/zerohint.com\/tr\/wp-content\/uploads\/sites\/6\/2024\/08\/office.jpeg|caption^null|alt^null|title^office|description^null&#8221; bg_image_repeat=&#8221;no-repeat&#8221; bg_image_posiiton=&#8221;right center&#8221; el_class=&#8221;gradient-bg-to-right-60&#8243; css=&#8221;.vc_custom_1724683635423{background-color: #f5f5f5 !important;}&#8221;][vc_column][vc_row_inner][vc_column_inner width=&#8221;1\/2&#8243;][vc_custom_heading text=&#8221;2022&#8217;den beri ZeroHint, yenilik\u00e7i teknoloji ve oyun \u00e7\u00f6z\u00fcmleri sunuyor. PC, web, XR, mobil ve \u00e7ok oyunculu oyunlar konusundaki uzmanl\u0131\u011f\u0131m\u0131zla sekt\u00f6rde \u00f6nc\u00fcy\u00fcz. Global bir oyun geli\u015ftirme orta\u011f\u0131 olarak, oyunlar ve sim\u00fclasyonlar olu\u015fturma konusunda \u00f6zelle\u015ftirilmi\u015f \u00e7\u00f6z\u00fcmler sunuyoruz.&#8221; font_container=&#8221;tag:p|text_align:left|color:%232b2b2b&#8221; use_theme_fonts=&#8221;yes&#8221; css=&#8221;&#8221;][\/vc_column_inner][vc_column_inner width=&#8221;1\/2&#8243; offset=&#8221;vc_hidden-xs&#8221;][\/vc_column_inner][\/vc_row_inner][\/vc_column][\/vc_row][vc_row][vc_column][\/vc_column][vc_column width=&#8221;1\/2&#8243; el_class=&#8221;rs_col-sm-12&#8243; [&hellip;]<\/p>\n","protected":false},"author":1,"featured_media":0,"parent":0,"menu_order":1,"comment_status":"closed","ping_status":"closed","template":"","meta":{"inline_featured_image":false,"_monsterinsights_skip_tracking":false,"_monsterinsights_sitenote_active":false,"_monsterinsights_sitenote_note":"","_monsterinsights_sitenote_category":0,"footnotes":""},"class_list":["post-7603","page","type-page","status-publish","hentry"],"_links":{"self":[{"href":"https:\/\/zerohint.com\/tr\/wp-json\/wp\/v2\/pages\/7603","targetHints":{"allow":["GET"]}}],"collection":[{"href":"https:\/\/zerohint.com\/tr\/wp-json\/wp\/v2\/pages"}],"about":[{"href":"https:\/\/zerohint.com\/tr\/wp-json\/wp\/v2\/types\/page"}],"author":[{"embeddable":true,"href":"https:\/\/zerohint.com\/tr\/wp-json\/wp\/v2\/users\/1"}],"replies":[{"embeddable":true,"href":"https:\/\/zerohint.com\/tr\/wp-json\/wp\/v2\/comments?post=7603"}],"version-history":[{"count":2,"href":"https:\/\/zerohint.com\/tr\/wp-json\/wp\/v2\/pages\/7603\/revisions"}],"predecessor-version":[{"id":19381,"href":"https:\/\/zerohint.com\/tr\/wp-json\/wp\/v2\/pages\/7603\/revisions\/19381"}],"wp:attachment":[{"href":"https:\/\/zerohint.com\/tr\/wp-json\/wp\/v2\/media?parent=7603"}],"curies":[{"name":"wp","href":"https:\/\/api.w.org\/{rel}","templated":true}]}}