{"id":7686,"date":"2024-04-02T06:26:42","date_gmt":"2024-04-02T03:26:42","guid":{"rendered":"http:\/\/wpresources.vedicthemes.com\/?page_id=7686"},"modified":"2025-01-13T14:12:33","modified_gmt":"2025-01-13T11:12:33","slug":"iletisim","status":"publish","type":"page","link":"https:\/\/zerohint.com\/tr\/iletisim\/","title":{"rendered":"\u0130leti\u015fim"},"content":{"rendered":"<div class=\"wpb-content-wrapper\"><p>[vc_section css=&#8221;.vc_custom_1724682536004{margin-top: 40px !important;}&#8221;][vc_row][vc_column]<div class='dt-sc-title with-two-border aligncenter'><h2>\u0130leti\u015fim<\/h2><\/div>[\/vc_column][\/vc_row][vc_row][vc_column]<div id=\"1513668394048-967b778c-6203\" class=\"dt-sc-empty-space\"><\/div>[\/vc_column][vc_column width=&#8221;2\/3&#8243;][vc_gmaps link=&#8221;#E-8_JTNDaWZyYW1lJTIwc3JjJTNEJTIyaHR0cHMlM0ElMkYlMkZ3d3cuZ29vZ2xlLmNvbSUyRm1hcHMlMkZlbWJlZCUzRnBiJTNEJTIxMW0xOCUyMTFtMTIlMjExbTMlMjExZDMwNjAuMzAxMDY0NDI4NDczJTIxMmQzMi43OTYxOTI2MDAwMDAwMDUlMjEzZDM5LjkxMjI3ODMlMjEybTMlMjExZjAlMjEyZjAlMjEzZjAlMjEzbTIlMjExaTEwMjQlMjEyaTc2OCUyMTRmMTMuMSUyMTNtMyUyMTFtMiUyMTFzMHgxNGQzM2YwZTY2ZWExYjI5JTI1M0EweDNjYzNhNzZhOTE3MzI2MmUlMjEyc1JlZGVsbGlvbiUyMTVlMCUyMTNtMiUyMTFzZW4lMjEyc3RyJTIxNHYxNzI1OTYwNDMxMTkwJTIxNW0yJTIxMXNlbiUyMTJzdHIlMjIlMjB3aWR0aCUzRCUyMjYwMCUyMiUyMGhlaWdodCUzRCUyMjQ1MCUyMiUyMHN0eWxlJTNEJTIyYm9yZGVyJTNBMCUzQiUyMiUyMGFsbG93ZnVsbHNjcmVlbiUzRCUyMiUyMiUyMGxvYWRpbmclM0QlMjJsYXp5JTIyJTIwcmVmZXJyZXJwb2xpY3klM0QlMjJuby1yZWZlcnJlci13aGVuLWRvd25ncmFkZSUyMiUzRSUzQyUyRmlmcmFtZSUzRQ==&#8221; css=&#8221;&#8221;][\/vc_column][vc_column width=&#8221;1\/3&#8243;]<div class='dt-sc-title script-with-sub-title '><h2>\u0130leti\u015fime Ge\u00e7in!<\/h2><h3><\/h3><\/div><div class='dt-sc-contact-info  '><span class='pe-icon pe-call'> <\/span><strong>Tel:<\/strong> <a href=\"tel:+90312850611\" target=\"_blank\" rel=\"noopener\">+90 312 985 0611<\/a> <br> <strong>Fax: <\/strong>+90 312 220 5509<\/div><div class='dt-sc-single-line-dashed-separator '><\/div><div class='dt-sc-contact-info  '><span class='pe-icon pe-mail'> <\/span><strong>Mail:<\/strong> <a href=\"mailto:hi@zerohint.com\">hi@zerohint.com<\/a><\/div><div class='dt-sc-single-line-dashed-separator '><\/div><div class='dt-sc-contact-info  '><span class='pe-icon pe-map-marker'> <\/span><ul>\n<li>S\u00f6\u011f\u00fct\u00f6z\u00fc, 2177. Cad. Via Twins Plaza No:10\/B K:20 D:135, 06800 \u00c7ankaya\/Ankara\/Turkiye<\/li>\n<\/ul><\/div><div class='dt-sc-single-line-dashed-separator '><\/div><div class='dt-sc-contact-info  type1'><span class='icon icon-book'> <\/span><a href=\"https:\/\/calendly.com\/zerohint\/30min\" target=\"_blank\" rel=\"noopener\">Google Meet Ayarlay\u0131n<\/a><\/div>[\/vc_column][\/vc_row][vc_row][vc_column]<div id=\"1525098203289-2f9961f8-efc7\" class=\"dt-sc-empty-space\"><\/div>[\/vc_column][\/vc_row][\/vc_section][vc_row css=&#8221;.vc_custom_1724683421238{margin-bottom: 25px !important;}&#8221;][vc_column]<ul class='dt-sc-sociables rounded-border '><li><a class=\"fa fa-facebook\" target=\"_blank\" href=\"https:\/\/www.facebook.com\/zerohintcom\" rel=\"noopener\"><\/a><\/li><li><a class=\"fa fa-instagram\" target=\"_blank\" href=\"https:\/\/www.instagram.com\/zerohintcom\/\" rel=\"noopener\"><\/a><\/li><li><a class=\"fa fa-linkedin\" target=\"_blank\" href=\"https:\/\/www.linkedin.com\/company\/zerohint\" rel=\"noopener\"><\/a><\/li><li><a class=\"fa fa-twitter\" target=\"_blank\" href=\"https:\/\/x.com\/zerohintcom\"><\/a><\/li><li><a class=\"fa fa-youtube\" target=\"_blank\" href=\"https:\/\/www.youtube.com\/@zerohintyoutube\" rel=\"noopener\"><\/a><\/li><\/ul>[\/vc_column][\/vc_row]<\/p>\n<\/div>","protected":false},"excerpt":{"rendered":"<p>[vc_section css=&#8221;.vc_custom_1724682536004{margin-top: 40px !important;}&#8221;][vc_row][vc_column][\/vc_column][\/vc_row][vc_row][vc_column][\/vc_column][vc_column width=&#8221;2\/3&#8243;][vc_gmaps link=&#8221;#E-8_JTNDaWZyYW1lJTIwc3JjJTNEJTIyaHR0cHMlM0ElMkYlMkZ3d3cuZ29vZ2xlLmNvbSUyRm1hcHMlMkZlbWJlZCUzRnBiJTNEJTIxMW0xOCUyMTFtMTIlMjExbTMlMjExZDMwNjAuMzAxMDY0NDI4NDczJTIxMmQzMi43OTYxOTI2MDAwMDAwMDUlMjEzZDM5LjkxMjI3ODMlMjEybTMlMjExZjAlMjEyZjAlMjEzZjAlMjEzbTIlMjExaTEwMjQlMjEyaTc2OCUyMTRmMTMuMSUyMTNtMyUyMTFtMiUyMTFzMHgxNGQzM2YwZTY2ZWExYjI5JTI1M0EweDNjYzNhNzZhOTE3MzI2MmUlMjEyc1JlZGVsbGlvbiUyMTVlMCUyMTNtMiUyMTFzZW4lMjEyc3RyJTIxNHYxNzI1OTYwNDMxMTkwJTIxNW0yJTIxMXNlbiUyMTJzdHIlMjIlMjB3aWR0aCUzRCUyMjYwMCUyMiUyMGhlaWdodCUzRCUyMjQ1MCUyMiUyMHN0eWxlJTNEJTIyYm9yZGVyJTNBMCUzQiUyMiUyMGFsbG93ZnVsbHNjcmVlbiUzRCUyMiUyMiUyMGxvYWRpbmclM0QlMjJsYXp5JTIyJTIwcmVmZXJyZXJwb2xpY3klM0QlMjJuby1yZWZlcnJlci13aGVuLWRvd25ncmFkZSUyMiUzRSUzQyUyRmlmcmFtZSUzRQ==&#8221; css=&#8221;&#8221;][\/vc_column][vc_column width=&#8221;1\/3&#8243;][\/vc_column][\/vc_row][vc_row][vc_column][\/vc_column][\/vc_row][\/vc_section][vc_row css=&#8221;.vc_custom_1724683421238{margin-bottom: 25px !important;}&#8221;][vc_column][\/vc_column][\/vc_row]<\/p>\n","protected":false},"author":1,"featured_media":0,"parent":0,"menu_order":3,"comment_status":"closed","ping_status":"closed","template":"","meta":{"inline_featured_image":false,"_monsterinsights_skip_tracking":false,"_monsterinsights_sitenote_active":false,"_monsterinsights_sitenote_note":"","_monsterinsights_sitenote_category":0,"footnotes":""},"class_list":["post-7686","page","type-page","status-publish","hentry"],"_links":{"self":[{"href":"https:\/\/zerohint.com\/tr\/wp-json\/wp\/v2\/pages\/7686","targetHints":{"allow":["GET"]}}],"collection":[{"href":"https:\/\/zerohint.com\/tr\/wp-json\/wp\/v2\/pages"}],"about":[{"href":"https:\/\/zerohint.com\/tr\/wp-json\/wp\/v2\/types\/page"}],"author":[{"embeddable":true,"href":"https:\/\/zerohint.com\/tr\/wp-json\/wp\/v2\/users\/1"}],"replies":[{"embeddable":true,"href":"https:\/\/zerohint.com\/tr\/wp-json\/wp\/v2\/comments?post=7686"}],"version-history":[{"count":4,"href":"https:\/\/zerohint.com\/tr\/wp-json\/wp\/v2\/pages\/7686\/revisions"}],"predecessor-version":[{"id":19435,"href":"https:\/\/zerohint.com\/tr\/wp-json\/wp\/v2\/pages\/7686\/revisions\/19435"}],"wp:attachment":[{"href":"https:\/\/zerohint.com\/tr\/wp-json\/wp\/v2\/media?parent=7686"}],"curies":[{"name":"wp","href":"https:\/\/api.w.org\/{rel}","templated":true}]}}